{"id":4856,"date":"2025-08-15T18:05:21","date_gmt":"2025-08-15T15:05:21","guid":{"rendered":"https:\/\/marsanakguclaw.com\/tr\/?page_id=4856"},"modified":"2025-08-22T12:06:02","modified_gmt":"2025-08-22T09:06:02","slug":"ticari-sozlesmeler","status":"publish","type":"page","link":"https:\/\/marsanakguclaw.com\/tr\/ticari-sozlesmeler\/","title":{"rendered":"Ticari S\u00f6zle\u015fmeler"},"content":{"rendered":"\n<h3 class=\"wp-block-heading\">Ba\u015far\u0131l\u0131 \u0130\u015fletmeler \u0130\u00e7in Etkili S\u00f6zle\u015fmeler ve Marsan Akguc Law Firm\u2019\u00fcn Uzmanl\u0131\u011f\u0131<\/h3>\n\n\n\n<p>Modern i\u015f d\u00fcnyas\u0131n\u0131n s\u00fcrekli de\u011fi\u015fen ve yo\u011fun rekabet ortam\u0131nda, i\u015fletmelerin ba\u015far\u0131s\u0131 sadece yenilik\u00e7i fikirlerle de\u011fil, ayn\u0131 zamanda sa\u011flam hukuki temellerle desteklenir.&nbsp;<strong>Titizlikle ve stratejik \u015fekilde haz\u0131rlanan s\u00f6zle\u015fmeler<\/strong>, i\u015finizin gelece\u011fini g\u00fcvence alt\u0131na al\u0131rken, olas\u0131 anla\u015fmazl\u0131k ve risklere kar\u015f\u0131 da en g\u00fc\u00e7l\u00fc korumay\u0131 sa\u011flar.<\/p>\n\n\n\n<p><strong>Marsan Akguc Law Firm<\/strong>&nbsp;i\u015fletmenizin ihtiya\u00e7lar\u0131na ve hedeflerine uygun, profesyonel ve kapsaml\u0131 s\u00f6zle\u015fmeler haz\u0131rlama konusunda uzman ekibimizle yan\u0131n\u0131zday\u0131z. Hukuki s\u00fcre\u00e7lerin karma\u015f\u0131kl\u0131\u011f\u0131n\u0131 sizin i\u00e7in y\u00f6neterek, i\u015finize odaklanman\u0131z\u0131 ve b\u00fcy\u00fcme yolunda emin ad\u0131mlarla ilerlemenizi sa\u011fl\u0131yoruz.<\/p>\n\n\n\n<h3 class=\"wp-block-heading\">Hizmet Alanlar\u0131m\u0131z<\/h3>\n\n\n\n<p>M\u00fc\u015fterilerimize geni\u015f bir yelpazede s\u00f6zle\u015fme haz\u0131rlama ve dan\u0131\u015fmanl\u0131k hizmetleri sunmaktay\u0131z:<\/p>\n\n\n\n<ul class=\"wp-block-list\">\n<li>Fikri M\u00fclkiyet ve Lisans Anla\u015fmalar\u0131<\/li>\n\n\n\n<li>Gizlilik ve Gizli Kalma S\u00f6zle\u015fmeleri<\/li>\n\n\n\n<li>Ortakl\u0131k ve Hissedar S\u00f6zle\u015fmeleri<\/li>\n\n\n\n<li>Sat\u0131n Alma ve Sat\u0131\u015f S\u00f6zle\u015fmeleri<\/li>\n\n\n\n<li>\u0130stihdam ve Ba\u011f\u0131ms\u0131z Y\u00fcklenici Anla\u015fmalar\u0131<\/li>\n\n\n\n<li>\u00c7al\u0131\u015fan Teklif Mektuplar\u0131<\/li>\n\n\n\n<li>Kredi ve Finansman Anla\u015fmalar\u0131<\/li>\n\n\n\n<li>Kira ve Gayrimenkul S\u00f6zle\u015fmeleri<\/li>\n\n\n\n<li>Ortak Giri\u015fim Anla\u015fmalar\u0131<\/li>\n\n\n\n<li>Franchise ve Bayilik S\u00f6zle\u015fmeleri<\/li>\n\n\n\n<li>Tedarik ve Tedarik\u00e7i Anla\u015fmalar\u0131<\/li>\n\n\n\n<li>Kurucu Ortakl\u0131k S\u00f6zle\u015fmeleri<\/li>\n\n\n\n<li>Dan\u0131\u015fmanl\u0131k ve Hizmet Anla\u015fmalar\u0131<\/li>\n\n\n\n<li>Yaz\u0131l\u0131m Hizmeti Olarak S\u00f6zle\u015fmeler (SaaS) ve Ana Hizmet Anla\u015fmalar\u0131<\/li>\n<\/ul>\n\n\n\n<h3 class=\"wp-block-heading\">Marsan Akguc Law Firm\u2019\u00fc Farkl\u0131 K\u0131lan Nedir?<\/h3>\n\n\n\n<h4 class=\"wp-block-heading\">Uzman ve Deneyimli Avukatlar<\/h4>\n\n\n\n<p>Ekibimiz, i\u015fletme hukuku ve s\u00f6zle\u015fmeler alan\u0131nda derin bilgi birikimine sahip, deneyimli avukatlardan olu\u015fmaktad\u0131r. Sekt\u00f6r\u00fcn\u00fcz\u00fcn dinamiklerini ve ihtiya\u00e7lar\u0131n\u0131 anlayarak, size en uygun hukuki \u00e7\u00f6z\u00fcmleri sunuyoruz.<\/p>\n\n\n\n<h4 class=\"wp-block-heading\">Ki\u015fiye \u00d6zel ve Stratejik \u00c7\u00f6z\u00fcmler<\/h4>\n\n\n\n<p>Her i\u015fletmenin kendine \u00f6zg\u00fc yap\u0131s\u0131 ve gereksinimleri vard\u0131r. Bu bilin\u00e7le hareket ederek, i\u015fletmenizin hedeflerine ve risk profiline uygun, ki\u015fiselle\u015ftirilmi\u015f s\u00f6zle\u015fmeler haz\u0131rl\u0131yoruz. Amac\u0131m\u0131z, hem sizin \u00e7\u0131karlar\u0131n\u0131z\u0131 korumak hem de kar\u015f\u0131 tarafla dengeli ve adil anla\u015fmalar olu\u015fturmak.<\/p>\n\n\n\n<h4 class=\"wp-block-heading\">Maksimum Koruma ve Gelece\u011fe Y\u00f6nelik Planlama<\/h4>\n\n\n\n<p>\u0130\u015f d\u00fcnyas\u0131n\u0131n belirsizliklerle dolu do\u011fas\u0131nda, proaktif bir yakla\u015f\u0131m benimsemek esast\u0131r. Olas\u0131 riskleri \u00f6nceden tespit ederek, i\u015fletmenizin gelece\u011fini g\u00fcvence alt\u0131na alacak stratejiler geli\u015ftiriyoruz. B\u00f6ylece, beklenmedik sorunlarla kar\u015f\u0131la\u015fma olas\u0131l\u0131\u011f\u0131n\u0131z\u0131 en aza indiriyoruz.<\/p>\n\n\n\n<h4 class=\"wp-block-heading\">\u0130\u015fletmenizin Ba\u015far\u0131s\u0131 \u0130\u00e7in Do\u011fru Ad\u0131mlar At\u0131n<\/h4>\n\n\n\n<p>Do\u011fru haz\u0131rlanm\u0131\u015f ve etkili s\u00f6zle\u015fmeler, i\u015fletmenizin s\u00fcrd\u00fcr\u00fclebilir ba\u015far\u0131s\u0131nda kilit rol oynar.&nbsp;<strong>Marsan Akguc Law Firm<\/strong>&nbsp;olarak, hukuki s\u00fcre\u00e7lerinizi profesyonelce y\u00f6neterek, sizin as\u0131l i\u015finize odaklanman\u0131z\u0131 sa\u011fl\u0131yoruz. Uzman ekibimizle, i\u015f ili\u015fkilerinizde g\u00fcven ve istikrar\u0131 yakalaman\u0131za yard\u0131mc\u0131 oluyoruz.<\/p>\n","protected":false},"excerpt":{"rendered":"<p>Ba\u015far\u0131l\u0131 \u0130\u015fletmeler \u0130\u00e7in Etkili S\u00f6zle\u015fmeler ve Marsan Akguc Law Firm\u2019\u00fcn Uzmanl\u0131\u011f\u0131 Modern i\u015f d\u00fcnyas\u0131n\u0131n s\u00fcrekli de\u011fi\u015fen ve yo\u011fun rekabet ortam\u0131nda, i\u015fletmelerin ba\u015far\u0131s\u0131 sadece yenilik\u00e7i fikirlerle de\u011fil, ayn\u0131 zamanda sa\u011flam hukuki temellerle desteklenir.&nbsp;Titizlikle ve stratejik \u015fekilde haz\u0131rlanan s\u00f6zle\u015fmeler, i\u015finizin gelece\u011fini g\u00fcvence alt\u0131na al\u0131rken, olas\u0131 anla\u015fmazl\u0131k ve risklere kar\u015f\u0131 da en g\u00fc\u00e7l\u00fc korumay\u0131 sa\u011flar. Marsan Akguc Law [&hellip;]<\/p>\n","protected":false},"author":2,"featured_media":5534,"parent":0,"menu_order":0,"comment_status":"closed","ping_status":"closed","template":"","meta":{"footnotes":""},"class_list":["post-4856","page","type-page","status-publish","has-post-thumbnail","hentry"],"_links":{"self":[{"href":"https:\/\/marsanakguclaw.com\/tr\/wp-json\/wp\/v2\/pages\/4856","targetHints":{"allow":["GET"]}}],"collection":[{"href":"https:\/\/marsanakguclaw.com\/tr\/wp-json\/wp\/v2\/pages"}],"about":[{"href":"https:\/\/marsanakguclaw.com\/tr\/wp-json\/wp\/v2\/types\/page"}],"author":[{"embeddable":true,"href":"https:\/\/marsanakguclaw.com\/tr\/wp-json\/wp\/v2\/users\/2"}],"replies":[{"embeddable":true,"href":"https:\/\/marsanakguclaw.com\/tr\/wp-json\/wp\/v2\/comments?post=4856"}],"version-history":[{"count":1,"href":"https:\/\/marsanakguclaw.com\/tr\/wp-json\/wp\/v2\/pages\/4856\/revisions"}],"predecessor-version":[{"id":4863,"href":"https:\/\/marsanakguclaw.com\/tr\/wp-json\/wp\/v2\/pages\/4856\/revisions\/4863"}],"wp:featuredmedia":[{"embeddable":true,"href":"https:\/\/marsanakguclaw.com\/tr\/wp-json\/wp\/v2\/media\/5534"}],"wp:attachment":[{"href":"https:\/\/marsanakguclaw.com\/tr\/wp-json\/wp\/v2\/media?parent=4856"}],"curies":[{"name":"wp","href":"https:\/\/api.w.org\/{rel}","templated":true}]}}