{"id":4874,"date":"2025-08-15T18:20:17","date_gmt":"2025-08-15T15:20:17","guid":{"rendered":"https:\/\/marsanakguclaw.com\/tr\/?page_id=4874"},"modified":"2025-08-22T12:05:47","modified_gmt":"2025-08-22T09:05:47","slug":"randevu-al","status":"publish","type":"page","link":"https:\/\/marsanakguclaw.com\/tr\/randevu-al\/","title":{"rendered":"Randevu Al"},"content":{"rendered":"\n<h3 class=\"wp-block-heading has-text-align-center\">Hukuki Dan\u0131\u015fmanl\u0131k \u0130\u00e7in Hemen Randevu Al\u0131n!<\/h3>\n\n\n\n<iframe src=\"https:\/\/calendly.com\/marsanakguclaw?embed_domain=marsanakguclaw.com&amp;embed_type=Inline\" width=\"%100\" height=\"650\"><\/iframe>\n","protected":false},"excerpt":{"rendered":"<p>Hukuki Dan\u0131\u015fmanl\u0131k \u0130\u00e7in Hemen Randevu Al\u0131n!<\/p>\n","protected":false},"author":2,"featured_media":5534,"parent":0,"menu_order":0,"comment_status":"closed","ping_status":"closed","template":"","meta":{"footnotes":""},"class_list":["post-4874","page","type-page","status-publish","has-post-thumbnail","hentry"],"_links":{"self":[{"href":"https:\/\/marsanakguclaw.com\/tr\/wp-json\/wp\/v2\/pages\/4874","targetHints":{"allow":["GET"]}}],"collection":[{"href":"https:\/\/marsanakguclaw.com\/tr\/wp-json\/wp\/v2\/pages"}],"about":[{"href":"https:\/\/marsanakguclaw.com\/tr\/wp-json\/wp\/v2\/types\/page"}],"author":[{"embeddable":true,"href":"https:\/\/marsanakguclaw.com\/tr\/wp-json\/wp\/v2\/users\/2"}],"replies":[{"embeddable":true,"href":"https:\/\/marsanakguclaw.com\/tr\/wp-json\/wp\/v2\/comments?post=4874"}],"version-history":[{"count":2,"href":"https:\/\/marsanakguclaw.com\/tr\/wp-json\/wp\/v2\/pages\/4874\/revisions"}],"predecessor-version":[{"id":4882,"href":"https:\/\/marsanakguclaw.com\/tr\/wp-json\/wp\/v2\/pages\/4874\/revisions\/4882"}],"wp:featuredmedia":[{"embeddable":true,"href":"https:\/\/marsanakguclaw.com\/tr\/wp-json\/wp\/v2\/media\/5534"}],"wp:attachment":[{"href":"https:\/\/marsanakguclaw.com\/tr\/wp-json\/wp\/v2\/media?parent=4874"}],"curies":[{"name":"wp","href":"https:\/\/api.w.org\/{rel}","templated":true}]}}