{"id":4896,"date":"2025-08-16T01:51:56","date_gmt":"2025-08-15T22:51:56","guid":{"rendered":"https:\/\/marsanakguclaw.com\/tr\/?page_id=4896"},"modified":"2025-08-23T00:38:27","modified_gmt":"2025-08-22T21:38:27","slug":"ticaret-hukuku","status":"publish","type":"page","link":"https:\/\/marsanakguclaw.com\/tr\/ticaret-hukuku\/","title":{"rendered":"Ticaret Hukuku"},"content":{"rendered":"\t\t<div data-elementor-type=\"wp-page\" data-elementor-id=\"4896\" class=\"elementor elementor-4896\" data-elementor-post-type=\"page\">\n\t\t\t\t\t\t<section class=\"elementor-section elementor-top-section elementor-element elementor-element-ccd1f43 elementor-section-boxed elementor-section-height-default elementor-section-height-default\" data-id=\"ccd1f43\" data-element_type=\"section\" data-e-type=\"section\">\n\t\t\t\t\t\t<div class=\"elementor-container elementor-column-gap-default\">\n\t\t\t\t\t<div class=\"elementor-column elementor-col-100 elementor-top-column elementor-element elementor-element-a725994\" data-id=\"a725994\" data-element_type=\"column\" data-e-type=\"column\">\n\t\t\t<div class=\"elementor-widget-wrap elementor-element-populated\">\n\t\t\t\t\t\t<div class=\"elementor-element elementor-element-eb82c70 elementor-widget elementor-widget-heading\" data-id=\"eb82c70\" data-element_type=\"widget\" data-e-type=\"widget\" data-widget_type=\"heading.default\">\n\t\t\t\t\t<h1 class=\"elementor-heading-title elementor-size-default\">Amerika Ticaret Avukat\u0131 ve Ticaret Hukuku<\/h1>\t\t\t\t<\/div>\n\t\t\t\t<div class=\"elementor-element elementor-element-374e7af elementor-widget elementor-widget-breadcrumbs\" data-id=\"374e7af\" data-element_type=\"widget\" data-e-type=\"widget\" data-widget_type=\"breadcrumbs.default\">\n\t\t\t\t<div class=\"elementor-widget-container\">\n\t\t\t\t\t<span><span class=\"last\">Anasayfa<\/span><\/span>\t\t\t\t<\/div>\n\t\t\t\t<\/div>\n\t\t\t\t\t<\/div>\n\t\t<\/div>\n\t\t\t\t\t<\/div>\n\t\t<\/section>\n\t\t\t\t<section class=\"elementor-section elementor-top-section elementor-element elementor-element-96fc3a6 elementor-section-boxed elementor-section-height-default elementor-section-height-default\" data-id=\"96fc3a6\" data-element_type=\"section\" data-e-type=\"section\">\n\t\t\t\t\t\t<div class=\"elementor-container elementor-column-gap-default\">\n\t\t\t\t\t<div class=\"elementor-column elementor-col-100 elementor-top-column elementor-element elementor-element-e44e7dc\" data-id=\"e44e7dc\" data-element_type=\"column\" data-e-type=\"column\">\n\t\t\t<div class=\"elementor-widget-wrap elementor-element-populated\">\n\t\t\t\t\t\t<div class=\"elementor-element elementor-element-ff17171 elementor-widget elementor-widget-image\" data-id=\"ff17171\" data-element_type=\"widget\" data-e-type=\"widget\" data-widget_type=\"image.default\">\n\t\t\t\t\t\t\t\t\t\t\t\t\t\t\t<img fetchpriority=\"high\" decoding=\"async\" width=\"1600\" height=\"563\" src=\"https:\/\/marsanakguclaw.com\/tr\/wp-content\/uploads\/2025\/08\/Amerika-Ticaret-Avukati.jpg\" class=\"attachment-full size-full wp-image-4944\" alt=\"\" srcset=\"https:\/\/marsanakguclaw.com\/tr\/wp-content\/uploads\/2025\/08\/Amerika-Ticaret-Avukati.jpg 1600w, https:\/\/marsanakguclaw.com\/tr\/wp-content\/uploads\/2025\/08\/Amerika-Ticaret-Avukati-300x106.jpg 300w, https:\/\/marsanakguclaw.com\/tr\/wp-content\/uploads\/2025\/08\/Amerika-Ticaret-Avukati-1024x360.jpg 1024w, https:\/\/marsanakguclaw.com\/tr\/wp-content\/uploads\/2025\/08\/Amerika-Ticaret-Avukati-768x270.jpg 768w, https:\/\/marsanakguclaw.com\/tr\/wp-content\/uploads\/2025\/08\/Amerika-Ticaret-Avukati-1536x540.jpg 1536w\" sizes=\"(max-width: 1600px) 100vw, 1600px\" \/>\t\t\t\t\t\t\t\t\t\t\t\t\t\t\t<\/div>\n\t\t\t\t\t<\/div>\n\t\t<\/div>\n\t\t\t\t\t<\/div>\n\t\t<\/section>\n\t\t\t\t<section class=\"elementor-section elementor-top-section elementor-element elementor-element-1ee93ed elementor-section-boxed elementor-section-height-default elementor-section-height-default\" data-id=\"1ee93ed\" data-element_type=\"section\" data-e-type=\"section\">\n\t\t\t\t\t\t<div class=\"elementor-container elementor-column-gap-default\">\n\t\t\t\t\t<div class=\"elementor-column elementor-col-100 elementor-top-column elementor-element elementor-element-1a3bab3\" data-id=\"1a3bab3\" data-element_type=\"column\" data-e-type=\"column\">\n\t\t\t<div class=\"elementor-widget-wrap elementor-element-populated\">\n\t\t\t\t\t\t<div class=\"elementor-element elementor-element-1e154c3 elementor-widget elementor-widget-text-editor\" data-id=\"1e154c3\" data-element_type=\"widget\" data-e-type=\"widget\" data-widget_type=\"text-editor.default\">\n\t\t\t\t\t\t\t\t\t<p>Ticaret hukuku, <strong>i\u015fletmelerin, giri\u015fimcilerin ve yat\u0131r\u0131mc\u0131lar\u0131n ticari faaliyetlerini d\u00fczenleyen en \u00f6nemli hukuk dallar\u0131ndan biridir.<\/strong> \u00d6zellikle <strong>Amerika\u2019da ticaret hukuku<\/strong> kapsam\u0131ndaki yasal d\u00fczenlemeler, hem yerli hem de yabanc\u0131 giri\u015fimciler i\u00e7in belirleyici rol oynar. Bu noktada deneyimli bir <strong>Amerika ticaret avukat\u0131<\/strong> ile \u00e7al\u0131\u015fmak i\u015f kurma, s\u00f6zle\u015fme haz\u0131rlama, \u015firket birle\u015fme ve devralma, ticari uyu\u015fmazl\u0131k \u00e7\u00f6z\u00fcm\u00fc gibi s\u00fcre\u00e7lerde b\u00fcy\u00fck avantaj sa\u011flar.<\/p>\t\t\t\t\t\t\t\t<\/div>\n\t\t\t\t<div class=\"elementor-element elementor-element-18966bb elementor-widget elementor-widget-text-editor\" data-id=\"18966bb\" data-element_type=\"widget\" data-e-type=\"widget\" data-widget_type=\"text-editor.default\">\n\t\t\t\t\t\t\t\t\t<p><strong>Marsan Akguc Law<\/strong>\u00a0<strong>Amerika\u2019da ticaret hukuku<\/strong> alan\u0131nda geni\u015f kapsaml\u0131 hukuki dan\u0131\u015fmanl\u0131k sunmaktad\u0131r. Ticaret davalar\u0131ndan s\u00f6zle\u015fme m\u00fczakerelerine, \u015firket kurulu\u015f i\u015flemlerinden uluslararas\u0131 ticaret s\u00f6zle\u015fmelerine kadar uzanan geni\u015f bir hizmet yelpazemiz vard\u0131r. Amac\u0131m\u0131z, m\u00fcvekkillerimizin ticari haklar\u0131n\u0131 korumak, riskleri \u00f6nceden tespit etmek ve yasal s\u00fcre\u00e7leri en h\u0131zl\u0131 \u015fekilde y\u00f6netmektir.<\/p>\t\t\t\t\t\t\t\t<\/div>\n\t\t\t\t\t<\/div>\n\t\t<\/div>\n\t\t\t\t\t<\/div>\n\t\t<\/section>\n\t\t\t\t<section class=\"elementor-section elementor-top-section elementor-element elementor-element-a03e391 elementor-section-boxed elementor-section-height-default elementor-section-height-default\" data-id=\"a03e391\" data-element_type=\"section\" data-e-type=\"section\">\n\t\t\t\t\t\t<div class=\"elementor-container elementor-column-gap-default\">\n\t\t\t\t\t<div class=\"elementor-column elementor-col-100 elementor-top-column elementor-element elementor-element-2cd3a17\" data-id=\"2cd3a17\" data-element_type=\"column\" data-e-type=\"column\" data-settings=\"{&quot;background_background&quot;:&quot;classic&quot;}\">\n\t\t\t<div class=\"elementor-widget-wrap elementor-element-populated\">\n\t\t\t\t\t\t<div class=\"elementor-element elementor-element-a45b1e5 elementor-widget elementor-widget-heading\" data-id=\"a45b1e5\" data-element_type=\"widget\" data-e-type=\"widget\" data-widget_type=\"heading.default\">\n\t\t\t\t\t<h2 class=\"elementor-heading-title elementor-size-default\">Amerika Ticaret Hukuku Kapsam\u0131nda Verdi\u011fimiz Hizmetler<\/h2>\t\t\t\t<\/div>\n\t\t\t\t\t<\/div>\n\t\t<\/div>\n\t\t\t\t\t<\/div>\n\t\t<\/section>\n\t\t\t\t<section class=\"elementor-section elementor-top-section elementor-element elementor-element-1c3819e elementor-section-boxed elementor-section-height-default elementor-section-height-default\" data-id=\"1c3819e\" data-element_type=\"section\" data-e-type=\"section\">\n\t\t\t\t\t\t<div class=\"elementor-container elementor-column-gap-default\">\n\t\t\t\t\t<div class=\"elementor-column elementor-col-100 elementor-top-column elementor-element elementor-element-a64ebde\" data-id=\"a64ebde\" data-element_type=\"column\" data-e-type=\"column\">\n\t\t\t<div class=\"elementor-widget-wrap elementor-element-populated\">\n\t\t\t\t\t\t<div class=\"elementor-element elementor-element-fa66148 elementor-widget elementor-widget-text-editor\" data-id=\"fa66148\" data-element_type=\"widget\" data-e-type=\"widget\" data-widget_type=\"text-editor.default\">\n\t\t\t\t\t\t\t\t\t<ul><li><strong>\u015eirket Kurulu\u015fu ve Tescil \u0130\u015flemleri<\/strong> \u2013 Amerika\u2019da \u015firket kurma, tescil ve lisans s\u00fcre\u00e7lerinin y\u00f6netilmesi.<\/li><li><strong>Ticari S\u00f6zle\u015fmelerin Haz\u0131rlanmas\u0131 ve \u0130ncelenmesi<\/strong> \u2013 Uluslararas\u0131 standartlarda, yasal g\u00fcvence sa\u011flayan s\u00f6zle\u015fme taslaklar\u0131.<\/li><li><strong>\u015eirket Birle\u015fme ve Devralma (M&amp;A)<\/strong> \u2013 Yat\u0131r\u0131m s\u00fcre\u00e7leri ve \u015firket birle\u015fmelerine y\u00f6nelik hukuki dan\u0131\u015fmanl\u0131k.<\/li><li><strong>Ticari Uyu\u015fmazl\u0131klar\u0131n \u00c7\u00f6z\u00fcm\u00fc<\/strong> \u2013 Mahkeme ve tahkim s\u00fcre\u00e7lerinde m\u00fcvekkil temsil hizmetleri.<\/li><li><strong>Uluslararas\u0131 Ticaret ve \u0130hracat Hukuku<\/strong> \u2013 Amerika ile yap\u0131lan ticarette g\u00fcmr\u00fck, vergi ve lisans prosed\u00fcrlerinin y\u00f6netilmesi.<\/li><\/ul>\t\t\t\t\t\t\t\t<\/div>\n\t\t\t\t\t<\/div>\n\t\t<\/div>\n\t\t\t\t\t<\/div>\n\t\t<\/section>\n\t\t\t\t<section class=\"elementor-section elementor-top-section elementor-element elementor-element-cbf4448 elementor-section-boxed elementor-section-height-default elementor-section-height-default\" data-id=\"cbf4448\" data-element_type=\"section\" data-e-type=\"section\">\n\t\t\t\t\t\t<div class=\"elementor-container elementor-column-gap-default\">\n\t\t\t\t\t<div class=\"elementor-column elementor-col-50 elementor-top-column elementor-element elementor-element-a634be3\" data-id=\"a634be3\" data-element_type=\"column\" data-e-type=\"column\" data-settings=\"{&quot;background_background&quot;:&quot;classic&quot;}\">\n\t\t\t<div class=\"elementor-widget-wrap elementor-element-populated\">\n\t\t\t\t\t\t<div class=\"elementor-element elementor-element-b4b4f5b elementor-widget elementor-widget-heading\" data-id=\"b4b4f5b\" data-element_type=\"widget\" data-e-type=\"widget\" data-widget_type=\"heading.default\">\n\t\t\t\t\t<h3 class=\"elementor-heading-title elementor-size-default\"><a href=\"https:\/\/marsanakguclaw.com\/tr\/amerika-sirket-kurulusu\/\">Amerika \u015eirket Kurulu\u015fu<\/a><\/h3>\t\t\t\t<\/div>\n\t\t\t\t<div class=\"elementor-element elementor-element-e3f7064 elementor-widget elementor-widget-heading\" data-id=\"e3f7064\" data-element_type=\"widget\" data-e-type=\"widget\" data-widget_type=\"heading.default\">\n\t\t\t\t\t<h3 class=\"elementor-heading-title elementor-size-default\"><a href=\"https:\/\/marsanakguclaw.com\/tr\/sirket-birlesmeleri-ve-devralmalar\/\">\u015eirket Birle\u015fmeleri ve Devralmalar<\/a><\/h3>\t\t\t\t<\/div>\n\t\t\t\t<div class=\"elementor-element elementor-element-c898f5d elementor-widget elementor-widget-heading\" data-id=\"c898f5d\" data-element_type=\"widget\" data-e-type=\"widget\" data-widget_type=\"heading.default\">\n\t\t\t\t\t<h3 class=\"elementor-heading-title elementor-size-default\"><a href=\"https:\/\/marsanakguclaw.com\/tr\/ticari-bildirimler\/\">Ticari Bildirimler ve \u0130zinler<\/a><\/h3>\t\t\t\t<\/div>\n\t\t\t\t<div class=\"elementor-element elementor-element-7be259e elementor-widget elementor-widget-heading\" data-id=\"7be259e\" data-element_type=\"widget\" data-e-type=\"widget\" data-widget_type=\"heading.default\">\n\t\t\t\t\t<h3 class=\"elementor-heading-title elementor-size-default\"><a href=\"https:\/\/www.marsanakguclaw.com\/tr\/amerika-sirket-kurulusu\/\">\u0130\u015fletme Lisanslar\u0131 ve \u0130zinler<\/a><\/h3>\t\t\t\t<\/div>\n\t\t\t\t\t<\/div>\n\t\t<\/div>\n\t\t\t\t<div class=\"elementor-column elementor-col-50 elementor-top-column elementor-element elementor-element-421e870\" data-id=\"421e870\" data-element_type=\"column\" data-e-type=\"column\" data-settings=\"{&quot;background_background&quot;:&quot;classic&quot;}\">\n\t\t\t<div class=\"elementor-widget-wrap elementor-element-populated\">\n\t\t\t\t\t\t<div class=\"elementor-element elementor-element-fe27853 elementor-widget elementor-widget-heading\" data-id=\"fe27853\" data-element_type=\"widget\" data-e-type=\"widget\" data-widget_type=\"heading.default\">\n\t\t\t\t\t<h3 class=\"elementor-heading-title elementor-size-default\"><a href=\"https:\/\/marsanakguclaw.com\/tr\/amerika-sirket-kapanisi\/\">Amerika \u015eirket Kapan\u0131\u015f\u0131<\/a><\/h3>\t\t\t\t<\/div>\n\t\t\t\t<div class=\"elementor-element elementor-element-382ef90 elementor-widget elementor-widget-heading\" data-id=\"382ef90\" data-element_type=\"widget\" data-e-type=\"widget\" data-widget_type=\"heading.default\">\n\t\t\t\t\t<h3 class=\"elementor-heading-title elementor-size-default\"><a href=\"https:\/\/marsanakguclaw.com\/tr\/ticari-kurallari\/\">Ticari Kurallar &amp; S\u00f6zle\u015fmeler<\/a><\/h3>\t\t\t\t<\/div>\n\t\t\t\t<div class=\"elementor-element elementor-element-42057f0 elementor-widget elementor-widget-heading\" data-id=\"42057f0\" data-element_type=\"widget\" data-e-type=\"widget\" data-widget_type=\"heading.default\">\n\t\t\t\t\t<h3 class=\"elementor-heading-title elementor-size-default\"><a href=\"https:\/\/marsanakguclaw.com\/tr\/ticari-sozlesmeler\/\">Ticari S\u00f6zle\u015fmeler<\/a><\/h3>\t\t\t\t<\/div>\n\t\t\t\t\t<\/div>\n\t\t<\/div>\n\t\t\t\t\t<\/div>\n\t\t<\/section>\n\t\t\t\t<section class=\"elementor-section elementor-top-section elementor-element elementor-element-50d4ca8 elementor-section-boxed elementor-section-height-default elementor-section-height-default\" data-id=\"50d4ca8\" data-element_type=\"section\" data-e-type=\"section\">\n\t\t\t\t\t\t<div class=\"elementor-container elementor-column-gap-default\">\n\t\t\t\t\t<div class=\"elementor-column elementor-col-100 elementor-top-column elementor-element elementor-element-77afcf0\" data-id=\"77afcf0\" data-element_type=\"column\" data-e-type=\"column\">\n\t\t\t<div class=\"elementor-widget-wrap elementor-element-populated\">\n\t\t\t\t\t\t<div class=\"elementor-element elementor-element-5a3cc6f elementor-widget elementor-widget-text-editor\" data-id=\"5a3cc6f\" data-element_type=\"widget\" data-e-type=\"widget\" data-widget_type=\"text-editor.default\">\n\t\t\t\t\t\t\t\t\t<p><strong>Marsan Akguc Law<\/strong>, <strong>Amerika ticaret avukat\u0131<\/strong> deneyimiyle, i\u015fletmelerin haks\u0131z rekabet davalar\u0131ndan elektronik ticaret hukuku s\u00fcre\u00e7lerine kadar t\u00fcm ticari faaliyetlerinde g\u00fcvenilir ve stratejik hukuki \u00e7\u00f6z\u00fcmler sunar.<\/p>\t\t\t\t\t\t\t\t<\/div>\n\t\t\t\t\t<\/div>\n\t\t<\/div>\n\t\t\t\t\t<\/div>\n\t\t<\/section>\n\t\t\t\t<\/div>\n\t\t","protected":false},"excerpt":{"rendered":"<p>Amerika Ticaret Avukat\u0131 ve Ticaret Hukuku Anasayfa Ticaret hukuku, i\u015fletmelerin, giri\u015fimcilerin ve yat\u0131r\u0131mc\u0131lar\u0131n ticari faaliyetlerini d\u00fczenleyen en \u00f6nemli hukuk dallar\u0131ndan biridir. \u00d6zellikle Amerika\u2019da ticaret hukuku kapsam\u0131ndaki yasal d\u00fczenlemeler, hem yerli hem de yabanc\u0131 giri\u015fimciler i\u00e7in belirleyici rol oynar. Bu noktada deneyimli bir Amerika ticaret avukat\u0131 ile \u00e7al\u0131\u015fmak i\u015f kurma, s\u00f6zle\u015fme haz\u0131rlama, \u015firket birle\u015fme ve devralma, [&hellip;]<\/p>\n","protected":false},"author":1,"featured_media":0,"parent":0,"menu_order":0,"comment_status":"closed","ping_status":"closed","template":"","meta":{"footnotes":""},"class_list":["post-4896","page","type-page","status-publish","hentry"],"_links":{"self":[{"href":"https:\/\/marsanakguclaw.com\/tr\/wp-json\/wp\/v2\/pages\/4896","targetHints":{"allow":["GET"]}}],"collection":[{"href":"https:\/\/marsanakguclaw.com\/tr\/wp-json\/wp\/v2\/pages"}],"about":[{"href":"https:\/\/marsanakguclaw.com\/tr\/wp-json\/wp\/v2\/types\/page"}],"author":[{"embeddable":true,"href":"https:\/\/marsanakguclaw.com\/tr\/wp-json\/wp\/v2\/users\/1"}],"replies":[{"embeddable":true,"href":"https:\/\/marsanakguclaw.com\/tr\/wp-json\/wp\/v2\/comments?post=4896"}],"version-history":[{"count":19,"href":"https:\/\/marsanakguclaw.com\/tr\/wp-json\/wp\/v2\/pages\/4896\/revisions"}],"predecessor-version":[{"id":5559,"href":"https:\/\/marsanakguclaw.com\/tr\/wp-json\/wp\/v2\/pages\/4896\/revisions\/5559"}],"wp:attachment":[{"href":"https:\/\/marsanakguclaw.com\/tr\/wp-json\/wp\/v2\/media?parent=4896"}],"curies":[{"name":"wp","href":"https:\/\/api.w.org\/{rel}","templated":true}]}}