{"id":5022,"date":"2025-08-17T23:22:00","date_gmt":"2025-08-17T20:22:00","guid":{"rendered":"https:\/\/marsanakguclaw.com\/tr\/?page_id=5022"},"modified":"2025-08-24T13:44:14","modified_gmt":"2025-08-24T10:44:14","slug":"ogrenci-vizeleri-ve-ziyaretci-degisim-programi","status":"publish","type":"page","link":"https:\/\/marsanakguclaw.com\/tr\/ogrenci-vizeleri-ve-ziyaretci-degisim-programi\/","title":{"rendered":"\u00d6\u011frenci Vizeleri ve Ziyaret\u00e7i De\u011fi\u015fim Program\u0131"},"content":{"rendered":"\t\t<div data-elementor-type=\"wp-page\" data-elementor-id=\"5022\" class=\"elementor elementor-5022\" data-elementor-post-type=\"page\">\n\t\t\t\t\t\t<section class=\"elementor-section elementor-top-section elementor-element elementor-element-5fd1334 elementor-section-boxed elementor-section-height-default elementor-section-height-default\" data-id=\"5fd1334\" data-element_type=\"section\" data-e-type=\"section\">\n\t\t\t\t\t\t<div class=\"elementor-container elementor-column-gap-default\">\n\t\t\t\t\t<div class=\"elementor-column elementor-col-100 elementor-top-column elementor-element elementor-element-534cf35\" data-id=\"534cf35\" data-element_type=\"column\" data-e-type=\"column\">\n\t\t\t<div class=\"elementor-widget-wrap elementor-element-populated\">\n\t\t\t\t\t\t<div class=\"elementor-element elementor-element-ccd062d elementor-widget elementor-widget-breadcrumbs\" data-id=\"ccd062d\" data-element_type=\"widget\" data-e-type=\"widget\" data-widget_type=\"breadcrumbs.default\">\n\t\t\t\t<div class=\"elementor-widget-container\">\n\t\t\t\t\t<span><span class=\"last\">Anasayfa<\/span><\/span>\t\t\t\t<\/div>\n\t\t\t\t<\/div>\n\t\t\t\t\t<\/div>\n\t\t<\/div>\n\t\t\t\t\t<\/div>\n\t\t<\/section>\n\t\t\t\t<section class=\"elementor-section elementor-top-section elementor-element elementor-element-23fb597 elementor-section-boxed elementor-section-height-default elementor-section-height-default\" data-id=\"23fb597\" data-element_type=\"section\" data-e-type=\"section\">\n\t\t\t\t\t\t<div class=\"elementor-container elementor-column-gap-default\">\n\t\t\t\t\t<div class=\"elementor-column elementor-col-100 elementor-top-column elementor-element elementor-element-9ec8f7d\" data-id=\"9ec8f7d\" data-element_type=\"column\" data-e-type=\"column\">\n\t\t\t<div class=\"elementor-widget-wrap elementor-element-populated\">\n\t\t\t\t\t\t<div class=\"elementor-element elementor-element-c4978af elementor-widget elementor-widget-image\" data-id=\"c4978af\" data-element_type=\"widget\" data-e-type=\"widget\" data-widget_type=\"image.default\">\n\t\t\t\t\t\t\t\t\t\t\t\t\t\t\t<img fetchpriority=\"high\" decoding=\"async\" width=\"1200\" height=\"350\" src=\"https:\/\/marsanakguclaw.com\/tr\/wp-content\/uploads\/2025\/08\/Ogrenci-Vizeleri-ve-Ziyaretci-Degisim-Programi.jpg\" class=\"attachment-full size-full wp-image-5633\" alt=\"\" srcset=\"https:\/\/marsanakguclaw.com\/tr\/wp-content\/uploads\/2025\/08\/Ogrenci-Vizeleri-ve-Ziyaretci-Degisim-Programi.jpg 1200w, https:\/\/marsanakguclaw.com\/tr\/wp-content\/uploads\/2025\/08\/Ogrenci-Vizeleri-ve-Ziyaretci-Degisim-Programi-300x88.jpg 300w, https:\/\/marsanakguclaw.com\/tr\/wp-content\/uploads\/2025\/08\/Ogrenci-Vizeleri-ve-Ziyaretci-Degisim-Programi-1024x299.jpg 1024w, https:\/\/marsanakguclaw.com\/tr\/wp-content\/uploads\/2025\/08\/Ogrenci-Vizeleri-ve-Ziyaretci-Degisim-Programi-768x224.jpg 768w\" sizes=\"(max-width: 1200px) 100vw, 1200px\" \/>\t\t\t\t\t\t\t\t\t\t\t\t\t\t\t<\/div>\n\t\t\t\t<div class=\"elementor-element elementor-element-abbfcbe elementor-nav-menu__align-start elementor-nav-menu--dropdown-none elementor-widget elementor-widget-nav-menu\" data-id=\"abbfcbe\" data-element_type=\"widget\" data-e-type=\"widget\" data-settings=\"{&quot;layout&quot;:&quot;horizontal&quot;,&quot;submenu_icon&quot;:{&quot;value&quot;:&quot;&lt;svg aria-hidden=\\&quot;true\\&quot; class=\\&quot;e-font-icon-svg e-fas-caret-down\\&quot; viewBox=\\&quot;0 0 320 512\\&quot; xmlns=\\&quot;http:\\\/\\\/www.w3.org\\\/2000\\\/svg\\&quot;&gt;&lt;path d=\\&quot;M31.3 192h257.3c17.8 0 26.7 21.5 14.1 34.1L174.1 354.8c-7.8 7.8-20.5 7.8-28.3 0L17.2 226.1C4.6 213.5 13.5 192 31.3 192z\\&quot;&gt;&lt;\\\/path&gt;&lt;\\\/svg&gt;&quot;,&quot;library&quot;:&quot;fa-solid&quot;}}\" data-widget_type=\"nav-menu.default\">\n\t\t\t\t\t\t\t\t<nav aria-label=\"Men\u00fc\" class=\"elementor-nav-menu--main elementor-nav-menu__container elementor-nav-menu--layout-horizontal e--pointer-underline e--animation-fade\">\n\t\t\t\t<ul id=\"menu-1-abbfcbe\" class=\"elementor-nav-menu\"><li class=\"menu-item menu-item-type-post_type menu-item-object-page menu-item-5036\"><a href=\"https:\/\/marsanakguclaw.com\/tr\/ogrenci-vizeleri-ve-ziyaretci-degisim-programi\/\" class=\"elementor-item\">\u00d6\u011frenci Vizeleri ve Ziyaret\u00e7i De\u011fi\u015fim Program\u0131<\/a><\/li>\n<li class=\"menu-item menu-item-type-post_type menu-item-object-page menu-item-5035\"><a href=\"https:\/\/marsanakguclaw.com\/tr\/f-1-ogrenci-vizesi\/\" class=\"elementor-item\">F-1 \u00d6\u011frenci Vizesi<\/a><\/li>\n<li class=\"menu-item menu-item-type-post_type menu-item-object-page menu-item-5034\"><a href=\"https:\/\/marsanakguclaw.com\/tr\/j-1-ziyaretci-degisim-programi-vizesi\/\" class=\"elementor-item\">J-1 Ziyaret\u00e7i De\u011fi\u015fim Program\u0131 Vizesi<\/a><\/li>\n<li class=\"menu-item menu-item-type-post_type menu-item-object-page menu-item-5033\"><a href=\"https:\/\/marsanakguclaw.com\/tr\/m-1-mesleki-egitim-vizesi\/\" class=\"elementor-item\">M-1 Mesleki E\u011fitim Vizesi<\/a><\/li>\n<\/ul>\t\t\t<\/nav>\n\t\t\t\t\t\t<nav class=\"elementor-nav-menu--dropdown elementor-nav-menu__container\" aria-hidden=\"true\">\n\t\t\t\t<ul id=\"menu-2-abbfcbe\" class=\"elementor-nav-menu\"><li class=\"menu-item menu-item-type-post_type menu-item-object-page menu-item-5036\"><a href=\"https:\/\/marsanakguclaw.com\/tr\/ogrenci-vizeleri-ve-ziyaretci-degisim-programi\/\" class=\"elementor-item\" tabindex=\"-1\">\u00d6\u011frenci Vizeleri ve Ziyaret\u00e7i De\u011fi\u015fim Program\u0131<\/a><\/li>\n<li class=\"menu-item menu-item-type-post_type menu-item-object-page menu-item-5035\"><a href=\"https:\/\/marsanakguclaw.com\/tr\/f-1-ogrenci-vizesi\/\" class=\"elementor-item\" tabindex=\"-1\">F-1 \u00d6\u011frenci Vizesi<\/a><\/li>\n<li class=\"menu-item menu-item-type-post_type menu-item-object-page menu-item-5034\"><a href=\"https:\/\/marsanakguclaw.com\/tr\/j-1-ziyaretci-degisim-programi-vizesi\/\" class=\"elementor-item\" tabindex=\"-1\">J-1 Ziyaret\u00e7i De\u011fi\u015fim Program\u0131 Vizesi<\/a><\/li>\n<li class=\"menu-item menu-item-type-post_type menu-item-object-page menu-item-5033\"><a href=\"https:\/\/marsanakguclaw.com\/tr\/m-1-mesleki-egitim-vizesi\/\" class=\"elementor-item\" tabindex=\"-1\">M-1 Mesleki E\u011fitim Vizesi<\/a><\/li>\n<\/ul>\t\t\t<\/nav>\n\t\t\t\t\t\t<\/div>\n\t\t\t\t\t<\/div>\n\t\t<\/div>\n\t\t\t\t\t<\/div>\n\t\t<\/section>\n\t\t\t\t<section class=\"elementor-section elementor-top-section elementor-element elementor-element-f926b70 elementor-section-boxed elementor-section-height-default elementor-section-height-default\" data-id=\"f926b70\" data-element_type=\"section\" data-e-type=\"section\">\n\t\t\t\t\t\t<div class=\"elementor-container elementor-column-gap-default\">\n\t\t\t\t\t<div class=\"elementor-column elementor-col-100 elementor-top-column elementor-element elementor-element-98e16b6\" data-id=\"98e16b6\" data-element_type=\"column\" data-e-type=\"column\">\n\t\t\t<div class=\"elementor-widget-wrap elementor-element-populated\">\n\t\t\t\t\t\t<section class=\"elementor-section elementor-inner-section elementor-element elementor-element-611876a elementor-section-boxed elementor-section-height-default elementor-section-height-default\" data-id=\"611876a\" data-element_type=\"section\" data-e-type=\"section\">\n\t\t\t\t\t\t<div class=\"elementor-container elementor-column-gap-default\">\n\t\t\t\t\t<div class=\"elementor-column elementor-col-100 elementor-inner-column elementor-element elementor-element-b747414\" data-id=\"b747414\" data-element_type=\"column\" data-e-type=\"column\" data-settings=\"{&quot;background_background&quot;:&quot;classic&quot;}\">\n\t\t\t<div class=\"elementor-widget-wrap elementor-element-populated\">\n\t\t\t\t\t\t<div class=\"elementor-element elementor-element-18d1df9 elementor-widget elementor-widget-heading\" data-id=\"18d1df9\" data-element_type=\"widget\" data-e-type=\"widget\" data-widget_type=\"heading.default\">\n\t\t\t\t\t<h2 class=\"elementor-heading-title elementor-size-default\">\u00d6\u011frenci Vizeleri ve Ziyaret\u00e7i De\u011fi\u015fim Program\u0131 Nedir?<\/h2>\t\t\t\t<\/div>\n\t\t\t\t\t<\/div>\n\t\t<\/div>\n\t\t\t\t\t<\/div>\n\t\t<\/section>\n\t\t\t\t<div class=\"elementor-element elementor-element-09b820d elementor-widget elementor-widget-text-editor\" data-id=\"09b820d\" data-element_type=\"widget\" data-e-type=\"widget\" data-widget_type=\"text-editor.default\">\n\t\t\t\t\t\t\t\t\t<p>Amerika Birle\u015fik Devletlerinde e\u011fitim almak veya k\u00fclt\u00fcrel de\u011fi\u015fim programlar\u0131na kat\u0131lmak isteyen bireyler i\u00e7in \u00f6zel olarak tasarlanm\u0131\u015f g\u00f6\u00e7men olmayan vize t\u00fcrleri bulunmaktad\u0131r. Bu vizeler \u00f6\u011frencilere ve ziyaret\u00e7ilere ABD\u2019de e\u011fitim, ara\u015ft\u0131rma ve k\u00fclt\u00fcrel de\u011fi\u015fim f\u0131rsatlar\u0131ndan yararlanma olana\u011f\u0131 tan\u0131r.<\/p><p>E\u011fitim amac\u0131yla ABD\u2019ye seyahat etmek isteyen uluslararas\u0131 bireyler i\u00e7in\u00a0<strong>F-1 \u00d6\u011frenci Vizesi<\/strong>, mesleki e\u011fitim almak isteyenler i\u00e7in\u00a0<strong>M-1 Vizesi<\/strong>, k\u00fclt\u00fcrel de\u011fi\u015fim programlar\u0131na kat\u0131lmak isteyen bireyler i\u00e7in ise\u00a0<strong>J-1 Vizesi<\/strong>\u00a0en yayg\u0131n se\u00e7eneklerdir.<\/p>\t\t\t\t\t\t\t\t<\/div>\n\t\t\t\t<div class=\"elementor-element elementor-element-425401a elementor-widget elementor-widget-video\" data-id=\"425401a\" data-element_type=\"widget\" data-e-type=\"widget\" data-settings=\"{&quot;youtube_url&quot;:&quot;https:\\\/\\\/www.youtube.com\\\/watch?v=pbbwL3-bnA0&quot;,&quot;video_type&quot;:&quot;youtube&quot;,&quot;controls&quot;:&quot;yes&quot;}\" data-widget_type=\"video.default\">\n\t\t\t\t\t\t\t<div class=\"elementor-wrapper elementor-open-inline\">\n\t\t\t<div class=\"elementor-video\"><\/div>\t\t<\/div>\n\t\t\t\t\t\t<\/div>\n\t\t\t\t<section class=\"elementor-section elementor-inner-section elementor-element elementor-element-ccbf815 elementor-section-boxed elementor-section-height-default elementor-section-height-default\" data-id=\"ccbf815\" data-element_type=\"section\" data-e-type=\"section\">\n\t\t\t\t\t\t<div class=\"elementor-container elementor-column-gap-default\">\n\t\t\t\t\t<div class=\"elementor-column elementor-col-100 elementor-inner-column elementor-element elementor-element-5b9392d\" data-id=\"5b9392d\" data-element_type=\"column\" data-e-type=\"column\" data-settings=\"{&quot;background_background&quot;:&quot;classic&quot;}\">\n\t\t\t<div class=\"elementor-widget-wrap elementor-element-populated\">\n\t\t\t\t\t\t<div class=\"elementor-element elementor-element-060f1d2 elementor-widget elementor-widget-heading\" data-id=\"060f1d2\" data-element_type=\"widget\" data-e-type=\"widget\" data-widget_type=\"heading.default\">\n\t\t\t\t\t<h2 class=\"elementor-heading-title elementor-size-default\">\u00d6\u011frenci Vizeleri T\u00fcrleri<\/h2>\t\t\t\t<\/div>\n\t\t\t\t\t<\/div>\n\t\t<\/div>\n\t\t\t\t\t<\/div>\n\t\t<\/section>\n\t\t\t\t<div class=\"elementor-element elementor-element-7121ae7 elementor-widget elementor-widget-text-editor\" data-id=\"7121ae7\" data-element_type=\"widget\" data-e-type=\"widget\" data-widget_type=\"text-editor.default\">\n\t\t\t\t\t\t\t\t\t<h3>F-1 \u00d6\u011frenci Vizesi<\/h3><p><a href=\"https:\/\/marsanakguclaw.com\/tr\/f-1-ogrenci-vizesi\/\"><strong>F-1 Vizesi<\/strong><\/a>\u00a0tam zamanl\u0131 akademik programlara veya dil e\u011fitimine kat\u0131lmak isteyen uluslararas\u0131 \u00f6\u011frencilere verilir. Bu vize, kolej, \u00fcniversite, lisans\u00fcst\u00fc programlar ve dil okullar\u0131 gibi e\u011fitim kurumlar\u0131nda e\u011fitim almay\u0131 ama\u00e7lar.<\/p><h4>\u00d6ne \u00c7\u0131kan \u00d6zellikler:<\/h4><ul><li>ABD\u2019de tam zamanl\u0131 e\u011fitim alma hakk\u0131 tan\u0131r.<\/li><li>Kamp\u00fcs i\u00e7i \u00e7al\u0131\u015fma imkan\u0131 sunar (20 saat\/hafta ile s\u0131n\u0131rl\u0131d\u0131r).<\/li><li>E\u011fitim s\u00fcresince ve OPT (Optional Practical Training) kapsam\u0131nda belirli durumlarda \u00e7al\u0131\u015fma hakk\u0131 sa\u011flar.<\/li><\/ul>\t\t\t\t\t\t\t\t<\/div>\n\t\t\t\t<section class=\"elementor-section elementor-inner-section elementor-element elementor-element-1b97fc7 elementor-section-boxed elementor-section-height-default elementor-section-height-default\" data-id=\"1b97fc7\" data-element_type=\"section\" data-e-type=\"section\">\n\t\t\t\t\t\t<div class=\"elementor-container elementor-column-gap-default\">\n\t\t\t\t\t<div class=\"elementor-column elementor-col-100 elementor-inner-column elementor-element elementor-element-036998c\" data-id=\"036998c\" data-element_type=\"column\" data-e-type=\"column\" data-settings=\"{&quot;background_background&quot;:&quot;classic&quot;}\">\n\t\t\t<div class=\"elementor-widget-wrap elementor-element-populated\">\n\t\t\t\t\t\t<div class=\"elementor-element elementor-element-37df5a5 elementor-widget elementor-widget-heading\" data-id=\"37df5a5\" data-element_type=\"widget\" data-e-type=\"widget\" data-widget_type=\"heading.default\">\n\t\t\t\t\t<h2 class=\"elementor-heading-title elementor-size-default\">M-1 Mesleki E\u011fitim Vizesi<\/h2>\t\t\t\t<\/div>\n\t\t\t\t\t<\/div>\n\t\t<\/div>\n\t\t\t\t\t<\/div>\n\t\t<\/section>\n\t\t\t\t<div class=\"elementor-element elementor-element-782f27a elementor-widget elementor-widget-text-editor\" data-id=\"782f27a\" data-element_type=\"widget\" data-e-type=\"widget\" data-widget_type=\"text-editor.default\">\n\t\t\t\t\t\t\t\t\t<p><a href=\"https:\/\/marsanakguclaw.com\/tr\/m-1-mesleki-egitim-vizesi\/\"><strong>M-1 Vizesi<\/strong><\/a>\u00a0ABD&#8217;deki mesleki veya teknik e\u011fitim programlar\u0131na kat\u0131lmak isteyen \u00f6\u011frencilere y\u00f6neliktir. M-1 vizesi sahipleri, belirli bir meslek alan\u0131nda uzmanla\u015fmak i\u00e7in k\u0131sa s\u00fcreli e\u011fitim alabilirler.<\/p><h4>\u00d6ne \u00c7\u0131kan \u00d6zellikler:<\/h4><ul><li>Teknik ve mesleki alanlarda e\u011fitim almay\u0131 hedefler.<\/li><li>\u00c7al\u0131\u015fma hakk\u0131 s\u0131n\u0131rl\u0131d\u0131r ve yaln\u0131zca e\u011fitimin bir par\u00e7as\u0131 olarak izin verilir.<\/li><li>Vize s\u00fcresi e\u011fitim s\u00fcresiyle s\u0131n\u0131rl\u0131d\u0131r ve genellikle 1 y\u0131l ile s\u0131n\u0131rl\u0131d\u0131r.<\/li><\/ul>\t\t\t\t\t\t\t\t<\/div>\n\t\t\t\t<section class=\"elementor-section elementor-inner-section elementor-element elementor-element-b1ed95a elementor-section-boxed elementor-section-height-default elementor-section-height-default\" data-id=\"b1ed95a\" data-element_type=\"section\" data-e-type=\"section\">\n\t\t\t\t\t\t<div class=\"elementor-container elementor-column-gap-default\">\n\t\t\t\t\t<div class=\"elementor-column elementor-col-100 elementor-inner-column elementor-element elementor-element-5b1c272\" data-id=\"5b1c272\" data-element_type=\"column\" data-e-type=\"column\" data-settings=\"{&quot;background_background&quot;:&quot;classic&quot;}\">\n\t\t\t<div class=\"elementor-widget-wrap elementor-element-populated\">\n\t\t\t\t\t\t<div class=\"elementor-element elementor-element-51eed57 elementor-widget elementor-widget-heading\" data-id=\"51eed57\" data-element_type=\"widget\" data-e-type=\"widget\" data-widget_type=\"heading.default\">\n\t\t\t\t\t<h2 class=\"elementor-heading-title elementor-size-default\">J-1 De\u011fi\u015fim Program\u0131 Vizesi<\/h2>\t\t\t\t<\/div>\n\t\t\t\t\t<\/div>\n\t\t<\/div>\n\t\t\t\t\t<\/div>\n\t\t<\/section>\n\t\t\t\t<div class=\"elementor-element elementor-element-af91c14 elementor-widget elementor-widget-text-editor\" data-id=\"af91c14\" data-element_type=\"widget\" data-e-type=\"widget\" data-widget_type=\"text-editor.default\">\n\t\t\t\t\t\t\t\t\t<p><a href=\"https:\/\/marsanakguclaw.com\/tr\/j-1-ziyaretci-degisim-programi-vizesi\/\"><strong>J-1 Vizesi<\/strong><\/a>\u00a0k\u00fclt\u00fcrel de\u011fi\u015fim programlar\u0131na kat\u0131lmak isteyen bireyler i\u00e7in tasarlanm\u0131\u015ft\u0131r. Ara\u015ft\u0131rmac\u0131lar, \u00f6\u011fretim g\u00f6revlileri, stajyerler ve au pair programlar\u0131na kat\u0131lmak isteyen ki\u015filer i\u00e7in yayg\u0131n olarak kullan\u0131l\u0131r.<\/p><h4>\u00d6ne \u00c7\u0131kan \u00d6zellikler:<\/h4><ul><li>K\u00fclt\u00fcrel de\u011fi\u015fim ve e\u011fitim odakl\u0131d\u0131r.<\/li><li>Sponsor bir organizasyon taraf\u0131ndan desteklenmesi gereklidir.<\/li><li>ABD&#8217;de belirli s\u00fcreyle e\u011fitim, ara\u015ft\u0131rma veya pratik deneyim elde etme imkan\u0131 sunar.<\/li><\/ul>\t\t\t\t\t\t\t\t<\/div>\n\t\t\t\t\t<\/div>\n\t\t<\/div>\n\t\t\t\t\t<\/div>\n\t\t<\/section>\n\t\t\t\t<\/div>\n\t\t","protected":false},"excerpt":{"rendered":"<p>Anasayfa \u00d6\u011frenci Vizeleri ve Ziyaret\u00e7i De\u011fi\u015fim Program\u0131 Nedir? Amerika Birle\u015fik Devletlerinde e\u011fitim almak veya k\u00fclt\u00fcrel de\u011fi\u015fim programlar\u0131na kat\u0131lmak isteyen bireyler i\u00e7in \u00f6zel olarak tasarlanm\u0131\u015f g\u00f6\u00e7men olmayan vize t\u00fcrleri bulunmaktad\u0131r. Bu vizeler \u00f6\u011frencilere ve ziyaret\u00e7ilere ABD\u2019de e\u011fitim, ara\u015ft\u0131rma ve k\u00fclt\u00fcrel de\u011fi\u015fim f\u0131rsatlar\u0131ndan yararlanma olana\u011f\u0131 tan\u0131r. E\u011fitim amac\u0131yla ABD\u2019ye seyahat etmek isteyen uluslararas\u0131 bireyler i\u00e7in\u00a0F-1 \u00d6\u011frenci Vizesi, [&hellip;]<\/p>\n","protected":false},"author":1,"featured_media":5633,"parent":0,"menu_order":0,"comment_status":"closed","ping_status":"closed","template":"","meta":{"footnotes":""},"class_list":["post-5022","page","type-page","status-publish","has-post-thumbnail","hentry"],"_links":{"self":[{"href":"https:\/\/marsanakguclaw.com\/tr\/wp-json\/wp\/v2\/pages\/5022","targetHints":{"allow":["GET"]}}],"collection":[{"href":"https:\/\/marsanakguclaw.com\/tr\/wp-json\/wp\/v2\/pages"}],"about":[{"href":"https:\/\/marsanakguclaw.com\/tr\/wp-json\/wp\/v2\/types\/page"}],"author":[{"embeddable":true,"href":"https:\/\/marsanakguclaw.com\/tr\/wp-json\/wp\/v2\/users\/1"}],"replies":[{"embeddable":true,"href":"https:\/\/marsanakguclaw.com\/tr\/wp-json\/wp\/v2\/comments?post=5022"}],"version-history":[{"count":10,"href":"https:\/\/marsanakguclaw.com\/tr\/wp-json\/wp\/v2\/pages\/5022\/revisions"}],"predecessor-version":[{"id":5649,"href":"https:\/\/marsanakguclaw.com\/tr\/wp-json\/wp\/v2\/pages\/5022\/revisions\/5649"}],"wp:featuredmedia":[{"embeddable":true,"href":"https:\/\/marsanakguclaw.com\/tr\/wp-json\/wp\/v2\/media\/5633"}],"wp:attachment":[{"href":"https:\/\/marsanakguclaw.com\/tr\/wp-json\/wp\/v2\/media?parent=5022"}],"curies":[{"name":"wp","href":"https:\/\/api.w.org\/{rel}","templated":true}]}}