{"id":5065,"date":"2025-08-17T23:39:10","date_gmt":"2025-08-17T20:39:10","guid":{"rendered":"https:\/\/marsanakguclaw.com\/tr\/?page_id=5065"},"modified":"2025-08-24T13:41:52","modified_gmt":"2025-08-24T10:41:52","slug":"yatirimci-ve-tuccar-vizeleri","status":"publish","type":"page","link":"https:\/\/marsanakguclaw.com\/tr\/yatirimci-ve-tuccar-vizeleri\/","title":{"rendered":"Yat\u0131r\u0131mc\u0131 ve T\u00fcccar Vizeleri"},"content":{"rendered":"\t\t<div data-elementor-type=\"wp-page\" data-elementor-id=\"5065\" class=\"elementor elementor-5065\" data-elementor-post-type=\"page\">\n\t\t\t\t\t\t<section class=\"elementor-section elementor-top-section elementor-element elementor-element-fd5144c elementor-section-boxed elementor-section-height-default elementor-section-height-default\" data-id=\"fd5144c\" data-element_type=\"section\" data-e-type=\"section\">\n\t\t\t\t\t\t<div class=\"elementor-container elementor-column-gap-default\">\n\t\t\t\t\t<div class=\"elementor-column elementor-col-100 elementor-top-column elementor-element elementor-element-f79423f\" data-id=\"f79423f\" data-element_type=\"column\" data-e-type=\"column\">\n\t\t\t<div class=\"elementor-widget-wrap elementor-element-populated\">\n\t\t\t\t\t\t<div class=\"elementor-element elementor-element-224e26b elementor-widget elementor-widget-breadcrumbs\" data-id=\"224e26b\" data-element_type=\"widget\" data-e-type=\"widget\" data-widget_type=\"breadcrumbs.default\">\n\t\t\t\t<div class=\"elementor-widget-container\">\n\t\t\t\t\t<span><span class=\"last\">Anasayfa<\/span><\/span>\t\t\t\t<\/div>\n\t\t\t\t<\/div>\n\t\t\t\t\t<\/div>\n\t\t<\/div>\n\t\t\t\t\t<\/div>\n\t\t<\/section>\n\t\t\t\t<section class=\"elementor-section elementor-top-section elementor-element elementor-element-c6b7d90 elementor-section-boxed elementor-section-height-default elementor-section-height-default\" data-id=\"c6b7d90\" data-element_type=\"section\" data-e-type=\"section\">\n\t\t\t\t\t\t<div class=\"elementor-container elementor-column-gap-default\">\n\t\t\t\t\t<div class=\"elementor-column elementor-col-100 elementor-top-column elementor-element elementor-element-3cf2a33\" data-id=\"3cf2a33\" data-element_type=\"column\" data-e-type=\"column\">\n\t\t\t<div class=\"elementor-widget-wrap elementor-element-populated\">\n\t\t\t\t\t\t<div class=\"elementor-element elementor-element-b6d7e09 elementor-widget elementor-widget-image\" data-id=\"b6d7e09\" data-element_type=\"widget\" data-e-type=\"widget\" data-widget_type=\"image.default\">\n\t\t\t\t\t\t\t\t\t\t\t\t\t\t\t<img fetchpriority=\"high\" decoding=\"async\" width=\"1200\" height=\"350\" src=\"https:\/\/marsanakguclaw.com\/tr\/wp-content\/uploads\/2025\/08\/Yatirimci-ve-Tuccar-Vizeleri.jpg\" class=\"attachment-full size-full wp-image-5632\" alt=\"\" srcset=\"https:\/\/marsanakguclaw.com\/tr\/wp-content\/uploads\/2025\/08\/Yatirimci-ve-Tuccar-Vizeleri.jpg 1200w, https:\/\/marsanakguclaw.com\/tr\/wp-content\/uploads\/2025\/08\/Yatirimci-ve-Tuccar-Vizeleri-300x88.jpg 300w, https:\/\/marsanakguclaw.com\/tr\/wp-content\/uploads\/2025\/08\/Yatirimci-ve-Tuccar-Vizeleri-1024x299.jpg 1024w, https:\/\/marsanakguclaw.com\/tr\/wp-content\/uploads\/2025\/08\/Yatirimci-ve-Tuccar-Vizeleri-768x224.jpg 768w\" sizes=\"(max-width: 1200px) 100vw, 1200px\" \/>\t\t\t\t\t\t\t\t\t\t\t\t\t\t\t<\/div>\n\t\t\t\t<div class=\"elementor-element elementor-element-3dc2ed6 elementor-nav-menu__align-start elementor-nav-menu--dropdown-none elementor-widget elementor-widget-nav-menu\" data-id=\"3dc2ed6\" data-element_type=\"widget\" data-e-type=\"widget\" data-settings=\"{&quot;layout&quot;:&quot;horizontal&quot;,&quot;submenu_icon&quot;:{&quot;value&quot;:&quot;&lt;svg aria-hidden=\\&quot;true\\&quot; class=\\&quot;e-font-icon-svg e-fas-caret-down\\&quot; viewBox=\\&quot;0 0 320 512\\&quot; xmlns=\\&quot;http:\\\/\\\/www.w3.org\\\/2000\\\/svg\\&quot;&gt;&lt;path d=\\&quot;M31.3 192h257.3c17.8 0 26.7 21.5 14.1 34.1L174.1 354.8c-7.8 7.8-20.5 7.8-28.3 0L17.2 226.1C4.6 213.5 13.5 192 31.3 192z\\&quot;&gt;&lt;\\\/path&gt;&lt;\\\/svg&gt;&quot;,&quot;library&quot;:&quot;fa-solid&quot;}}\" data-widget_type=\"nav-menu.default\">\n\t\t\t\t\t\t\t\t<nav aria-label=\"Men\u00fc\" class=\"elementor-nav-menu--main elementor-nav-menu__container elementor-nav-menu--layout-horizontal e--pointer-underline e--animation-fade\">\n\t\t\t\t<ul id=\"menu-1-3dc2ed6\" class=\"elementor-nav-menu\"><li class=\"menu-item menu-item-type-post_type menu-item-object-page menu-item-4987\"><a href=\"https:\/\/marsanakguclaw.com\/tr\/aile-yoluyla-yesil-kart\/\" class=\"elementor-item\">Aile Yoluyla Ye\u015fil Kart<\/a><\/li>\n<li class=\"menu-item menu-item-type-post_type menu-item-object-page menu-item-4986\"><a href=\"https:\/\/marsanakguclaw.com\/tr\/evlilige-dayali-yesil-kart\/\" class=\"elementor-item\">Evlili\u011fe Dayal\u0131 Ye\u015fil Kart<\/a><\/li>\n<li class=\"menu-item menu-item-type-post_type menu-item-object-page menu-item-4985\"><a href=\"https:\/\/marsanakguclaw.com\/tr\/ebeveynler-icin-yesil-kart\/\" class=\"elementor-item\">Ebeveynler \u0130\u00e7in Ye\u015fil Kart<\/a><\/li>\n<li class=\"menu-item menu-item-type-post_type menu-item-object-page menu-item-4984\"><a href=\"https:\/\/marsanakguclaw.com\/tr\/k-1-nisanli-vizesi\/\" class=\"elementor-item\">K-1 Ni\u015fanl\u0131 Vizesi<\/a><\/li>\n<\/ul>\t\t\t<\/nav>\n\t\t\t\t\t\t<nav class=\"elementor-nav-menu--dropdown elementor-nav-menu__container\" aria-hidden=\"true\">\n\t\t\t\t<ul id=\"menu-2-3dc2ed6\" class=\"elementor-nav-menu\"><li class=\"menu-item menu-item-type-post_type menu-item-object-page menu-item-4987\"><a href=\"https:\/\/marsanakguclaw.com\/tr\/aile-yoluyla-yesil-kart\/\" class=\"elementor-item\" tabindex=\"-1\">Aile Yoluyla Ye\u015fil Kart<\/a><\/li>\n<li class=\"menu-item menu-item-type-post_type menu-item-object-page menu-item-4986\"><a href=\"https:\/\/marsanakguclaw.com\/tr\/evlilige-dayali-yesil-kart\/\" class=\"elementor-item\" tabindex=\"-1\">Evlili\u011fe Dayal\u0131 Ye\u015fil Kart<\/a><\/li>\n<li class=\"menu-item menu-item-type-post_type menu-item-object-page menu-item-4985\"><a href=\"https:\/\/marsanakguclaw.com\/tr\/ebeveynler-icin-yesil-kart\/\" class=\"elementor-item\" tabindex=\"-1\">Ebeveynler \u0130\u00e7in Ye\u015fil Kart<\/a><\/li>\n<li class=\"menu-item menu-item-type-post_type menu-item-object-page menu-item-4984\"><a href=\"https:\/\/marsanakguclaw.com\/tr\/k-1-nisanli-vizesi\/\" class=\"elementor-item\" tabindex=\"-1\">K-1 Ni\u015fanl\u0131 Vizesi<\/a><\/li>\n<\/ul>\t\t\t<\/nav>\n\t\t\t\t\t\t<\/div>\n\t\t\t\t\t<\/div>\n\t\t<\/div>\n\t\t\t\t\t<\/div>\n\t\t<\/section>\n\t\t\t\t<section class=\"elementor-section elementor-top-section elementor-element elementor-element-7bd176f elementor-section-boxed elementor-section-height-default elementor-section-height-default\" data-id=\"7bd176f\" data-element_type=\"section\" data-e-type=\"section\">\n\t\t\t\t\t\t<div class=\"elementor-container elementor-column-gap-default\">\n\t\t\t\t\t<div class=\"elementor-column elementor-col-100 elementor-top-column elementor-element elementor-element-ffe7657\" data-id=\"ffe7657\" data-element_type=\"column\" data-e-type=\"column\">\n\t\t\t<div class=\"elementor-widget-wrap elementor-element-populated\">\n\t\t\t\t\t\t<div class=\"elementor-element elementor-element-956d3e2 elementor-widget elementor-widget-text-editor\" data-id=\"956d3e2\" data-element_type=\"widget\" data-e-type=\"widget\" data-widget_type=\"text-editor.default\">\n\t\t\t\t\t\t\t\t\t<p>Amerika Birle\u015fik Devletleri&#8217;nde &#8220;<b>Yat\u0131r\u0131mc\u0131 ve T\u00fcccar Vizeleri<\/b>&#8221; ABD ile yat\u0131r\u0131m ve ticaret ili\u015fkileri kurmay\u0131 hedefleyen yabanc\u0131 i\u015f insanlar\u0131na y\u00f6nelik vize t\u00fcrleridir. Bu vizeler, ABD&#8217;de ticari faaliyetler ger\u00e7ekle\u015ftirmek veya i\u015f yat\u0131r\u0131m\u0131 yapmak isteyen ki\u015filer i\u00e7in tasarlanm\u0131\u015ft\u0131r.<\/p>\t\t\t\t\t\t\t\t<\/div>\n\t\t\t\t<div class=\"elementor-element elementor-element-241b16a elementor-widget elementor-widget-video\" data-id=\"241b16a\" data-element_type=\"widget\" data-e-type=\"widget\" data-settings=\"{&quot;youtube_url&quot;:&quot;https:\\\/\\\/www.youtube.com\\\/watch?v=cf3mMLRfEhk&quot;,&quot;video_type&quot;:&quot;youtube&quot;,&quot;controls&quot;:&quot;yes&quot;}\" data-widget_type=\"video.default\">\n\t\t\t\t\t\t\t<div class=\"elementor-wrapper elementor-open-inline\">\n\t\t\t<div class=\"elementor-video\"><\/div>\t\t<\/div>\n\t\t\t\t\t\t<\/div>\n\t\t\t\t<section class=\"elementor-section elementor-inner-section elementor-element elementor-element-ef15570 elementor-section-boxed elementor-section-height-default elementor-section-height-default\" data-id=\"ef15570\" data-element_type=\"section\" data-e-type=\"section\">\n\t\t\t\t\t\t<div class=\"elementor-container elementor-column-gap-default\">\n\t\t\t\t\t<div class=\"elementor-column elementor-col-100 elementor-inner-column elementor-element elementor-element-8caa390\" data-id=\"8caa390\" data-element_type=\"column\" data-e-type=\"column\" data-settings=\"{&quot;background_background&quot;:&quot;classic&quot;}\">\n\t\t\t<div class=\"elementor-widget-wrap elementor-element-populated\">\n\t\t\t\t\t\t<div class=\"elementor-element elementor-element-1190b0e elementor-widget elementor-widget-heading\" data-id=\"1190b0e\" data-element_type=\"widget\" data-e-type=\"widget\" data-widget_type=\"heading.default\">\n\t\t\t\t\t<h2 class=\"elementor-heading-title elementor-size-default\">Yat\u0131r\u0131mc\u0131 ve T\u00fcccar Vizeleri T\u00fcrleri<\/h2>\t\t\t\t<\/div>\n\t\t\t\t\t<\/div>\n\t\t<\/div>\n\t\t\t\t\t<\/div>\n\t\t<\/section>\n\t\t\t\t<div class=\"elementor-element elementor-element-c327aab elementor-widget elementor-widget-text-editor\" data-id=\"c327aab\" data-element_type=\"widget\" data-e-type=\"widget\" data-widget_type=\"text-editor.default\">\n\t\t\t\t\t\t\t\t\t<h4><strong><a href=\"https:\/\/marsanakguclaw.com\/tr\/e-1-tuccar-vizesi\/\"> E-1 T\u00fcccar Vizesi<\/a> (Treaty Trader Visa):<\/strong><\/h4><ul><li><strong>Kimler i\u00e7in?<\/strong> ABD ile ticaret anla\u015fmas\u0131 (Treaty) bulunan \u00fclkelerin vatanda\u015flar\u0131 i\u00e7in uygundur.<\/li><li><strong>Ama\u00e7:<\/strong> ABD ile ticaret anla\u015fmas\u0131 kapsam\u0131ndaki mal, hizmet veya teknoloji alan\u0131nda \u00f6nemli ticari faaliyet y\u00fcr\u00fctmek.<\/li><li><strong>Gereklilikler:<\/strong><ul><li>Ticaretin \u00f6nemli \u00f6l\u00e7\u00fcde olmas\u0131 (y\u00fcksek hacimli veya s\u00fcrekli).<\/li><li>Ticaretin %50&#8217;sinin ABD ve ki\u015finin kendi \u00fclkesi aras\u0131nda ger\u00e7ekle\u015fmesi.<\/li><li>Ba\u015fvuran\u0131n bir i\u015fletme sahibi, y\u00f6netici veya \u00f6nemli bir \u00e7al\u0131\u015fan olmas\u0131.<\/li><\/ul><\/li><\/ul><h4><strong><a href=\"https:\/\/marsanakguclaw.com\/tr\/e2-yatirimci-vizesi\/\">E-2 Yat\u0131r\u0131mc\u0131 Vizesi<\/a> (Treaty Investor Visa):<\/strong><\/h4><ul><li><strong>Kimler i\u00e7in?<\/strong> ABD ile yat\u0131r\u0131m anla\u015fmas\u0131 bulunan \u00fclkelerin vatanda\u015flar\u0131 i\u00e7in uygundur.<\/li><li><strong>Ama\u00e7:<\/strong> ABD&#8217;de \u00f6nemli bir yat\u0131r\u0131m yapmak ve bu yat\u0131r\u0131m \u00fczerinden bir i\u015fletme y\u00f6netmek.<\/li><li><strong>Gereklilikler:<\/strong><ul><li>Yat\u0131r\u0131m miktar\u0131n\u0131n &#8220;\u00f6nemli&#8221; olmas\u0131 (yat\u0131r\u0131m\u0131n sekt\u00f6re ve i\u015fin b\u00fcy\u00fckl\u00fc\u011f\u00fcne uygun olmas\u0131 gerekir).<\/li><li>Yat\u0131r\u0131m yap\u0131lan i\u015fletmenin aktif bir i\u015f olmas\u0131 (pasif bir gelir kayna\u011f\u0131 olmamal\u0131).<\/li><li>Yat\u0131r\u0131mc\u0131n\u0131n i\u015fletmeyi do\u011frudan y\u00f6netmesi veya kontrol etmesi.<\/li><\/ul><\/li><\/ul>\t\t\t\t\t\t\t\t<\/div>\n\t\t\t\t\t<\/div>\n\t\t<\/div>\n\t\t\t\t\t<\/div>\n\t\t<\/section>\n\t\t\t\t<\/div>\n\t\t","protected":false},"excerpt":{"rendered":"<p>Anasayfa Amerika Birle\u015fik Devletleri&#8217;nde &#8220;Yat\u0131r\u0131mc\u0131 ve T\u00fcccar Vizeleri&#8221; ABD ile yat\u0131r\u0131m ve ticaret ili\u015fkileri kurmay\u0131 hedefleyen yabanc\u0131 i\u015f insanlar\u0131na y\u00f6nelik vize t\u00fcrleridir. Bu vizeler, ABD&#8217;de ticari faaliyetler ger\u00e7ekle\u015ftirmek veya i\u015f yat\u0131r\u0131m\u0131 yapmak isteyen ki\u015filer i\u00e7in tasarlanm\u0131\u015ft\u0131r. https:\/\/www.youtube.com\/watch?v=cf3mMLRfEhk Yat\u0131r\u0131mc\u0131 ve T\u00fcccar Vizeleri T\u00fcrleri E-1 T\u00fcccar Vizesi (Treaty Trader Visa): Kimler i\u00e7in? ABD ile ticaret anla\u015fmas\u0131 (Treaty) [&hellip;]<\/p>\n","protected":false},"author":1,"featured_media":5632,"parent":0,"menu_order":0,"comment_status":"closed","ping_status":"closed","template":"","meta":{"footnotes":""},"class_list":["post-5065","page","type-page","status-publish","has-post-thumbnail","hentry"],"_links":{"self":[{"href":"https:\/\/marsanakguclaw.com\/tr\/wp-json\/wp\/v2\/pages\/5065","targetHints":{"allow":["GET"]}}],"collection":[{"href":"https:\/\/marsanakguclaw.com\/tr\/wp-json\/wp\/v2\/pages"}],"about":[{"href":"https:\/\/marsanakguclaw.com\/tr\/wp-json\/wp\/v2\/types\/page"}],"author":[{"embeddable":true,"href":"https:\/\/marsanakguclaw.com\/tr\/wp-json\/wp\/v2\/users\/1"}],"replies":[{"embeddable":true,"href":"https:\/\/marsanakguclaw.com\/tr\/wp-json\/wp\/v2\/comments?post=5065"}],"version-history":[{"count":10,"href":"https:\/\/marsanakguclaw.com\/tr\/wp-json\/wp\/v2\/pages\/5065\/revisions"}],"predecessor-version":[{"id":5646,"href":"https:\/\/marsanakguclaw.com\/tr\/wp-json\/wp\/v2\/pages\/5065\/revisions\/5646"}],"wp:featuredmedia":[{"embeddable":true,"href":"https:\/\/marsanakguclaw.com\/tr\/wp-json\/wp\/v2\/media\/5632"}],"wp:attachment":[{"href":"https:\/\/marsanakguclaw.com\/tr\/wp-json\/wp\/v2\/media?parent=5065"}],"curies":[{"name":"wp","href":"https:\/\/api.w.org\/{rel}","templated":true}]}}