{"id":5106,"date":"2025-08-18T14:03:58","date_gmt":"2025-08-18T11:03:58","guid":{"rendered":"https:\/\/marsanakguclaw.com\/tr\/?page_id=5106"},"modified":"2025-08-24T13:18:12","modified_gmt":"2025-08-24T10:18:12","slug":"p-2-vizesi","status":"publish","type":"page","link":"https:\/\/marsanakguclaw.com\/tr\/p-2-vizesi\/","title":{"rendered":"P-2 Vizesi"},"content":{"rendered":"\t\t<div data-elementor-type=\"wp-page\" data-elementor-id=\"5106\" class=\"elementor elementor-5106\" data-elementor-post-type=\"page\">\n\t\t\t\t\t\t<section class=\"elementor-section elementor-top-section elementor-element elementor-element-10fff06 elementor-section-boxed elementor-section-height-default elementor-section-height-default\" data-id=\"10fff06\" data-element_type=\"section\" data-e-type=\"section\">\n\t\t\t\t\t\t<div class=\"elementor-container elementor-column-gap-default\">\n\t\t\t\t\t<div class=\"elementor-column elementor-col-100 elementor-top-column elementor-element elementor-element-0a8b1d5\" data-id=\"0a8b1d5\" data-element_type=\"column\" data-e-type=\"column\">\n\t\t\t<div class=\"elementor-widget-wrap elementor-element-populated\">\n\t\t\t\t\t\t<div class=\"elementor-element elementor-element-21e0cee elementor-widget elementor-widget-breadcrumbs\" data-id=\"21e0cee\" data-element_type=\"widget\" data-e-type=\"widget\" data-widget_type=\"breadcrumbs.default\">\n\t\t\t\t<div class=\"elementor-widget-container\">\n\t\t\t\t\t<span><span class=\"last\">Anasayfa<\/span><\/span>\t\t\t\t<\/div>\n\t\t\t\t<\/div>\n\t\t\t\t\t<\/div>\n\t\t<\/div>\n\t\t\t\t\t<\/div>\n\t\t<\/section>\n\t\t\t\t<section class=\"elementor-section elementor-top-section elementor-element elementor-element-5e8de94 elementor-section-boxed elementor-section-height-default elementor-section-height-default\" data-id=\"5e8de94\" data-element_type=\"section\" data-e-type=\"section\">\n\t\t\t\t\t\t<div class=\"elementor-container elementor-column-gap-default\">\n\t\t\t\t\t<div class=\"elementor-column elementor-col-100 elementor-top-column elementor-element elementor-element-6bc161d\" data-id=\"6bc161d\" data-element_type=\"column\" data-e-type=\"column\">\n\t\t\t<div class=\"elementor-widget-wrap elementor-element-populated\">\n\t\t\t\t\t\t<div class=\"elementor-element elementor-element-749c248 elementor-widget elementor-widget-image\" data-id=\"749c248\" data-element_type=\"widget\" data-e-type=\"widget\" data-widget_type=\"image.default\">\n\t\t\t\t\t\t\t\t\t\t\t\t\t\t\t<img fetchpriority=\"high\" decoding=\"async\" width=\"1200\" height=\"350\" src=\"https:\/\/marsanakguclaw.com\/tr\/wp-content\/uploads\/2025\/08\/P-2-Vizesi.jpg\" class=\"attachment-full size-full wp-image-5600\" alt=\"\" srcset=\"https:\/\/marsanakguclaw.com\/tr\/wp-content\/uploads\/2025\/08\/P-2-Vizesi.jpg 1200w, https:\/\/marsanakguclaw.com\/tr\/wp-content\/uploads\/2025\/08\/P-2-Vizesi-300x88.jpg 300w, https:\/\/marsanakguclaw.com\/tr\/wp-content\/uploads\/2025\/08\/P-2-Vizesi-1024x299.jpg 1024w, https:\/\/marsanakguclaw.com\/tr\/wp-content\/uploads\/2025\/08\/P-2-Vizesi-768x224.jpg 768w\" sizes=\"(max-width: 1200px) 100vw, 1200px\" \/>\t\t\t\t\t\t\t\t\t\t\t\t\t\t\t<\/div>\n\t\t\t\t<div class=\"elementor-element elementor-element-631e48f elementor-nav-menu__align-start elementor-nav-menu--dropdown-none elementor-widget elementor-widget-nav-menu\" data-id=\"631e48f\" data-element_type=\"widget\" data-e-type=\"widget\" data-settings=\"{&quot;layout&quot;:&quot;horizontal&quot;,&quot;submenu_icon&quot;:{&quot;value&quot;:&quot;&lt;svg aria-hidden=\\&quot;true\\&quot; class=\\&quot;e-font-icon-svg e-fas-caret-down\\&quot; viewBox=\\&quot;0 0 320 512\\&quot; xmlns=\\&quot;http:\\\/\\\/www.w3.org\\\/2000\\\/svg\\&quot;&gt;&lt;path d=\\&quot;M31.3 192h257.3c17.8 0 26.7 21.5 14.1 34.1L174.1 354.8c-7.8 7.8-20.5 7.8-28.3 0L17.2 226.1C4.6 213.5 13.5 192 31.3 192z\\&quot;&gt;&lt;\\\/path&gt;&lt;\\\/svg&gt;&quot;,&quot;library&quot;:&quot;fa-solid&quot;}}\" data-widget_type=\"nav-menu.default\">\n\t\t\t\t\t\t\t\t<nav aria-label=\"Men\u00fc\" class=\"elementor-nav-menu--main elementor-nav-menu__container elementor-nav-menu--layout-horizontal e--pointer-underline e--animation-fade\">\n\t\t\t\t<ul id=\"menu-1-631e48f\" class=\"elementor-nav-menu\"><li class=\"menu-item menu-item-type-post_type menu-item-object-page menu-item-5121\"><a href=\"https:\/\/marsanakguclaw.com\/tr\/o-1-vizesi\/\" class=\"elementor-item\">O-1 Vizesi<\/a><\/li>\n<li class=\"menu-item menu-item-type-post_type menu-item-object-page menu-item-5120\"><a href=\"https:\/\/marsanakguclaw.com\/tr\/o-1a-vizesi\/\" class=\"elementor-item\">O-1A Vizesi<\/a><\/li>\n<li class=\"menu-item menu-item-type-post_type menu-item-object-page menu-item-5119\"><a href=\"https:\/\/marsanakguclaw.com\/tr\/o-1b-vizesi\/\" class=\"elementor-item\">O-1B Vizesi<\/a><\/li>\n<li class=\"menu-item menu-item-type-post_type menu-item-object-page menu-item-5118\"><a href=\"https:\/\/marsanakguclaw.com\/tr\/p-1a-vizesi\/\" class=\"elementor-item\">P-1A Vizesi<\/a><\/li>\n<li class=\"menu-item menu-item-type-post_type menu-item-object-page menu-item-5117\"><a href=\"https:\/\/marsanakguclaw.com\/tr\/p-1b-vizesi\/\" class=\"elementor-item\">P-1B Vizesi<\/a><\/li>\n<li class=\"menu-item menu-item-type-post_type menu-item-object-page menu-item-5116\"><a href=\"https:\/\/marsanakguclaw.com\/tr\/p-2-vizesi\/\" class=\"elementor-item\">P-2 Vizesi<\/a><\/li>\n<li class=\"menu-item menu-item-type-post_type menu-item-object-page menu-item-5115\"><a href=\"https:\/\/marsanakguclaw.com\/tr\/p-3-vizesi\/\" class=\"elementor-item\">P-3 Vizesi<\/a><\/li>\n<\/ul>\t\t\t<\/nav>\n\t\t\t\t\t\t<nav class=\"elementor-nav-menu--dropdown elementor-nav-menu__container\" aria-hidden=\"true\">\n\t\t\t\t<ul id=\"menu-2-631e48f\" class=\"elementor-nav-menu\"><li class=\"menu-item menu-item-type-post_type menu-item-object-page menu-item-5121\"><a href=\"https:\/\/marsanakguclaw.com\/tr\/o-1-vizesi\/\" class=\"elementor-item\" tabindex=\"-1\">O-1 Vizesi<\/a><\/li>\n<li class=\"menu-item menu-item-type-post_type menu-item-object-page menu-item-5120\"><a href=\"https:\/\/marsanakguclaw.com\/tr\/o-1a-vizesi\/\" class=\"elementor-item\" tabindex=\"-1\">O-1A Vizesi<\/a><\/li>\n<li class=\"menu-item menu-item-type-post_type menu-item-object-page menu-item-5119\"><a href=\"https:\/\/marsanakguclaw.com\/tr\/o-1b-vizesi\/\" class=\"elementor-item\" tabindex=\"-1\">O-1B Vizesi<\/a><\/li>\n<li class=\"menu-item menu-item-type-post_type menu-item-object-page menu-item-5118\"><a href=\"https:\/\/marsanakguclaw.com\/tr\/p-1a-vizesi\/\" class=\"elementor-item\" tabindex=\"-1\">P-1A Vizesi<\/a><\/li>\n<li class=\"menu-item menu-item-type-post_type menu-item-object-page menu-item-5117\"><a href=\"https:\/\/marsanakguclaw.com\/tr\/p-1b-vizesi\/\" class=\"elementor-item\" tabindex=\"-1\">P-1B Vizesi<\/a><\/li>\n<li class=\"menu-item menu-item-type-post_type menu-item-object-page menu-item-5116\"><a href=\"https:\/\/marsanakguclaw.com\/tr\/p-2-vizesi\/\" class=\"elementor-item\" tabindex=\"-1\">P-2 Vizesi<\/a><\/li>\n<li class=\"menu-item menu-item-type-post_type menu-item-object-page menu-item-5115\"><a href=\"https:\/\/marsanakguclaw.com\/tr\/p-3-vizesi\/\" class=\"elementor-item\" tabindex=\"-1\">P-3 Vizesi<\/a><\/li>\n<\/ul>\t\t\t<\/nav>\n\t\t\t\t\t\t<\/div>\n\t\t\t\t\t<\/div>\n\t\t<\/div>\n\t\t\t\t\t<\/div>\n\t\t<\/section>\n\t\t\t\t<section class=\"elementor-section elementor-top-section elementor-element elementor-element-e40a959 elementor-section-boxed elementor-section-height-default elementor-section-height-default\" data-id=\"e40a959\" data-element_type=\"section\" data-e-type=\"section\">\n\t\t\t\t\t\t<div class=\"elementor-container elementor-column-gap-default\">\n\t\t\t\t\t<div class=\"elementor-column elementor-col-100 elementor-top-column elementor-element elementor-element-8d27364\" data-id=\"8d27364\" data-element_type=\"column\" data-e-type=\"column\">\n\t\t\t<div class=\"elementor-widget-wrap elementor-element-populated\">\n\t\t\t\t\t\t<div class=\"elementor-element elementor-element-0fd756c elementor-widget elementor-widget-text-editor\" data-id=\"0fd756c\" data-element_type=\"widget\" data-e-type=\"widget\" data-widget_type=\"text-editor.default\">\n\t\t\t\t\t\t\t\t\t<p>P-2 Vizesi, <strong>Amerika Birle\u015fik Devletleri\u2019ndeki organizasyonlar ile yabanc\u0131 \u00fclkelerdeki organizasyonlar aras\u0131ndaki kar\u015f\u0131l\u0131kl\u0131 de\u011fi\u015fim programlar\u0131 arac\u0131l\u0131\u011f\u0131yla sanat\u00e7\u0131lar, \u015fovmenler ve g\u00f6steri grubu \u00fcyelerine y\u00f6nelik olarak verilen ge\u00e7ici bir g\u00f6\u00e7men istihdam vizesidir.<\/strong> P-2 Vizesi sanat\u00e7\u0131lar\u0131n k\u00fclt\u00fcrel de\u011fi\u015fim programlar\u0131na kat\u0131l\u0131m\u0131n\u0131 sa\u011flamak amac\u0131yla tasarlanm\u0131\u015ft\u0131r.<\/p>\t\t\t\t\t\t\t\t<\/div>\n\t\t\t\t<section class=\"elementor-section elementor-inner-section elementor-element elementor-element-9d6e3ce elementor-section-boxed elementor-section-height-default elementor-section-height-default\" data-id=\"9d6e3ce\" data-element_type=\"section\" data-e-type=\"section\">\n\t\t\t\t\t\t<div class=\"elementor-container elementor-column-gap-default\">\n\t\t\t\t\t<div class=\"elementor-column elementor-col-100 elementor-inner-column elementor-element elementor-element-5b0ef84\" data-id=\"5b0ef84\" data-element_type=\"column\" data-e-type=\"column\" data-settings=\"{&quot;background_background&quot;:&quot;classic&quot;}\">\n\t\t\t<div class=\"elementor-widget-wrap elementor-element-populated\">\n\t\t\t\t\t\t<div class=\"elementor-element elementor-element-80de3c8 elementor-widget elementor-widget-heading\" data-id=\"80de3c8\" data-element_type=\"widget\" data-e-type=\"widget\" data-widget_type=\"heading.default\">\n\t\t\t\t\t<h2 class=\"elementor-heading-title elementor-size-default\">P-2 Vizesi Kabul Ko\u015fullar\u0131<\/h2>\t\t\t\t<\/div>\n\t\t\t\t\t<\/div>\n\t\t<\/div>\n\t\t\t\t\t<\/div>\n\t\t<\/section>\n\t\t\t\t<div class=\"elementor-element elementor-element-533a7d1 elementor-widget elementor-widget-text-editor\" data-id=\"533a7d1\" data-element_type=\"widget\" data-e-type=\"widget\" data-widget_type=\"text-editor.default\">\n\t\t\t\t\t\t\t\t\t<ul><li><strong>Sanat\u00e7\u0131lar ve G\u00f6steri Gruplar\u0131:<\/strong> Ba\u015fvuran aday, Amerikan h\u00fck\u00fcmeti taraf\u0131ndan tan\u0131nan bir kar\u015f\u0131l\u0131kl\u0131 de\u011fi\u015fim program\u0131na kat\u0131lmal\u0131 ve bu program arac\u0131l\u0131\u011f\u0131yla ABD\u2019ye gelmelidir.<\/li><li><strong>E\u015fit Yetenek Seviyesi:<\/strong> Ba\u015fvuran aday, yetene\u011fiyle programa kat\u0131lan Amerikal\u0131 bir sanat\u00e7\u0131yla denk bir sanat\u00e7\u0131 oldu\u011funu kan\u0131tlamal\u0131d\u0131r.<\/li><li><strong>Onayl\u0131 Program:<\/strong> Ba\u015fvuru yap\u0131lan de\u011fi\u015fim program\u0131n\u0131n USCIS taraf\u0131ndan d\u00fczenleyici kriterlere uygun oldu\u011funun de\u011ferlendirilmesi gereklidir.<\/li><\/ul><p>Sanat\u00e7\u0131lar\u0131n ve \u015fovmenlerin performanslar\u0131 i\u00e7in hayati \u00f6nem ta\u015f\u0131yan temel yard\u0131m ekibi \u00fcyeleri de P-2 Vizesine ba\u015fvurabilir. Yard\u0131m ekibi, sanat\u00e7\u0131lar\u0131n performans\u0131n\u0131 destekleyen ve gerekli bilgi birikimine sahip olan ki\u015filerdir.<br \/>Temel yard\u0131m ekibine dahil olabilecek meslek gruplar\u0131:<\/p><ul><li>Sahne G\u00f6revlileri<\/li><li>Ses ve I\u015f\u0131k Teknisyenleri<\/li><li>E\u011fitmenler<\/li><li>Kost\u00fcm Tasar\u0131mc\u0131lar\u0131<\/li><\/ul>\t\t\t\t\t\t\t\t<\/div>\n\t\t\t\t<section class=\"elementor-section elementor-inner-section elementor-element elementor-element-9d25a1b elementor-section-boxed elementor-section-height-default elementor-section-height-default\" data-id=\"9d25a1b\" data-element_type=\"section\" data-e-type=\"section\">\n\t\t\t\t\t\t<div class=\"elementor-container elementor-column-gap-default\">\n\t\t\t\t\t<div class=\"elementor-column elementor-col-100 elementor-inner-column elementor-element elementor-element-b7526c6\" data-id=\"b7526c6\" data-element_type=\"column\" data-e-type=\"column\" data-settings=\"{&quot;background_background&quot;:&quot;classic&quot;}\">\n\t\t\t<div class=\"elementor-widget-wrap elementor-element-populated\">\n\t\t\t\t\t\t<div class=\"elementor-element elementor-element-3a844c2 elementor-widget elementor-widget-heading\" data-id=\"3a844c2\" data-element_type=\"widget\" data-e-type=\"widget\" data-widget_type=\"heading.default\">\n\t\t\t\t\t<h2 class=\"elementor-heading-title elementor-size-default\">S\u0131k\u00e7a Sorulan Sorular<\/h2>\t\t\t\t<\/div>\n\t\t\t\t\t<\/div>\n\t\t<\/div>\n\t\t\t\t\t<\/div>\n\t\t<\/section>\n\t\t\t\t<div class=\"elementor-element elementor-element-6327e1d elementor-widget elementor-widget-text-editor\" data-id=\"6327e1d\" data-element_type=\"widget\" data-e-type=\"widget\" data-widget_type=\"text-editor.default\">\n\t\t\t\t\t\t\t\t\t<p>P-1 vizesine ba\u015fvuru s\u00fcresinde\u00a0 daha fazla bilgiye veya rehberli\u011fe ihtiyac\u0131n\u0131z varsa, <strong>Marsan Akg\u00fc\u00e7 Law Firm<\/strong> olarak sizin yan\u0131n\u0131zday\u0131z. Profesyonel ekibimiz, t\u00fcm vize s\u00fcreci kolayla\u015ft\u0131rarak ba\u015fvurunuzun ba\u015far\u0131yla sonu\u00e7lanmas\u0131na destek olur.<\/p>\t\t\t\t\t\t\t\t<\/div>\n\t\t\t\t<div class=\"elementor-element elementor-element-b0aca3d elementor-widget elementor-widget-elementskit-accordion\" data-id=\"b0aca3d\" data-element_type=\"widget\" data-e-type=\"widget\" data-widget_type=\"elementskit-accordion.default\">\n\t\t\t\t\t<div class=\"ekit-wid-con\" >\n        <div class=\"elementskit-accordion accoedion-primary\" id=\"accordion-6a048d0996c3e\">\n\n            \n                <div class=\"elementskit-card active\">\n                    <div class=\"elementskit-card-header\" id=\"primaryHeading-0-b0aca3d\">\n                        <a href=\"#collapse-29b002b6a048d0996c3e\" class=\"ekit-accordion--toggler elementskit-btn-link collapsed\" data-ekit-toggle=\"collapse\" data-target=\"#Collapse-29b002b6a048d0996c3e\" aria-expanded=\"true\" aria-controls=\"Collapse-29b002b6a048d0996c3e\">\n                                                            <div class=\"ekit_accordion_icon_left_group\">\n                                    <div class=\"ekit_accordion_normal_icon\">\n                                        <!-- Normal Icon -->\n                                        <i class=\"icon icon-plus\"><\/i>                                    <\/div>\n\n                                    <div class=\"ekit_accordion_active_icon\">\n                                        <!-- Active Icon -->\n\t\t\t\t\t\t\t\t\t\t<i class=\"icon icon-minus\"><\/i>                                    <\/div>\n                                <\/div>\n\n                            \n                            <span class=\"ekit-accordion-title\">P-2 Vizesi nedir?<\/span>\n\n                            \n                                                    <\/a>\n                    <\/div>\n\n                    <div id=\"Collapse-29b002b6a048d0996c3e\" class=\" show collapse\" aria-labelledby=\"primaryHeading-0-b0aca3d\" data-parent=\"#accordion-6a048d0996c3e\">\n\n                        <div class=\"elementskit-card-body ekit-accordion--content\">\n                            <p>P-2 Vizesi, Amerikal\u0131 ve yabanc\u0131 organizasyonlar aras\u0131nda kar\u015f\u0131l\u0131kl\u0131 de\u011fi\u015fim programlar\u0131 \u00e7er\u00e7evesinde sanat\u00e7\u0131lar ve g\u00f6steri gruplar\u0131na verilen ge\u00e7ici bir g\u00f6\u00e7men vizesidir.<\/p>                        <\/div>\n\n                    <\/div>\n\n                <\/div><!-- .elementskit-card END -->\n\n                \n                <div class=\"elementskit-card \">\n                    <div class=\"elementskit-card-header\" id=\"primaryHeading-1-b0aca3d\">\n                        <a href=\"#collapse-7b075116a048d0996c3e\" class=\"ekit-accordion--toggler elementskit-btn-link collapsed\" data-ekit-toggle=\"collapse\" data-target=\"#Collapse-7b075116a048d0996c3e\" aria-expanded=\"false\" aria-controls=\"Collapse-7b075116a048d0996c3e\">\n                                                            <div class=\"ekit_accordion_icon_left_group\">\n                                    <div class=\"ekit_accordion_normal_icon\">\n                                        <!-- Normal Icon -->\n                                        <i class=\"icon icon-plus\"><\/i>                                    <\/div>\n\n                                    <div class=\"ekit_accordion_active_icon\">\n                                        <!-- Active Icon -->\n\t\t\t\t\t\t\t\t\t\t<i class=\"icon icon-minus\"><\/i>                                    <\/div>\n                                <\/div>\n\n                            \n                            <span class=\"ekit-accordion-title\">P-2 Vizesi kimler i\u00e7in uygundur?<\/span>\n\n                            \n                                                    <\/a>\n                    <\/div>\n\n                    <div id=\"Collapse-7b075116a048d0996c3e\" class=\" collapse\" aria-labelledby=\"primaryHeading-1-b0aca3d\" data-parent=\"#accordion-6a048d0996c3e\">\n\n                        <div class=\"elementskit-card-body ekit-accordion--content\">\n                            <p>Bu vize, uluslararas\u0131 bir de\u011fi\u015fim program\u0131na kat\u0131lmak \u00fczere ABD\u2019ye gelen sanat\u00e7\u0131lar, \u015fovmenler ve g\u00f6steri grubu \u00fcyeleri i\u00e7in uygundur.<\/p>                        <\/div>\n\n                    <\/div>\n\n                <\/div><!-- .elementskit-card END -->\n\n                \n                <div class=\"elementskit-card \">\n                    <div class=\"elementskit-card-header\" id=\"primaryHeading-2-b0aca3d\">\n                        <a href=\"#collapse-14ab9ff6a048d0996c3e\" class=\"ekit-accordion--toggler elementskit-btn-link collapsed\" data-ekit-toggle=\"collapse\" data-target=\"#Collapse-14ab9ff6a048d0996c3e\" aria-expanded=\"false\" aria-controls=\"Collapse-14ab9ff6a048d0996c3e\">\n                                                            <div class=\"ekit_accordion_icon_left_group\">\n                                    <div class=\"ekit_accordion_normal_icon\">\n                                        <!-- Normal Icon -->\n                                        <i class=\"icon icon-plus\"><\/i>                                    <\/div>\n\n                                    <div class=\"ekit_accordion_active_icon\">\n                                        <!-- Active Icon -->\n\t\t\t\t\t\t\t\t\t\t<i class=\"icon icon-minus\"><\/i>                                    <\/div>\n                                <\/div>\n\n                            \n                            <span class=\"ekit-accordion-title\">P-2 Vizesi ile Amerika\u2019da ne kadar s\u00fcre kalabilirim?<\/span>\n\n                            \n                                                    <\/a>\n                    <\/div>\n\n                    <div id=\"Collapse-14ab9ff6a048d0996c3e\" class=\" collapse\" aria-labelledby=\"primaryHeading-2-b0aca3d\" data-parent=\"#accordion-6a048d0996c3e\">\n\n                        <div class=\"elementskit-card-body ekit-accordion--content\">\n                            <p>P-2 Vizesi, ba\u015fvuru sahibinin ABD\u2019deki etkinlik s\u00fcresiyle s\u0131n\u0131rl\u0131d\u0131r. \u0130lk kal\u0131\u015f s\u00fcresi bir y\u0131l\u0131 ge\u00e7emez, ancak gerekti\u011finde uzat\u0131labilir.<\/p>                        <\/div>\n\n                    <\/div>\n\n                <\/div><!-- .elementskit-card END -->\n\n                \n                <div class=\"elementskit-card \">\n                    <div class=\"elementskit-card-header\" id=\"primaryHeading-3-b0aca3d\">\n                        <a href=\"#collapse-d3ceb506a048d0996c3e\" class=\"ekit-accordion--toggler elementskit-btn-link collapsed\" data-ekit-toggle=\"collapse\" data-target=\"#Collapse-d3ceb506a048d0996c3e\" aria-expanded=\"false\" aria-controls=\"Collapse-d3ceb506a048d0996c3e\">\n                                                            <div class=\"ekit_accordion_icon_left_group\">\n                                    <div class=\"ekit_accordion_normal_icon\">\n                                        <!-- Normal Icon -->\n                                        <i class=\"icon icon-plus\"><\/i>                                    <\/div>\n\n                                    <div class=\"ekit_accordion_active_icon\">\n                                        <!-- Active Icon -->\n\t\t\t\t\t\t\t\t\t\t<i class=\"icon icon-minus\"><\/i>                                    <\/div>\n                                <\/div>\n\n                            \n                            <span class=\"ekit-accordion-title\">P-2 Vizesi i\u015flem s\u00fcresi ne kadar s\u00fcrer?<\/span>\n\n                            \n                                                    <\/a>\n                    <\/div>\n\n                    <div id=\"Collapse-d3ceb506a048d0996c3e\" class=\" collapse\" aria-labelledby=\"primaryHeading-3-b0aca3d\" data-parent=\"#accordion-6a048d0996c3e\">\n\n                        <div class=\"elementskit-card-body ekit-accordion--content\">\n                            <p>Ba\u015fvuru s\u00fcresi de\u011fi\u015fmekle birlikte genellikle 3 ila 4 ay aras\u0131nda tamamlan\u0131r. Premium i\u015flem se\u00e7ene\u011fiyle bu s\u00fcre k\u0131salt\u0131labilir.<\/p>                        <\/div>\n\n                    <\/div>\n\n                <\/div><!-- .elementskit-card END -->\n\n                                                        <script type=\"application\/ld+json\">{\"@context\":\"https:\/\/schema.org\",\"@type\":\"FAQPage\",\"mainEntity\":[{\"@type\":\"Question\",\"name\":\"P-2 Vizesi nedir?\",\"acceptedAnswer\":{\"@type\":\"Answer\",\"text\":\"<p>P-2 Vizesi, Amerikal\u0131 ve yabanc\u0131 organizasyonlar aras\u0131nda kar\u015f\u0131l\u0131kl\u0131 de\u011fi\u015fim programlar\u0131 \u00e7er\u00e7evesinde sanat\u00e7\u0131lar ve g\u00f6steri gruplar\u0131na verilen ge\u00e7ici bir g\u00f6\u00e7men vizesidir.<\/p>\"}},{\"@type\":\"Question\",\"name\":\"P-2 Vizesi kimler i\u00e7in uygundur?\",\"acceptedAnswer\":{\"@type\":\"Answer\",\"text\":\"<p>Bu vize, uluslararas\u0131 bir de\u011fi\u015fim program\u0131na kat\u0131lmak \u00fczere ABD\u2019ye gelen sanat\u00e7\u0131lar, \u015fovmenler ve g\u00f6steri grubu \u00fcyeleri i\u00e7in uygundur.<\/p>\"}},{\"@type\":\"Question\",\"name\":\"P-2 Vizesi ile Amerika\u2019da ne kadar s\u00fcre kalabilirim?\",\"acceptedAnswer\":{\"@type\":\"Answer\",\"text\":\"<p>P-2 Vizesi, ba\u015fvuru sahibinin ABD\u2019deki etkinlik s\u00fcresiyle s\u0131n\u0131rl\u0131d\u0131r. \u0130lk kal\u0131\u015f s\u00fcresi bir y\u0131l\u0131 ge\u00e7emez, ancak gerekti\u011finde uzat\u0131labilir.<\/p>\"}},{\"@type\":\"Question\",\"name\":\"P-2 Vizesi i\u015flem s\u00fcresi ne kadar s\u00fcrer?\",\"acceptedAnswer\":{\"@type\":\"Answer\",\"text\":\"<p>Ba\u015fvuru s\u00fcresi de\u011fi\u015fmekle birlikte genellikle 3 ila 4 ay aras\u0131nda tamamlan\u0131r. Premium i\u015flem se\u00e7ene\u011fiyle bu s\u00fcre k\u0131salt\u0131labilir.<\/p>\"}}]}<\/script>\n                                <\/div>\n    <\/div>\t\t\t\t<\/div>\n\t\t\t\t\t<\/div>\n\t\t<\/div>\n\t\t\t\t\t<\/div>\n\t\t<\/section>\n\t\t\t\t<\/div>\n\t\t","protected":false},"excerpt":{"rendered":"<p>Anasayfa P-2 Vizesi, Amerika Birle\u015fik Devletleri\u2019ndeki organizasyonlar ile yabanc\u0131 \u00fclkelerdeki organizasyonlar aras\u0131ndaki kar\u015f\u0131l\u0131kl\u0131 de\u011fi\u015fim programlar\u0131 arac\u0131l\u0131\u011f\u0131yla sanat\u00e7\u0131lar, \u015fovmenler ve g\u00f6steri grubu \u00fcyelerine y\u00f6nelik olarak verilen ge\u00e7ici bir g\u00f6\u00e7men istihdam vizesidir. P-2 Vizesi sanat\u00e7\u0131lar\u0131n k\u00fclt\u00fcrel de\u011fi\u015fim programlar\u0131na kat\u0131l\u0131m\u0131n\u0131 sa\u011flamak amac\u0131yla tasarlanm\u0131\u015ft\u0131r. P-2 Vizesi Kabul Ko\u015fullar\u0131 Sanat\u00e7\u0131lar ve G\u00f6steri Gruplar\u0131: Ba\u015fvuran aday, Amerikan h\u00fck\u00fcmeti taraf\u0131ndan tan\u0131nan bir [&hellip;]<\/p>\n","protected":false},"author":1,"featured_media":5600,"parent":0,"menu_order":0,"comment_status":"closed","ping_status":"closed","template":"","meta":{"footnotes":""},"class_list":["post-5106","page","type-page","status-publish","has-post-thumbnail","hentry"],"_links":{"self":[{"href":"https:\/\/marsanakguclaw.com\/tr\/wp-json\/wp\/v2\/pages\/5106","targetHints":{"allow":["GET"]}}],"collection":[{"href":"https:\/\/marsanakguclaw.com\/tr\/wp-json\/wp\/v2\/pages"}],"about":[{"href":"https:\/\/marsanakguclaw.com\/tr\/wp-json\/wp\/v2\/types\/page"}],"author":[{"embeddable":true,"href":"https:\/\/marsanakguclaw.com\/tr\/wp-json\/wp\/v2\/users\/1"}],"replies":[{"embeddable":true,"href":"https:\/\/marsanakguclaw.com\/tr\/wp-json\/wp\/v2\/comments?post=5106"}],"version-history":[{"count":10,"href":"https:\/\/marsanakguclaw.com\/tr\/wp-json\/wp\/v2\/pages\/5106\/revisions"}],"predecessor-version":[{"id":5603,"href":"https:\/\/marsanakguclaw.com\/tr\/wp-json\/wp\/v2\/pages\/5106\/revisions\/5603"}],"wp:featuredmedia":[{"embeddable":true,"href":"https:\/\/marsanakguclaw.com\/tr\/wp-json\/wp\/v2\/media\/5600"}],"wp:attachment":[{"href":"https:\/\/marsanakguclaw.com\/tr\/wp-json\/wp\/v2\/media?parent=5106"}],"curies":[{"name":"wp","href":"https:\/\/api.w.org\/{rel}","templated":true}]}}