{"id":5163,"date":"2025-08-20T13:43:09","date_gmt":"2025-08-20T10:43:09","guid":{"rendered":"https:\/\/marsanakguclaw.com\/tr\/?page_id=5163"},"modified":"2025-08-22T12:37:59","modified_gmt":"2025-08-22T09:37:59","slug":"calisma-vizeleri","status":"publish","type":"page","link":"https:\/\/marsanakguclaw.com\/tr\/calisma-vizeleri\/","title":{"rendered":"\u00c7al\u0131\u015fma Vizeleri"},"content":{"rendered":"\t\t<div data-elementor-type=\"wp-page\" data-elementor-id=\"5163\" class=\"elementor elementor-5163\" data-elementor-post-type=\"page\">\n\t\t\t\t\t\t<section class=\"elementor-section elementor-top-section elementor-element elementor-element-32fc932 elementor-section-boxed elementor-section-height-default elementor-section-height-default\" data-id=\"32fc932\" data-element_type=\"section\" data-e-type=\"section\">\n\t\t\t\t\t\t<div class=\"elementor-container elementor-column-gap-default\">\n\t\t\t\t\t<div class=\"elementor-column elementor-col-100 elementor-top-column elementor-element elementor-element-400dc00\" data-id=\"400dc00\" data-element_type=\"column\" data-e-type=\"column\">\n\t\t\t<div class=\"elementor-widget-wrap elementor-element-populated\">\n\t\t\t\t\t\t<div class=\"elementor-element elementor-element-28a98b5 elementor-widget elementor-widget-breadcrumbs\" data-id=\"28a98b5\" data-element_type=\"widget\" data-e-type=\"widget\" data-widget_type=\"breadcrumbs.default\">\n\t\t\t\t<div class=\"elementor-widget-container\">\n\t\t\t\t\t<span><span class=\"last\">Anasayfa<\/span><\/span>\t\t\t\t<\/div>\n\t\t\t\t<\/div>\n\t\t\t\t\t<\/div>\n\t\t<\/div>\n\t\t\t\t\t<\/div>\n\t\t<\/section>\n\t\t\t\t<section class=\"elementor-section elementor-top-section elementor-element elementor-element-620f2fc elementor-section-boxed elementor-section-height-default elementor-section-height-default\" data-id=\"620f2fc\" data-element_type=\"section\" data-e-type=\"section\">\n\t\t\t\t\t\t<div class=\"elementor-container elementor-column-gap-default\">\n\t\t\t\t\t<div class=\"elementor-column elementor-col-100 elementor-top-column elementor-element elementor-element-536b9f3\" data-id=\"536b9f3\" data-element_type=\"column\" data-e-type=\"column\">\n\t\t\t<div class=\"elementor-widget-wrap elementor-element-populated\">\n\t\t\t\t\t\t<div class=\"elementor-element elementor-element-4cfebef elementor-widget elementor-widget-image\" data-id=\"4cfebef\" data-element_type=\"widget\" data-e-type=\"widget\" data-widget_type=\"image.default\">\n\t\t\t\t\t\t\t\t\t\t\t\t\t\t\t<img fetchpriority=\"high\" decoding=\"async\" width=\"1200\" height=\"350\" src=\"https:\/\/marsanakguclaw.com\/tr\/wp-content\/uploads\/2025\/08\/Calisma-Vizeleri.jpg\" class=\"attachment-full size-full wp-image-5538\" alt=\"\" srcset=\"https:\/\/marsanakguclaw.com\/tr\/wp-content\/uploads\/2025\/08\/Calisma-Vizeleri.jpg 1200w, https:\/\/marsanakguclaw.com\/tr\/wp-content\/uploads\/2025\/08\/Calisma-Vizeleri-300x88.jpg 300w, https:\/\/marsanakguclaw.com\/tr\/wp-content\/uploads\/2025\/08\/Calisma-Vizeleri-1024x299.jpg 1024w, https:\/\/marsanakguclaw.com\/tr\/wp-content\/uploads\/2025\/08\/Calisma-Vizeleri-768x224.jpg 768w\" sizes=\"(max-width: 1200px) 100vw, 1200px\" \/>\t\t\t\t\t\t\t\t\t\t\t\t\t\t\t<\/div>\n\t\t\t\t<div class=\"elementor-element elementor-element-162e801 elementor-nav-menu__align-start elementor-nav-menu--dropdown-none elementor-widget elementor-widget-nav-menu\" data-id=\"162e801\" data-element_type=\"widget\" data-e-type=\"widget\" data-settings=\"{&quot;layout&quot;:&quot;horizontal&quot;,&quot;submenu_icon&quot;:{&quot;value&quot;:&quot;&lt;svg aria-hidden=\\&quot;true\\&quot; class=\\&quot;e-font-icon-svg e-fas-caret-down\\&quot; viewBox=\\&quot;0 0 320 512\\&quot; xmlns=\\&quot;http:\\\/\\\/www.w3.org\\\/2000\\\/svg\\&quot;&gt;&lt;path d=\\&quot;M31.3 192h257.3c17.8 0 26.7 21.5 14.1 34.1L174.1 354.8c-7.8 7.8-20.5 7.8-28.3 0L17.2 226.1C4.6 213.5 13.5 192 31.3 192z\\&quot;&gt;&lt;\\\/path&gt;&lt;\\\/svg&gt;&quot;,&quot;library&quot;:&quot;fa-solid&quot;}}\" data-widget_type=\"nav-menu.default\">\n\t\t\t\t\t\t\t\t<nav aria-label=\"Men\u00fc\" class=\"elementor-nav-menu--main elementor-nav-menu__container elementor-nav-menu--layout-horizontal e--pointer-underline e--animation-fade\">\n\t\t\t\t<ul id=\"menu-1-162e801\" class=\"elementor-nav-menu\"><li class=\"menu-item menu-item-type-post_type menu-item-object-page menu-item-5193\"><a href=\"https:\/\/marsanakguclaw.com\/tr\/e-3-avustralya-calisan-vizesi\/\" class=\"elementor-item\">E-3 Vizesi<\/a><\/li>\n<li class=\"menu-item menu-item-type-post_type menu-item-object-page menu-item-5186\"><a href=\"https:\/\/marsanakguclaw.com\/tr\/r-1-din-gorevlisi-vizesi\/\" class=\"elementor-item\">R-1 Vizesi<\/a><\/li>\n<li class=\"menu-item menu-item-type-post_type menu-item-object-page menu-item-5187\"><a href=\"https:\/\/marsanakguclaw.com\/tr\/i-medya-temsilcisi-vizesi\/\" class=\"elementor-item\">I Medya Temsilcisi Vizesi<\/a><\/li>\n<li class=\"menu-item menu-item-type-post_type menu-item-object-page menu-item-5188\"><a href=\"https:\/\/marsanakguclaw.com\/tr\/l-1-sirket-ici-transfer-vizesi\/\" class=\"elementor-item\">L-1 Vizesi<\/a><\/li>\n<li class=\"menu-item menu-item-type-post_type menu-item-object-page menu-item-5189\"><a href=\"https:\/\/marsanakguclaw.com\/tr\/h-3-vizesi\/\" class=\"elementor-item\">H-3 Vizesi<\/a><\/li>\n<li class=\"menu-item menu-item-type-post_type menu-item-object-page menu-item-5190\"><a href=\"https:\/\/marsanakguclaw.com\/tr\/h-2b-vizesi\/\" class=\"elementor-item\">H-2B Vizesi<\/a><\/li>\n<li class=\"menu-item menu-item-type-post_type menu-item-object-page menu-item-5191\"><a href=\"https:\/\/marsanakguclaw.com\/tr\/h-1b1-vizesi\/\" class=\"elementor-item\">H-1B1 Vizesi<\/a><\/li>\n<li class=\"menu-item menu-item-type-post_type menu-item-object-page menu-item-5192\"><a href=\"https:\/\/marsanakguclaw.com\/tr\/h-1b-vizesi\/\" class=\"elementor-item\">H-1B Vizesi<\/a><\/li>\n<\/ul>\t\t\t<\/nav>\n\t\t\t\t\t\t<nav class=\"elementor-nav-menu--dropdown elementor-nav-menu__container\" aria-hidden=\"true\">\n\t\t\t\t<ul id=\"menu-2-162e801\" class=\"elementor-nav-menu\"><li class=\"menu-item menu-item-type-post_type menu-item-object-page menu-item-5193\"><a href=\"https:\/\/marsanakguclaw.com\/tr\/e-3-avustralya-calisan-vizesi\/\" class=\"elementor-item\" tabindex=\"-1\">E-3 Vizesi<\/a><\/li>\n<li class=\"menu-item menu-item-type-post_type menu-item-object-page menu-item-5186\"><a href=\"https:\/\/marsanakguclaw.com\/tr\/r-1-din-gorevlisi-vizesi\/\" class=\"elementor-item\" tabindex=\"-1\">R-1 Vizesi<\/a><\/li>\n<li class=\"menu-item menu-item-type-post_type menu-item-object-page menu-item-5187\"><a href=\"https:\/\/marsanakguclaw.com\/tr\/i-medya-temsilcisi-vizesi\/\" class=\"elementor-item\" tabindex=\"-1\">I Medya Temsilcisi Vizesi<\/a><\/li>\n<li class=\"menu-item menu-item-type-post_type menu-item-object-page menu-item-5188\"><a href=\"https:\/\/marsanakguclaw.com\/tr\/l-1-sirket-ici-transfer-vizesi\/\" class=\"elementor-item\" tabindex=\"-1\">L-1 Vizesi<\/a><\/li>\n<li class=\"menu-item menu-item-type-post_type menu-item-object-page menu-item-5189\"><a href=\"https:\/\/marsanakguclaw.com\/tr\/h-3-vizesi\/\" class=\"elementor-item\" tabindex=\"-1\">H-3 Vizesi<\/a><\/li>\n<li class=\"menu-item menu-item-type-post_type menu-item-object-page menu-item-5190\"><a href=\"https:\/\/marsanakguclaw.com\/tr\/h-2b-vizesi\/\" class=\"elementor-item\" tabindex=\"-1\">H-2B Vizesi<\/a><\/li>\n<li class=\"menu-item menu-item-type-post_type menu-item-object-page menu-item-5191\"><a href=\"https:\/\/marsanakguclaw.com\/tr\/h-1b1-vizesi\/\" class=\"elementor-item\" tabindex=\"-1\">H-1B1 Vizesi<\/a><\/li>\n<li class=\"menu-item menu-item-type-post_type menu-item-object-page menu-item-5192\"><a href=\"https:\/\/marsanakguclaw.com\/tr\/h-1b-vizesi\/\" class=\"elementor-item\" tabindex=\"-1\">H-1B Vizesi<\/a><\/li>\n<\/ul>\t\t\t<\/nav>\n\t\t\t\t\t\t<\/div>\n\t\t\t\t\t<\/div>\n\t\t<\/div>\n\t\t\t\t\t<\/div>\n\t\t<\/section>\n\t\t\t\t<section class=\"elementor-section elementor-top-section elementor-element elementor-element-dd9eaf7 elementor-section-boxed elementor-section-height-default elementor-section-height-default\" data-id=\"dd9eaf7\" data-element_type=\"section\" data-e-type=\"section\">\n\t\t\t\t\t\t<div class=\"elementor-container elementor-column-gap-default\">\n\t\t\t\t\t<div class=\"elementor-column elementor-col-100 elementor-top-column elementor-element elementor-element-c83d1ec\" data-id=\"c83d1ec\" data-element_type=\"column\" data-e-type=\"column\">\n\t\t\t<div class=\"elementor-widget-wrap elementor-element-populated\">\n\t\t\t\t\t\t<div class=\"elementor-element elementor-element-3b7ab45 elementor-widget elementor-widget-text-editor\" data-id=\"3b7ab45\" data-element_type=\"widget\" data-e-type=\"widget\" data-widget_type=\"text-editor.default\">\n\t\t\t\t\t\t\t\t\t<p>\u00c7al\u0131\u015fma Vizeleri, <strong>Amerika Birle\u015fik Devletleri\u2019nde profesyonel kariyerinize devam etmek, uzmanl\u0131k alan\u0131n\u0131zda \u00e7al\u0131\u015fmak veya i\u015finizi geni\u015fletmek isteyen bireyler i\u00e7in tasarlanm\u0131\u015f g\u00f6\u00e7men olmayan vize t\u00fcrleridir.<\/strong> Bu vizeler, bireylerin mesleklerine uygun olarak ABD&#8217;de yasal \u00e7al\u0131\u015fma ve ikamet hakk\u0131 elde etmelerine olanak tan\u0131r. <strong>Marsan Akg\u00fc\u00e7 Law Firm<\/strong>, ba\u015fvuru s\u00fcrecinizin her a\u015famas\u0131nda size rehberlik ederek, Amerika&#8217;daki i\u015f hedeflerinize ula\u015fman\u0131z i\u00e7in destek sa\u011flar.<\/p>\t\t\t\t\t\t\t\t<\/div>\n\t\t\t\t<section class=\"elementor-section elementor-inner-section elementor-element elementor-element-c7e7ff4 elementor-section-boxed elementor-section-height-default elementor-section-height-default\" data-id=\"c7e7ff4\" data-element_type=\"section\" data-e-type=\"section\">\n\t\t\t\t\t\t<div class=\"elementor-container elementor-column-gap-default\">\n\t\t\t\t\t<div class=\"elementor-column elementor-col-100 elementor-inner-column elementor-element elementor-element-3829714\" data-id=\"3829714\" data-element_type=\"column\" data-e-type=\"column\" data-settings=\"{&quot;background_background&quot;:&quot;classic&quot;}\">\n\t\t\t<div class=\"elementor-widget-wrap elementor-element-populated\">\n\t\t\t\t\t\t<div class=\"elementor-element elementor-element-590c9f4 elementor-widget elementor-widget-heading\" data-id=\"590c9f4\" data-element_type=\"widget\" data-e-type=\"widget\" data-widget_type=\"heading.default\">\n\t\t\t\t\t<h2 class=\"elementor-heading-title elementor-size-default\">\u00c7al\u0131\u015fma Vizeleri Nedir?<\/h2>\t\t\t\t<\/div>\n\t\t\t\t\t<\/div>\n\t\t<\/div>\n\t\t\t\t\t<\/div>\n\t\t<\/section>\n\t\t\t\t<div class=\"elementor-element elementor-element-182c3af elementor-widget elementor-widget-text-editor\" data-id=\"182c3af\" data-element_type=\"widget\" data-e-type=\"widget\" data-widget_type=\"text-editor.default\">\n\t\t\t\t\t\t\t\t\t<p>ABD\u2019de \u00e7al\u0131\u015fmak isteyen yabanc\u0131 uyruklu bireylerin uygun bir \u00e7al\u0131\u015fma vizesine sahip olmalar\u0131 gerekmektedir. \u00c7al\u0131\u015fma vizeleri, i\u015fveren sponsorlu\u011fu ile desteklenen ve belirli meslek gruplar\u0131na y\u00f6nelik d\u00fczenlenmi\u015f \u00f6zel kategorilerden olu\u015fur. Bu vizeler k\u0131sa s\u00fcreli \u00e7al\u0131\u015fma izinlerinden uzun s\u00fcreli ikamet f\u0131rsatlar\u0131na kadar geni\u015f bir yelpazede sunulmaktad\u0131r.<\/p><h4><strong>\u00c7al\u0131\u015fma Vizelerinin Temel \u00d6zellikleri<\/strong><\/h4><ul><li><strong>Profesyonel Ama\u00e7:<\/strong> \u00c7al\u0131\u015fma vizeleri, belirli bir i\u015fveren taraf\u0131ndan desteklenen ve profesyonel yeteneklere sahip bireylere y\u00f6neliktir.<\/li><li><strong>S\u00fcreli \u0130kamet:<\/strong> Vizeler genellikle belirli bir s\u00fcre i\u00e7in ge\u00e7erlidir ve i\u015fverenle olan ili\u015fkiye ba\u011fl\u0131 olarak uzat\u0131labilir.<\/li><li><strong>Yasal \u00c7al\u0131\u015fma Hakk\u0131:<\/strong> \u00c7al\u0131\u015fma vizesi sahipleri, ABD\u2019de yasal olarak \u00e7al\u0131\u015fma hakk\u0131na sahiptir.<\/li><li><strong>Aile Birle\u015fimi:<\/strong> Baz\u0131 vize t\u00fcrlerinde e\u015f ve \u00e7ocuklar da ABD\u2019ye gelerek yasal olarak ikamet edebilirler.<\/li><\/ul>\t\t\t\t\t\t\t\t<\/div>\n\t\t\t\t<section class=\"elementor-section elementor-inner-section elementor-element elementor-element-288842d elementor-section-boxed elementor-section-height-default elementor-section-height-default\" data-id=\"288842d\" data-element_type=\"section\" data-e-type=\"section\">\n\t\t\t\t\t\t<div class=\"elementor-container elementor-column-gap-default\">\n\t\t\t\t\t<div class=\"elementor-column elementor-col-100 elementor-inner-column elementor-element elementor-element-ceec55f\" data-id=\"ceec55f\" data-element_type=\"column\" data-e-type=\"column\" data-settings=\"{&quot;background_background&quot;:&quot;classic&quot;}\">\n\t\t\t<div class=\"elementor-widget-wrap elementor-element-populated\">\n\t\t\t\t\t\t<div class=\"elementor-element elementor-element-5832577 elementor-widget elementor-widget-heading\" data-id=\"5832577\" data-element_type=\"widget\" data-e-type=\"widget\" data-widget_type=\"heading.default\">\n\t\t\t\t\t<h2 class=\"elementor-heading-title elementor-size-default\">\u00c7al\u0131\u015fma Vizelerinin Avantajlar\u0131<\/h2>\t\t\t\t<\/div>\n\t\t\t\t\t<\/div>\n\t\t<\/div>\n\t\t\t\t\t<\/div>\n\t\t<\/section>\n\t\t\t\t<div class=\"elementor-element elementor-element-54807b8 elementor-widget elementor-widget-text-editor\" data-id=\"54807b8\" data-element_type=\"widget\" data-e-type=\"widget\" data-widget_type=\"text-editor.default\">\n\t\t\t\t\t\t\t\t\t<ul><li><strong>Kariyer Geli\u015fimi:<\/strong> ABD\u2019de profesyonel kariyerinize devam ederek global i\u015f deneyimi kazanabilirsiniz.<\/li><li><strong>Green Card \u0130mkanlar\u0131:<\/strong> Baz\u0131 vizeler, Green Card ba\u015fvuru s\u00fcrecini kolayla\u015ft\u0131r\u0131r.<\/li><li><strong>Aile ile Ya\u015fam:<\/strong> \u00c7al\u0131\u015fma vizesi sahiplerinin e\u015f ve \u00e7ocuklar\u0131, ABD\u2019de yasal olarak ikamet edebilir ve e\u011fitim alabilir.<\/li><li><strong>Esnek \u00c7al\u0131\u015fma S\u00fcresi:<\/strong> \u0130\u015fvereninizle olan anla\u015fman\u0131za ba\u011fl\u0131 olarak vizenizi uzatma imkan\u0131n\u0131z bulunmaktad\u0131r.<\/li><\/ul>\t\t\t\t\t\t\t\t<\/div>\n\t\t\t\t\t<\/div>\n\t\t<\/div>\n\t\t\t\t\t<\/div>\n\t\t<\/section>\n\t\t\t\t<\/div>\n\t\t","protected":false},"excerpt":{"rendered":"<p>Anasayfa \u00c7al\u0131\u015fma Vizeleri, Amerika Birle\u015fik Devletleri\u2019nde profesyonel kariyerinize devam etmek, uzmanl\u0131k alan\u0131n\u0131zda \u00e7al\u0131\u015fmak veya i\u015finizi geni\u015fletmek isteyen bireyler i\u00e7in tasarlanm\u0131\u015f g\u00f6\u00e7men olmayan vize t\u00fcrleridir. Bu vizeler, bireylerin mesleklerine uygun olarak ABD&#8217;de yasal \u00e7al\u0131\u015fma ve ikamet hakk\u0131 elde etmelerine olanak tan\u0131r. Marsan Akg\u00fc\u00e7 Law Firm, ba\u015fvuru s\u00fcrecinizin her a\u015famas\u0131nda size rehberlik ederek, Amerika&#8217;daki i\u015f hedeflerinize ula\u015fman\u0131z [&hellip;]<\/p>\n","protected":false},"author":1,"featured_media":5538,"parent":0,"menu_order":0,"comment_status":"closed","ping_status":"closed","template":"","meta":{"footnotes":""},"class_list":["post-5163","page","type-page","status-publish","has-post-thumbnail","hentry"],"_links":{"self":[{"href":"https:\/\/marsanakguclaw.com\/tr\/wp-json\/wp\/v2\/pages\/5163","targetHints":{"allow":["GET"]}}],"collection":[{"href":"https:\/\/marsanakguclaw.com\/tr\/wp-json\/wp\/v2\/pages"}],"about":[{"href":"https:\/\/marsanakguclaw.com\/tr\/wp-json\/wp\/v2\/types\/page"}],"author":[{"embeddable":true,"href":"https:\/\/marsanakguclaw.com\/tr\/wp-json\/wp\/v2\/users\/1"}],"replies":[{"embeddable":true,"href":"https:\/\/marsanakguclaw.com\/tr\/wp-json\/wp\/v2\/comments?post=5163"}],"version-history":[{"count":17,"href":"https:\/\/marsanakguclaw.com\/tr\/wp-json\/wp\/v2\/pages\/5163\/revisions"}],"predecessor-version":[{"id":5551,"href":"https:\/\/marsanakguclaw.com\/tr\/wp-json\/wp\/v2\/pages\/5163\/revisions\/5551"}],"wp:featuredmedia":[{"embeddable":true,"href":"https:\/\/marsanakguclaw.com\/tr\/wp-json\/wp\/v2\/media\/5538"}],"wp:attachment":[{"href":"https:\/\/marsanakguclaw.com\/tr\/wp-json\/wp\/v2\/media?parent=5163"}],"curies":[{"name":"wp","href":"https:\/\/api.w.org\/{rel}","templated":true}]}}