{"id":5165,"date":"2025-08-20T13:43:26","date_gmt":"2025-08-20T10:43:26","guid":{"rendered":"https:\/\/marsanakguclaw.com\/tr\/?page_id=5165"},"modified":"2025-08-24T13:52:46","modified_gmt":"2025-08-24T10:52:46","slug":"h-1b-vizesi","status":"publish","type":"page","link":"https:\/\/marsanakguclaw.com\/tr\/h-1b-vizesi\/","title":{"rendered":"H-1B Vizesi"},"content":{"rendered":"\t\t<div data-elementor-type=\"wp-page\" data-elementor-id=\"5165\" class=\"elementor elementor-5165\" data-elementor-post-type=\"page\">\n\t\t\t\t\t\t<section class=\"elementor-section elementor-top-section elementor-element elementor-element-f0d8734 elementor-section-boxed elementor-section-height-default elementor-section-height-default\" data-id=\"f0d8734\" data-element_type=\"section\" data-e-type=\"section\">\n\t\t\t\t\t\t<div class=\"elementor-container elementor-column-gap-default\">\n\t\t\t\t\t<div class=\"elementor-column elementor-col-100 elementor-top-column elementor-element elementor-element-a04c61c\" data-id=\"a04c61c\" data-element_type=\"column\" data-e-type=\"column\">\n\t\t\t<div class=\"elementor-widget-wrap elementor-element-populated\">\n\t\t\t\t\t\t<div class=\"elementor-element elementor-element-8cf3a7b elementor-widget elementor-widget-breadcrumbs\" data-id=\"8cf3a7b\" data-element_type=\"widget\" data-e-type=\"widget\" data-widget_type=\"breadcrumbs.default\">\n\t\t\t\t<div class=\"elementor-widget-container\">\n\t\t\t\t\t<span><span class=\"last\">Anasayfa<\/span><\/span>\t\t\t\t<\/div>\n\t\t\t\t<\/div>\n\t\t\t\t\t<\/div>\n\t\t<\/div>\n\t\t\t\t\t<\/div>\n\t\t<\/section>\n\t\t\t\t<section class=\"elementor-section elementor-top-section elementor-element elementor-element-8bfae35 elementor-section-boxed elementor-section-height-default elementor-section-height-default\" data-id=\"8bfae35\" data-element_type=\"section\" data-e-type=\"section\">\n\t\t\t\t\t\t<div class=\"elementor-container elementor-column-gap-default\">\n\t\t\t\t\t<div class=\"elementor-column elementor-col-100 elementor-top-column elementor-element elementor-element-4352eac\" data-id=\"4352eac\" data-element_type=\"column\" data-e-type=\"column\">\n\t\t\t<div class=\"elementor-widget-wrap elementor-element-populated\">\n\t\t\t\t\t\t<div class=\"elementor-element elementor-element-87cfc89 elementor-widget elementor-widget-image\" data-id=\"87cfc89\" data-element_type=\"widget\" data-e-type=\"widget\" data-widget_type=\"image.default\">\n\t\t\t\t\t\t\t\t\t\t\t\t\t\t\t<img fetchpriority=\"high\" decoding=\"async\" width=\"1200\" height=\"350\" src=\"https:\/\/marsanakguclaw.com\/tr\/wp-content\/uploads\/2025\/08\/H1-B-Vizesi.jpg\" class=\"attachment-full size-full wp-image-5674\" alt=\"\" srcset=\"https:\/\/marsanakguclaw.com\/tr\/wp-content\/uploads\/2025\/08\/H1-B-Vizesi.jpg 1200w, https:\/\/marsanakguclaw.com\/tr\/wp-content\/uploads\/2025\/08\/H1-B-Vizesi-300x88.jpg 300w, https:\/\/marsanakguclaw.com\/tr\/wp-content\/uploads\/2025\/08\/H1-B-Vizesi-1024x299.jpg 1024w, https:\/\/marsanakguclaw.com\/tr\/wp-content\/uploads\/2025\/08\/H1-B-Vizesi-768x224.jpg 768w\" sizes=\"(max-width: 1200px) 100vw, 1200px\" \/>\t\t\t\t\t\t\t\t\t\t\t\t\t\t\t<\/div>\n\t\t\t\t<div class=\"elementor-element elementor-element-1fed09b elementor-nav-menu__align-start elementor-nav-menu--dropdown-none elementor-widget elementor-widget-nav-menu\" data-id=\"1fed09b\" data-element_type=\"widget\" data-e-type=\"widget\" data-settings=\"{&quot;layout&quot;:&quot;horizontal&quot;,&quot;submenu_icon&quot;:{&quot;value&quot;:&quot;&lt;svg aria-hidden=\\&quot;true\\&quot; class=\\&quot;e-font-icon-svg e-fas-caret-down\\&quot; viewBox=\\&quot;0 0 320 512\\&quot; xmlns=\\&quot;http:\\\/\\\/www.w3.org\\\/2000\\\/svg\\&quot;&gt;&lt;path d=\\&quot;M31.3 192h257.3c17.8 0 26.7 21.5 14.1 34.1L174.1 354.8c-7.8 7.8-20.5 7.8-28.3 0L17.2 226.1C4.6 213.5 13.5 192 31.3 192z\\&quot;&gt;&lt;\\\/path&gt;&lt;\\\/svg&gt;&quot;,&quot;library&quot;:&quot;fa-solid&quot;}}\" data-widget_type=\"nav-menu.default\">\n\t\t\t\t\t\t\t\t<nav aria-label=\"Men\u00fc\" class=\"elementor-nav-menu--main elementor-nav-menu__container elementor-nav-menu--layout-horizontal e--pointer-underline e--animation-fade\">\n\t\t\t\t<ul id=\"menu-1-1fed09b\" class=\"elementor-nav-menu\"><li class=\"menu-item menu-item-type-post_type menu-item-object-page menu-item-5193\"><a href=\"https:\/\/marsanakguclaw.com\/tr\/e-3-avustralya-calisan-vizesi\/\" class=\"elementor-item\">E-3 Vizesi<\/a><\/li>\n<li class=\"menu-item menu-item-type-post_type menu-item-object-page menu-item-5186\"><a href=\"https:\/\/marsanakguclaw.com\/tr\/r-1-din-gorevlisi-vizesi\/\" class=\"elementor-item\">R-1 Vizesi<\/a><\/li>\n<li class=\"menu-item menu-item-type-post_type menu-item-object-page menu-item-5187\"><a href=\"https:\/\/marsanakguclaw.com\/tr\/i-medya-temsilcisi-vizesi\/\" class=\"elementor-item\">I Medya Temsilcisi Vizesi<\/a><\/li>\n<li class=\"menu-item menu-item-type-post_type menu-item-object-page menu-item-5188\"><a href=\"https:\/\/marsanakguclaw.com\/tr\/l-1-sirket-ici-transfer-vizesi\/\" class=\"elementor-item\">L-1 Vizesi<\/a><\/li>\n<li class=\"menu-item menu-item-type-post_type menu-item-object-page menu-item-5189\"><a href=\"https:\/\/marsanakguclaw.com\/tr\/h-3-vizesi\/\" class=\"elementor-item\">H-3 Vizesi<\/a><\/li>\n<li class=\"menu-item menu-item-type-post_type menu-item-object-page menu-item-5190\"><a href=\"https:\/\/marsanakguclaw.com\/tr\/h-2b-vizesi\/\" class=\"elementor-item\">H-2B Vizesi<\/a><\/li>\n<li class=\"menu-item menu-item-type-post_type menu-item-object-page menu-item-5191\"><a href=\"https:\/\/marsanakguclaw.com\/tr\/h-1b1-vizesi\/\" class=\"elementor-item\">H-1B1 Vizesi<\/a><\/li>\n<li class=\"menu-item menu-item-type-post_type menu-item-object-page menu-item-5192\"><a href=\"https:\/\/marsanakguclaw.com\/tr\/h-1b-vizesi\/\" class=\"elementor-item\">H-1B Vizesi<\/a><\/li>\n<\/ul>\t\t\t<\/nav>\n\t\t\t\t\t\t<nav class=\"elementor-nav-menu--dropdown elementor-nav-menu__container\" aria-hidden=\"true\">\n\t\t\t\t<ul id=\"menu-2-1fed09b\" class=\"elementor-nav-menu\"><li class=\"menu-item menu-item-type-post_type menu-item-object-page menu-item-5193\"><a href=\"https:\/\/marsanakguclaw.com\/tr\/e-3-avustralya-calisan-vizesi\/\" class=\"elementor-item\" tabindex=\"-1\">E-3 Vizesi<\/a><\/li>\n<li class=\"menu-item menu-item-type-post_type menu-item-object-page menu-item-5186\"><a href=\"https:\/\/marsanakguclaw.com\/tr\/r-1-din-gorevlisi-vizesi\/\" class=\"elementor-item\" tabindex=\"-1\">R-1 Vizesi<\/a><\/li>\n<li class=\"menu-item menu-item-type-post_type menu-item-object-page menu-item-5187\"><a href=\"https:\/\/marsanakguclaw.com\/tr\/i-medya-temsilcisi-vizesi\/\" class=\"elementor-item\" tabindex=\"-1\">I Medya Temsilcisi Vizesi<\/a><\/li>\n<li class=\"menu-item menu-item-type-post_type menu-item-object-page menu-item-5188\"><a href=\"https:\/\/marsanakguclaw.com\/tr\/l-1-sirket-ici-transfer-vizesi\/\" class=\"elementor-item\" tabindex=\"-1\">L-1 Vizesi<\/a><\/li>\n<li class=\"menu-item menu-item-type-post_type menu-item-object-page menu-item-5189\"><a href=\"https:\/\/marsanakguclaw.com\/tr\/h-3-vizesi\/\" class=\"elementor-item\" tabindex=\"-1\">H-3 Vizesi<\/a><\/li>\n<li class=\"menu-item menu-item-type-post_type menu-item-object-page menu-item-5190\"><a href=\"https:\/\/marsanakguclaw.com\/tr\/h-2b-vizesi\/\" class=\"elementor-item\" tabindex=\"-1\">H-2B Vizesi<\/a><\/li>\n<li class=\"menu-item menu-item-type-post_type menu-item-object-page menu-item-5191\"><a href=\"https:\/\/marsanakguclaw.com\/tr\/h-1b1-vizesi\/\" class=\"elementor-item\" tabindex=\"-1\">H-1B1 Vizesi<\/a><\/li>\n<li class=\"menu-item menu-item-type-post_type menu-item-object-page menu-item-5192\"><a href=\"https:\/\/marsanakguclaw.com\/tr\/h-1b-vizesi\/\" class=\"elementor-item\" tabindex=\"-1\">H-1B Vizesi<\/a><\/li>\n<\/ul>\t\t\t<\/nav>\n\t\t\t\t\t\t<\/div>\n\t\t\t\t\t<\/div>\n\t\t<\/div>\n\t\t\t\t\t<\/div>\n\t\t<\/section>\n\t\t\t\t<section class=\"elementor-section elementor-top-section elementor-element elementor-element-6350c8a elementor-section-boxed elementor-section-height-default elementor-section-height-default\" data-id=\"6350c8a\" data-element_type=\"section\" data-e-type=\"section\">\n\t\t\t\t\t\t<div class=\"elementor-container elementor-column-gap-default\">\n\t\t\t\t\t<div class=\"elementor-column elementor-col-100 elementor-top-column elementor-element elementor-element-a8ac77c\" data-id=\"a8ac77c\" data-element_type=\"column\" data-e-type=\"column\">\n\t\t\t<div class=\"elementor-widget-wrap elementor-element-populated\">\n\t\t\t\t\t\t<div class=\"elementor-element elementor-element-aec8bac elementor-widget elementor-widget-text-editor\" data-id=\"aec8bac\" data-element_type=\"widget\" data-e-type=\"widget\" data-widget_type=\"text-editor.default\">\n\t\t\t\t\t\t\t\t\t<p>H-1B Vizesi, <strong>Amerika Birle\u015fik Devletleri\u2019nde uzmanl\u0131k gerektiren bir meslekte \u00e7al\u0131\u015fmak isteyen profesyoneller i\u00e7in tasarlanm\u0131\u015f \u00f6zel bir ge\u00e7ici g\u00f6\u00e7menlik vizesidir.<\/strong> <strong>Marsan Akg\u00fc\u00e7 Law Firm<\/strong>, H-1B Vizesi ba\u015fvurular\u0131n\u0131z\u0131n t\u00fcm a\u015famalar\u0131nda size rehberlik ederek, kariyer hedeflerinize ula\u015fman\u0131zda destek sa\u011flar.<\/p>\t\t\t\t\t\t\t\t<\/div>\n\t\t\t\t<section class=\"elementor-section elementor-inner-section elementor-element elementor-element-ccb4195 elementor-section-boxed elementor-section-height-default elementor-section-height-default\" data-id=\"ccb4195\" data-element_type=\"section\" data-e-type=\"section\">\n\t\t\t\t\t\t<div class=\"elementor-container elementor-column-gap-default\">\n\t\t\t\t\t<div class=\"elementor-column elementor-col-100 elementor-inner-column elementor-element elementor-element-61b6a4c\" data-id=\"61b6a4c\" data-element_type=\"column\" data-e-type=\"column\" data-settings=\"{&quot;background_background&quot;:&quot;classic&quot;}\">\n\t\t\t<div class=\"elementor-widget-wrap elementor-element-populated\">\n\t\t\t\t\t\t<div class=\"elementor-element elementor-element-0644115 elementor-widget elementor-widget-heading\" data-id=\"0644115\" data-element_type=\"widget\" data-e-type=\"widget\" data-widget_type=\"heading.default\">\n\t\t\t\t\t<h2 class=\"elementor-heading-title elementor-size-default\">H-1B Vizesi Nedir?<\/h2>\t\t\t\t<\/div>\n\t\t\t\t\t<\/div>\n\t\t<\/div>\n\t\t\t\t\t<\/div>\n\t\t<\/section>\n\t\t\t\t<div class=\"elementor-element elementor-element-d6de316 elementor-widget elementor-widget-text-editor\" data-id=\"d6de316\" data-element_type=\"widget\" data-e-type=\"widget\" data-widget_type=\"text-editor.default\">\n\t\t\t\t\t\t\t\t\t<p>H-1B Vizesi, <strong>m\u00fchendislik, hukuk, t\u0131p, bili\u015fim, mimarl\u0131k ve finans gibi uzmanl\u0131k gerektiren alanlarda \u00e7al\u0131\u015fmak isteyen bireyler i\u00e7in uygun bir vizedir.<\/strong> H-1B Vizesi\u00a0ba\u015fvuru sahibinin ilgili alanda en az\u00a0bir lisans derecesine veya e\u015fde\u011fer bir deneyime sahip olmas\u0131n\u0131 gerektirir.<\/p>\t\t\t\t\t\t\t\t<\/div>\n\t\t\t\t<div class=\"elementor-element elementor-element-a020d64 elementor-widget elementor-widget-video\" data-id=\"a020d64\" data-element_type=\"widget\" data-e-type=\"widget\" data-settings=\"{&quot;youtube_url&quot;:&quot;https:\\\/\\\/www.youtube.com\\\/watch?v=XxlPgaTNGMo&quot;,&quot;video_type&quot;:&quot;youtube&quot;,&quot;controls&quot;:&quot;yes&quot;}\" data-widget_type=\"video.default\">\n\t\t\t\t\t\t\t<div class=\"elementor-wrapper elementor-open-inline\">\n\t\t\t<div class=\"elementor-video\"><\/div>\t\t<\/div>\n\t\t\t\t\t\t<\/div>\n\t\t\t\t<section class=\"elementor-section elementor-inner-section elementor-element elementor-element-c4d1902 elementor-section-boxed elementor-section-height-default elementor-section-height-default\" data-id=\"c4d1902\" data-element_type=\"section\" data-e-type=\"section\">\n\t\t\t\t\t\t<div class=\"elementor-container elementor-column-gap-default\">\n\t\t\t\t\t<div class=\"elementor-column elementor-col-100 elementor-inner-column elementor-element elementor-element-1d366a1\" data-id=\"1d366a1\" data-element_type=\"column\" data-e-type=\"column\" data-settings=\"{&quot;background_background&quot;:&quot;classic&quot;}\">\n\t\t\t<div class=\"elementor-widget-wrap elementor-element-populated\">\n\t\t\t\t\t\t<div class=\"elementor-element elementor-element-562ef11 elementor-widget elementor-widget-heading\" data-id=\"562ef11\" data-element_type=\"widget\" data-e-type=\"widget\" data-widget_type=\"heading.default\">\n\t\t\t\t\t<h2 class=\"elementor-heading-title elementor-size-default\">Kimler H-1B Vizesine Ba\u015fvurabilir?<\/h2>\t\t\t\t<\/div>\n\t\t\t\t\t<\/div>\n\t\t<\/div>\n\t\t\t\t\t<\/div>\n\t\t<\/section>\n\t\t\t\t<div class=\"elementor-element elementor-element-cf9aa30 elementor-widget elementor-widget-text-editor\" data-id=\"cf9aa30\" data-element_type=\"widget\" data-e-type=\"widget\" data-widget_type=\"text-editor.default\">\n\t\t\t\t\t\t\t\t\t<p><strong>H-1B Vizesi<\/strong>, Amerika&#8217;da \u00e7al\u0131\u015fmak isteyen profesyoneller i\u00e7in belirli kriterlere dayan\u0131r. <strong>Marsan Akg\u00fc\u00e7 Law Firm<\/strong>, uygunlu\u011funuzu belirleyip s\u00fcreci kolayla\u015ft\u0131r\u0131r.<\/p><h4><strong>E\u011fitim ve Deneyim Gereksinimleri<\/strong><\/h4><p>Ba\u015fvuru sahibinin:<\/p><ul><li><strong>Lisans derecesine<\/strong> veya ilgili alanda e\u015fde\u011fer deneyime sahip olmas\u0131 gerekmektedir.<\/li><li><strong>Mesleki nitelikleri<\/strong> kan\u0131tlayan belgeler sunmal\u0131d\u0131r (diplomalar, sertifikalar).<\/li><\/ul><h4><strong>\u0130\u015fveren ve \u0130\u015f Teklifi<\/strong><\/h4><p>ABD\u2019deki i\u015fveren, ba\u015fvuru sahibine:<\/p><ul><li><strong>Uzmanl\u0131k gerektiren bir pozisyon<\/strong> i\u00e7in resmi bir i\u015f teklifi sunmal\u0131d\u0131r.<\/li><li>\u0130\u015fveren ayr\u0131ca pozisyonun H-1B gerekliliklerine uygun oldu\u011funu kan\u0131tlamal\u0131d\u0131r.<\/li><\/ul><h4><strong>Alan\u0131n Uzmanl\u0131k Gerektirmesi<\/strong><\/h4><p>Pozisyon \u00f6zel bilgi ve beceri gerektiren bir alanda olmal\u0131d\u0131r. Bu genellikle:<\/p><ul><li><strong>Bilimsel ara\u015ft\u0131rma, m\u00fchendislik, teknoloji veya sa\u011fl\u0131k<\/strong> gibi sekt\u00f6rleri i\u00e7erir.<\/li><\/ul>\t\t\t\t\t\t\t\t<\/div>\n\t\t\t\t<section class=\"elementor-section elementor-inner-section elementor-element elementor-element-803d62d elementor-section-boxed elementor-section-height-default elementor-section-height-default\" data-id=\"803d62d\" data-element_type=\"section\" data-e-type=\"section\">\n\t\t\t\t\t\t<div class=\"elementor-container elementor-column-gap-default\">\n\t\t\t\t\t<div class=\"elementor-column elementor-col-100 elementor-inner-column elementor-element elementor-element-54d8b7f\" data-id=\"54d8b7f\" data-element_type=\"column\" data-e-type=\"column\" data-settings=\"{&quot;background_background&quot;:&quot;classic&quot;}\">\n\t\t\t<div class=\"elementor-widget-wrap elementor-element-populated\">\n\t\t\t\t\t\t<div class=\"elementor-element elementor-element-f808045 elementor-widget elementor-widget-heading\" data-id=\"f808045\" data-element_type=\"widget\" data-e-type=\"widget\" data-widget_type=\"heading.default\">\n\t\t\t\t\t<h2 class=\"elementor-heading-title elementor-size-default\">Marsan Akg\u00fc\u00e7 Hukuk B\u00fcrosu ile H-1B Vizesi Ba\u015fvurusu<\/h2>\t\t\t\t<\/div>\n\t\t\t\t\t<\/div>\n\t\t<\/div>\n\t\t\t\t\t<\/div>\n\t\t<\/section>\n\t\t\t\t<div class=\"elementor-element elementor-element-3b55cf0 elementor-widget elementor-widget-text-editor\" data-id=\"3b55cf0\" data-element_type=\"widget\" data-e-type=\"widget\" data-widget_type=\"text-editor.default\">\n\t\t\t\t\t\t\t\t\t<p><strong>Marsan Akg\u00fc\u00e7 Law Firm<\/strong>, H-1B Vizesi ba\u015fvurular\u0131nda size kapsaml\u0131 rehberlik sunar:<\/p><ul><li><strong>Profesyonel Belgeler:<\/strong> Eksiksiz bir ba\u015fvuru i\u00e7in gerekli t\u00fcm belgelerin haz\u0131rlanmas\u0131n\u0131 sa\u011flar\u0131z.<\/li><li><strong>Stratejik Dan\u0131\u015fmanl\u0131k:<\/strong> Vize kotas\u0131 ve ba\u015fvuru zamanlamas\u0131nda en iyi stratejiyi olu\u015ftururuz.<\/li><li><strong>Y\u00fcksek Ba\u015far\u0131 Oran\u0131:<\/strong> Ba\u015fvuru s\u00fcre\u00e7lerimiz titizlikle y\u00f6netilir.<\/li><\/ul><p>ABD&#8217;deki kariyer f\u0131rsatlar\u0131n\u0131z\u0131 de\u011ferlendirmek i\u00e7in bizimle ileti\u015fime ge\u00e7in!<\/p>\t\t\t\t\t\t\t\t<\/div>\n\t\t\t\t\t<\/div>\n\t\t<\/div>\n\t\t\t\t\t<\/div>\n\t\t<\/section>\n\t\t\t\t<\/div>\n\t\t","protected":false},"excerpt":{"rendered":"<p>Anasayfa H-1B Vizesi, Amerika Birle\u015fik Devletleri\u2019nde uzmanl\u0131k gerektiren bir meslekte \u00e7al\u0131\u015fmak isteyen profesyoneller i\u00e7in tasarlanm\u0131\u015f \u00f6zel bir ge\u00e7ici g\u00f6\u00e7menlik vizesidir. Marsan Akg\u00fc\u00e7 Law Firm, H-1B Vizesi ba\u015fvurular\u0131n\u0131z\u0131n t\u00fcm a\u015famalar\u0131nda size rehberlik ederek, kariyer hedeflerinize ula\u015fman\u0131zda destek sa\u011flar. H-1B Vizesi Nedir? H-1B Vizesi, m\u00fchendislik, hukuk, t\u0131p, bili\u015fim, mimarl\u0131k ve finans gibi uzmanl\u0131k gerektiren alanlarda \u00e7al\u0131\u015fmak isteyen [&hellip;]<\/p>\n","protected":false},"author":1,"featured_media":5674,"parent":0,"menu_order":0,"comment_status":"closed","ping_status":"closed","template":"","meta":{"footnotes":""},"class_list":["post-5165","page","type-page","status-publish","has-post-thumbnail","hentry"],"_links":{"self":[{"href":"https:\/\/marsanakguclaw.com\/tr\/wp-json\/wp\/v2\/pages\/5165","targetHints":{"allow":["GET"]}}],"collection":[{"href":"https:\/\/marsanakguclaw.com\/tr\/wp-json\/wp\/v2\/pages"}],"about":[{"href":"https:\/\/marsanakguclaw.com\/tr\/wp-json\/wp\/v2\/types\/page"}],"author":[{"embeddable":true,"href":"https:\/\/marsanakguclaw.com\/tr\/wp-json\/wp\/v2\/users\/1"}],"replies":[{"embeddable":true,"href":"https:\/\/marsanakguclaw.com\/tr\/wp-json\/wp\/v2\/comments?post=5165"}],"version-history":[{"count":14,"href":"https:\/\/marsanakguclaw.com\/tr\/wp-json\/wp\/v2\/pages\/5165\/revisions"}],"predecessor-version":[{"id":5678,"href":"https:\/\/marsanakguclaw.com\/tr\/wp-json\/wp\/v2\/pages\/5165\/revisions\/5678"}],"wp:featuredmedia":[{"embeddable":true,"href":"https:\/\/marsanakguclaw.com\/tr\/wp-json\/wp\/v2\/media\/5674"}],"wp:attachment":[{"href":"https:\/\/marsanakguclaw.com\/tr\/wp-json\/wp\/v2\/media?parent=5165"}],"curies":[{"name":"wp","href":"https:\/\/api.w.org\/{rel}","templated":true}]}}