{"id":5166,"date":"2025-08-20T13:43:34","date_gmt":"2025-08-20T10:43:34","guid":{"rendered":"https:\/\/marsanakguclaw.com\/tr\/?page_id=5166"},"modified":"2025-08-24T13:52:55","modified_gmt":"2025-08-24T10:52:55","slug":"h-1b1-vizesi","status":"publish","type":"page","link":"https:\/\/marsanakguclaw.com\/tr\/h-1b1-vizesi\/","title":{"rendered":"H-1B1 Vizesi"},"content":{"rendered":"\t\t<div data-elementor-type=\"wp-page\" data-elementor-id=\"5166\" class=\"elementor elementor-5166\" data-elementor-post-type=\"page\">\n\t\t\t\t\t\t<section class=\"elementor-section elementor-top-section elementor-element elementor-element-feb3011 elementor-section-boxed elementor-section-height-default elementor-section-height-default\" data-id=\"feb3011\" data-element_type=\"section\" data-e-type=\"section\">\n\t\t\t\t\t\t<div class=\"elementor-container elementor-column-gap-default\">\n\t\t\t\t\t<div class=\"elementor-column elementor-col-100 elementor-top-column elementor-element elementor-element-982402f\" data-id=\"982402f\" data-element_type=\"column\" data-e-type=\"column\">\n\t\t\t<div class=\"elementor-widget-wrap elementor-element-populated\">\n\t\t\t\t\t\t<div class=\"elementor-element elementor-element-3ea77b3 elementor-widget elementor-widget-breadcrumbs\" data-id=\"3ea77b3\" data-element_type=\"widget\" data-e-type=\"widget\" data-widget_type=\"breadcrumbs.default\">\n\t\t\t\t<div class=\"elementor-widget-container\">\n\t\t\t\t\t<span><span class=\"last\">Anasayfa<\/span><\/span>\t\t\t\t<\/div>\n\t\t\t\t<\/div>\n\t\t\t\t\t<\/div>\n\t\t<\/div>\n\t\t\t\t\t<\/div>\n\t\t<\/section>\n\t\t\t\t<section class=\"elementor-section elementor-top-section elementor-element elementor-element-38fc8cd elementor-section-boxed elementor-section-height-default elementor-section-height-default\" data-id=\"38fc8cd\" data-element_type=\"section\" data-e-type=\"section\">\n\t\t\t\t\t\t<div class=\"elementor-container elementor-column-gap-default\">\n\t\t\t\t\t<div class=\"elementor-column elementor-col-100 elementor-top-column elementor-element elementor-element-f580294\" data-id=\"f580294\" data-element_type=\"column\" data-e-type=\"column\">\n\t\t\t<div class=\"elementor-widget-wrap elementor-element-populated\">\n\t\t\t\t\t\t<div class=\"elementor-element elementor-element-dd61d22 elementor-widget elementor-widget-image\" data-id=\"dd61d22\" data-element_type=\"widget\" data-e-type=\"widget\" data-widget_type=\"image.default\">\n\t\t\t\t\t\t\t\t\t\t\t\t\t\t\t<img fetchpriority=\"high\" decoding=\"async\" width=\"1200\" height=\"350\" src=\"https:\/\/marsanakguclaw.com\/tr\/wp-content\/uploads\/2025\/08\/H1-B1-Vizesi.jpg\" class=\"attachment-full size-full wp-image-5673\" alt=\"\" srcset=\"https:\/\/marsanakguclaw.com\/tr\/wp-content\/uploads\/2025\/08\/H1-B1-Vizesi.jpg 1200w, https:\/\/marsanakguclaw.com\/tr\/wp-content\/uploads\/2025\/08\/H1-B1-Vizesi-300x88.jpg 300w, https:\/\/marsanakguclaw.com\/tr\/wp-content\/uploads\/2025\/08\/H1-B1-Vizesi-1024x299.jpg 1024w, https:\/\/marsanakguclaw.com\/tr\/wp-content\/uploads\/2025\/08\/H1-B1-Vizesi-768x224.jpg 768w\" sizes=\"(max-width: 1200px) 100vw, 1200px\" \/>\t\t\t\t\t\t\t\t\t\t\t\t\t\t\t<\/div>\n\t\t\t\t<div class=\"elementor-element elementor-element-329a0e3 elementor-nav-menu__align-start elementor-nav-menu--dropdown-none elementor-widget elementor-widget-nav-menu\" data-id=\"329a0e3\" data-element_type=\"widget\" data-e-type=\"widget\" data-settings=\"{&quot;layout&quot;:&quot;horizontal&quot;,&quot;submenu_icon&quot;:{&quot;value&quot;:&quot;&lt;svg aria-hidden=\\&quot;true\\&quot; class=\\&quot;e-font-icon-svg e-fas-caret-down\\&quot; viewBox=\\&quot;0 0 320 512\\&quot; xmlns=\\&quot;http:\\\/\\\/www.w3.org\\\/2000\\\/svg\\&quot;&gt;&lt;path d=\\&quot;M31.3 192h257.3c17.8 0 26.7 21.5 14.1 34.1L174.1 354.8c-7.8 7.8-20.5 7.8-28.3 0L17.2 226.1C4.6 213.5 13.5 192 31.3 192z\\&quot;&gt;&lt;\\\/path&gt;&lt;\\\/svg&gt;&quot;,&quot;library&quot;:&quot;fa-solid&quot;}}\" data-widget_type=\"nav-menu.default\">\n\t\t\t\t\t\t\t\t<nav aria-label=\"Men\u00fc\" class=\"elementor-nav-menu--main elementor-nav-menu__container elementor-nav-menu--layout-horizontal e--pointer-underline e--animation-fade\">\n\t\t\t\t<ul id=\"menu-1-329a0e3\" class=\"elementor-nav-menu\"><li class=\"menu-item menu-item-type-post_type menu-item-object-page menu-item-5193\"><a href=\"https:\/\/marsanakguclaw.com\/tr\/e-3-avustralya-calisan-vizesi\/\" class=\"elementor-item\">E-3 Vizesi<\/a><\/li>\n<li class=\"menu-item menu-item-type-post_type menu-item-object-page menu-item-5186\"><a href=\"https:\/\/marsanakguclaw.com\/tr\/r-1-din-gorevlisi-vizesi\/\" class=\"elementor-item\">R-1 Vizesi<\/a><\/li>\n<li class=\"menu-item menu-item-type-post_type menu-item-object-page menu-item-5187\"><a href=\"https:\/\/marsanakguclaw.com\/tr\/i-medya-temsilcisi-vizesi\/\" class=\"elementor-item\">I Medya Temsilcisi Vizesi<\/a><\/li>\n<li class=\"menu-item menu-item-type-post_type menu-item-object-page menu-item-5188\"><a href=\"https:\/\/marsanakguclaw.com\/tr\/l-1-sirket-ici-transfer-vizesi\/\" class=\"elementor-item\">L-1 Vizesi<\/a><\/li>\n<li class=\"menu-item menu-item-type-post_type menu-item-object-page menu-item-5189\"><a href=\"https:\/\/marsanakguclaw.com\/tr\/h-3-vizesi\/\" class=\"elementor-item\">H-3 Vizesi<\/a><\/li>\n<li class=\"menu-item menu-item-type-post_type menu-item-object-page menu-item-5190\"><a href=\"https:\/\/marsanakguclaw.com\/tr\/h-2b-vizesi\/\" class=\"elementor-item\">H-2B Vizesi<\/a><\/li>\n<li class=\"menu-item menu-item-type-post_type menu-item-object-page menu-item-5191\"><a href=\"https:\/\/marsanakguclaw.com\/tr\/h-1b1-vizesi\/\" class=\"elementor-item\">H-1B1 Vizesi<\/a><\/li>\n<li class=\"menu-item menu-item-type-post_type menu-item-object-page menu-item-5192\"><a href=\"https:\/\/marsanakguclaw.com\/tr\/h-1b-vizesi\/\" class=\"elementor-item\">H-1B Vizesi<\/a><\/li>\n<\/ul>\t\t\t<\/nav>\n\t\t\t\t\t\t<nav class=\"elementor-nav-menu--dropdown elementor-nav-menu__container\" aria-hidden=\"true\">\n\t\t\t\t<ul id=\"menu-2-329a0e3\" class=\"elementor-nav-menu\"><li class=\"menu-item menu-item-type-post_type menu-item-object-page menu-item-5193\"><a href=\"https:\/\/marsanakguclaw.com\/tr\/e-3-avustralya-calisan-vizesi\/\" class=\"elementor-item\" tabindex=\"-1\">E-3 Vizesi<\/a><\/li>\n<li class=\"menu-item menu-item-type-post_type menu-item-object-page menu-item-5186\"><a href=\"https:\/\/marsanakguclaw.com\/tr\/r-1-din-gorevlisi-vizesi\/\" class=\"elementor-item\" tabindex=\"-1\">R-1 Vizesi<\/a><\/li>\n<li class=\"menu-item menu-item-type-post_type menu-item-object-page menu-item-5187\"><a href=\"https:\/\/marsanakguclaw.com\/tr\/i-medya-temsilcisi-vizesi\/\" class=\"elementor-item\" tabindex=\"-1\">I Medya Temsilcisi Vizesi<\/a><\/li>\n<li class=\"menu-item menu-item-type-post_type menu-item-object-page menu-item-5188\"><a href=\"https:\/\/marsanakguclaw.com\/tr\/l-1-sirket-ici-transfer-vizesi\/\" class=\"elementor-item\" tabindex=\"-1\">L-1 Vizesi<\/a><\/li>\n<li class=\"menu-item menu-item-type-post_type menu-item-object-page menu-item-5189\"><a href=\"https:\/\/marsanakguclaw.com\/tr\/h-3-vizesi\/\" class=\"elementor-item\" tabindex=\"-1\">H-3 Vizesi<\/a><\/li>\n<li class=\"menu-item menu-item-type-post_type menu-item-object-page menu-item-5190\"><a href=\"https:\/\/marsanakguclaw.com\/tr\/h-2b-vizesi\/\" class=\"elementor-item\" tabindex=\"-1\">H-2B Vizesi<\/a><\/li>\n<li class=\"menu-item menu-item-type-post_type menu-item-object-page menu-item-5191\"><a href=\"https:\/\/marsanakguclaw.com\/tr\/h-1b1-vizesi\/\" class=\"elementor-item\" tabindex=\"-1\">H-1B1 Vizesi<\/a><\/li>\n<li class=\"menu-item menu-item-type-post_type menu-item-object-page menu-item-5192\"><a href=\"https:\/\/marsanakguclaw.com\/tr\/h-1b-vizesi\/\" class=\"elementor-item\" tabindex=\"-1\">H-1B Vizesi<\/a><\/li>\n<\/ul>\t\t\t<\/nav>\n\t\t\t\t\t\t<\/div>\n\t\t\t\t\t<\/div>\n\t\t<\/div>\n\t\t\t\t\t<\/div>\n\t\t<\/section>\n\t\t\t\t<section class=\"elementor-section elementor-top-section elementor-element elementor-element-381c7aa elementor-section-boxed elementor-section-height-default elementor-section-height-default\" data-id=\"381c7aa\" data-element_type=\"section\" data-e-type=\"section\">\n\t\t\t\t\t\t<div class=\"elementor-container elementor-column-gap-default\">\n\t\t\t\t\t<div class=\"elementor-column elementor-col-100 elementor-top-column elementor-element elementor-element-d192116\" data-id=\"d192116\" data-element_type=\"column\" data-e-type=\"column\">\n\t\t\t<div class=\"elementor-widget-wrap elementor-element-populated\">\n\t\t\t\t\t\t<div class=\"elementor-element elementor-element-cf764a4 elementor-widget elementor-widget-text-editor\" data-id=\"cf764a4\" data-element_type=\"widget\" data-e-type=\"widget\" data-widget_type=\"text-editor.default\">\n\t\t\t\t\t\t\t\t\t<p>H-1B1 Vizesi, <strong>Amerika Birle\u015fik Devletleri\u2019nde uzmanl\u0131k gerektiren mesleklerde \u00e7al\u0131\u015fmak isteyen \u015eili ve Singapur vatanda\u015flar\u0131na \u00f6zel olarak sunulan g\u00f6\u00e7men olmayan bir istihdam vizesidir.<\/strong> Marsan Akg\u00fc\u00e7 Law Firm, bu vize t\u00fcr\u00fcne ba\u015fvurular\u0131n\u0131zda profesyonel destek sa\u011flayarak kariyer hedeflerinize ula\u015fman\u0131za yard\u0131mc\u0131 olur.<\/p>\t\t\t\t\t\t\t\t<\/div>\n\t\t\t\t<div class=\"elementor-element elementor-element-45bf0b8 elementor-widget elementor-widget-video\" data-id=\"45bf0b8\" data-element_type=\"widget\" data-e-type=\"widget\" data-settings=\"{&quot;youtube_url&quot;:&quot;https:\\\/\\\/www.youtube.com\\\/watch?v=2v26mxj8eXQ&quot;,&quot;video_type&quot;:&quot;youtube&quot;,&quot;controls&quot;:&quot;yes&quot;}\" data-widget_type=\"video.default\">\n\t\t\t\t\t\t\t<div class=\"elementor-wrapper elementor-open-inline\">\n\t\t\t<div class=\"elementor-video\"><\/div>\t\t<\/div>\n\t\t\t\t\t\t<\/div>\n\t\t\t\t<section class=\"elementor-section elementor-inner-section elementor-element elementor-element-a174cfd elementor-section-boxed elementor-section-height-default elementor-section-height-default\" data-id=\"a174cfd\" data-element_type=\"section\" data-e-type=\"section\">\n\t\t\t\t\t\t<div class=\"elementor-container elementor-column-gap-default\">\n\t\t\t\t\t<div class=\"elementor-column elementor-col-100 elementor-inner-column elementor-element elementor-element-c1b34bc\" data-id=\"c1b34bc\" data-element_type=\"column\" data-e-type=\"column\" data-settings=\"{&quot;background_background&quot;:&quot;classic&quot;}\">\n\t\t\t<div class=\"elementor-widget-wrap elementor-element-populated\">\n\t\t\t\t\t\t<div class=\"elementor-element elementor-element-7889783 elementor-widget elementor-widget-heading\" data-id=\"7889783\" data-element_type=\"widget\" data-e-type=\"widget\" data-widget_type=\"heading.default\">\n\t\t\t\t\t<h2 class=\"elementor-heading-title elementor-size-default\">H-1B1 Vizesi Nedir?<\/h2>\t\t\t\t<\/div>\n\t\t\t\t\t<\/div>\n\t\t<\/div>\n\t\t\t\t\t<\/div>\n\t\t<\/section>\n\t\t\t\t<div class=\"elementor-element elementor-element-25b2af3 elementor-widget elementor-widget-text-editor\" data-id=\"25b2af3\" data-element_type=\"widget\" data-e-type=\"widget\" data-widget_type=\"text-editor.default\">\n\t\t\t\t\t\t\t\t\t<p><strong>H-1B1 Vizesi<\/strong>, Amerika Birle\u015fik Devletleri ile <strong>\u015eili<\/strong> ve <strong>Singapur<\/strong> aras\u0131nda yap\u0131lan ticaret anla\u015fmalar\u0131 kapsam\u0131nda, bu \u00fclkelerin vatanda\u015flar\u0131na uzmanl\u0131k gerektiren mesleklerde \u00e7al\u0131\u015fma f\u0131rsat\u0131 sunar. <strong>H-1B1 Vizesi<\/strong> t\u00fcr\u00fc, m\u00fchendislikten t\u0131bba, bili\u015fimden finansa kadar bir\u00e7ok alanda profesyoneller i\u00e7in tasarlanm\u0131\u015ft\u0131r.<\/p><h4><strong>H-1B1 Vizesinin \u00d6zellikleri<\/strong><\/h4><ul><li><strong>Uzmanl\u0131k Gerektiren Meslekler:<\/strong> M\u00fchendislik, bili\u015fim, sa\u011fl\u0131k hizmetleri, finans ve e\u011fitim gibi \u00e7e\u015fitli profesyonel alanlarda \u00e7al\u0131\u015fma imkan\u0131 sunar.<\/li><li><strong>\u0130\u015fveren Sponsorlu\u011fu:<\/strong> Ba\u015fvuru sahibinin ABD\u2019de bir i\u015fveren taraf\u0131ndan desteklenmesi gereklidir.<\/li><li><strong>E\u011fitim Gereksinimi:<\/strong> En az lisans derecesi veya ilgili i\u015f deneyimi gereklidir.<\/li><li><strong>S\u00fcreli \u0130kamet:<\/strong> \u0130lk ba\u015fvuru i\u00e7in <strong>bir y\u0131l s\u00fcreyle<\/strong> verilir ve s\u00fcresiz olarak yenilenebilir.<\/li><li><strong>Aile Birle\u015fimi:<\/strong> H-1B1 Vizesi sahiplerinin e\u015fleri ve 21 ya\u015f alt\u0131ndaki bekar \u00e7ocuklar\u0131, H-4 Vizesi ile ABD\u2019de ya\u015fama hakk\u0131na sahiptir.<\/li><\/ul>\t\t\t\t\t\t\t\t<\/div>\n\t\t\t\t<section class=\"elementor-section elementor-inner-section elementor-element elementor-element-df16070 elementor-section-boxed elementor-section-height-default elementor-section-height-default\" data-id=\"df16070\" data-element_type=\"section\" data-e-type=\"section\">\n\t\t\t\t\t\t<div class=\"elementor-container elementor-column-gap-default\">\n\t\t\t\t\t<div class=\"elementor-column elementor-col-100 elementor-inner-column elementor-element elementor-element-5577fd5\" data-id=\"5577fd5\" data-element_type=\"column\" data-e-type=\"column\" data-settings=\"{&quot;background_background&quot;:&quot;classic&quot;}\">\n\t\t\t<div class=\"elementor-widget-wrap elementor-element-populated\">\n\t\t\t\t\t\t<div class=\"elementor-element elementor-element-605bc9d elementor-widget elementor-widget-heading\" data-id=\"605bc9d\" data-element_type=\"widget\" data-e-type=\"widget\" data-widget_type=\"heading.default\">\n\t\t\t\t\t<h2 class=\"elementor-heading-title elementor-size-default\">H-1B1 Vizesi Ba\u015fvuru S\u00fcreci<\/h2>\t\t\t\t<\/div>\n\t\t\t\t\t<\/div>\n\t\t<\/div>\n\t\t\t\t\t<\/div>\n\t\t<\/section>\n\t\t\t\t<div class=\"elementor-element elementor-element-464f48e elementor-widget elementor-widget-text-editor\" data-id=\"464f48e\" data-element_type=\"widget\" data-e-type=\"widget\" data-widget_type=\"text-editor.default\">\n\t\t\t\t\t\t\t\t\t<p>H-1B1 Vizesine ba\u015fvurmak, dikkatli bir haz\u0131rl\u0131k ve titiz bir s\u00fcre\u00e7 y\u00f6netimi gerektirir. <strong>Marsan Akg\u00fc\u00e7 Hukuk B\u00fcrosu<\/strong>, ba\u015fvurunuzun her a\u015famas\u0131nda rehberlik sa\u011flar.<\/p><h4><strong>Vize T\u00fcr\u00fcn\u00fcn Belirlenmesi<\/strong><\/h4><p>Ba\u015fvuru sahibinin ve mesle\u011finin H-1B1 kriterlerine uygun olup olmad\u0131\u011f\u0131 de\u011ferlendirilir.<\/p><h4><strong>\u0130\u015fveren Sponsoru\u011fu ve \u0130\u015f Teklifi<\/strong><\/h4><p>ABD\u2019li i\u015fveren, ba\u015fvuru sahibi ad\u0131na <strong>DOL (Department of Labor)<\/strong> onayl\u0131 bir i\u015f teklif mektubu sunar ve ba\u015fvuruyu desteklemek i\u00e7in gerekli belgeleri haz\u0131rlar.<\/p><h4><strong>Gerekli Belgelerin Haz\u0131rlanmas\u0131<\/strong><\/h4><p>Ba\u015fvuru s\u0131ras\u0131nda sunulmas\u0131 gereken belgeler \u015funlard\u0131r:<\/p><ul><li><strong>Pasaport:<\/strong> Seyahat tarihinden itibaren en az alt\u0131 ay ge\u00e7erli.<\/li><li><strong>E\u011fitim Belgeleri:<\/strong> Diploma, transkript ve sertifikalar.<\/li><li><strong>\u0130\u015f Teklifi Mektubu:<\/strong> ABD\u2019li i\u015fverenden resmi i\u015f teklifi.<\/li><li><strong>\u00d6zge\u00e7mi\u015f (CV):<\/strong> Akademik ve profesyonel ge\u00e7mi\u015finizi detayland\u0131ran belge.<\/li><li><strong>\u0130\u015fveren Belgeleri:<\/strong> \u0130\u015fverenin ticari faaliyet raporlar\u0131 ve sponsorluk belgeleri.<\/li><\/ul><h4><strong>Vize Ba\u015fvurusunun Yap\u0131lmas\u0131<\/strong><\/h4><p>Ba\u015fvuru, ABD Konsoloslu\u011fu veya B\u00fcy\u00fckel\u00e7ili\u011fi\u2019ne yap\u0131l\u0131r. S\u00fcre\u00e7 \u015fu ad\u0131mlar\u0131 i\u00e7erir:<\/p><ul><li>DS-160 Formu\u2019nun \u00e7evrimi\u00e7i doldurulmas\u0131.<\/li><li>Vize ba\u015fvuru \u00fccretinin \u00f6denmesi.<\/li><li>G\u00f6r\u00fc\u015fme randevusunun al\u0131nmas\u0131.<\/li><\/ul><h4><strong>G\u00f6r\u00fc\u015fme ve De\u011ferlendirme<\/strong><\/h4><p>ABD Konsoloslu\u011fu\u2019nda ger\u00e7ekle\u015ftirilen m\u00fclakatta, ba\u015fvuru sahibinin mesleki nitelikleri ve i\u015f pozisyonu de\u011ferlendirilir. Ba\u015fvurunun onaylanmas\u0131 durumunda vize, pasaporta i\u015flenerek sahibine g\u00f6nderilir.<\/p>\t\t\t\t\t\t\t\t<\/div>\n\t\t\t\t<section class=\"elementor-section elementor-inner-section elementor-element elementor-element-b55f212 elementor-section-boxed elementor-section-height-default elementor-section-height-default\" data-id=\"b55f212\" data-element_type=\"section\" data-e-type=\"section\">\n\t\t\t\t\t\t<div class=\"elementor-container elementor-column-gap-default\">\n\t\t\t\t\t<div class=\"elementor-column elementor-col-100 elementor-inner-column elementor-element elementor-element-844178e\" data-id=\"844178e\" data-element_type=\"column\" data-e-type=\"column\" data-settings=\"{&quot;background_background&quot;:&quot;classic&quot;}\">\n\t\t\t<div class=\"elementor-widget-wrap elementor-element-populated\">\n\t\t\t\t\t\t<div class=\"elementor-element elementor-element-0e742c7 elementor-widget elementor-widget-heading\" data-id=\"0e742c7\" data-element_type=\"widget\" data-e-type=\"widget\" data-widget_type=\"heading.default\">\n\t\t\t\t\t<h2 class=\"elementor-heading-title elementor-size-default\">H-1B1 Vizesi Kotas\u0131<\/h2>\t\t\t\t<\/div>\n\t\t\t\t\t<\/div>\n\t\t<\/div>\n\t\t\t\t\t<\/div>\n\t\t<\/section>\n\t\t\t\t<div class=\"elementor-element elementor-element-6cafb3c elementor-widget elementor-widget-text-editor\" data-id=\"6cafb3c\" data-element_type=\"widget\" data-e-type=\"widget\" data-widget_type=\"text-editor.default\">\n\t\t\t\t\t\t\t\t\t<p><strong>H-1B1 Vizesi<\/strong>, her y\u0131l belirli say\u0131da kontenjan ile s\u0131n\u0131rl\u0131d\u0131r:<\/p><ul><li><strong>\u015eili Vatanda\u015flar\u0131:<\/strong> 1,400 vize kontenjan\u0131.<\/li><li><strong>Singapur Vatanda\u015flar\u0131:<\/strong> 5,400 vize kontenjan\u0131.<\/li><\/ul><p>Ancak akademik kurumlar veya k\u00e2r amac\u0131 g\u00fctmeyen kurulu\u015flarda \u00e7al\u0131\u015facak olan ba\u015fvuru sahipleri kota s\u0131n\u0131rlamas\u0131na tabi de\u011fildir.<\/p>\t\t\t\t\t\t\t\t<\/div>\n\t\t\t\t\t<\/div>\n\t\t<\/div>\n\t\t\t\t\t<\/div>\n\t\t<\/section>\n\t\t\t\t<\/div>\n\t\t","protected":false},"excerpt":{"rendered":"<p>Anasayfa H-1B1 Vizesi, Amerika Birle\u015fik Devletleri\u2019nde uzmanl\u0131k gerektiren mesleklerde \u00e7al\u0131\u015fmak isteyen \u015eili ve Singapur vatanda\u015flar\u0131na \u00f6zel olarak sunulan g\u00f6\u00e7men olmayan bir istihdam vizesidir. Marsan Akg\u00fc\u00e7 Law Firm, bu vize t\u00fcr\u00fcne ba\u015fvurular\u0131n\u0131zda profesyonel destek sa\u011flayarak kariyer hedeflerinize ula\u015fman\u0131za yard\u0131mc\u0131 olur. https:\/\/www.youtube.com\/watch?v=2v26mxj8eXQ H-1B1 Vizesi Nedir? H-1B1 Vizesi, Amerika Birle\u015fik Devletleri ile \u015eili ve Singapur aras\u0131nda yap\u0131lan ticaret [&hellip;]<\/p>\n","protected":false},"author":1,"featured_media":5673,"parent":0,"menu_order":0,"comment_status":"closed","ping_status":"closed","template":"","meta":{"footnotes":""},"class_list":["post-5166","page","type-page","status-publish","has-post-thumbnail","hentry"],"_links":{"self":[{"href":"https:\/\/marsanakguclaw.com\/tr\/wp-json\/wp\/v2\/pages\/5166","targetHints":{"allow":["GET"]}}],"collection":[{"href":"https:\/\/marsanakguclaw.com\/tr\/wp-json\/wp\/v2\/pages"}],"about":[{"href":"https:\/\/marsanakguclaw.com\/tr\/wp-json\/wp\/v2\/types\/page"}],"author":[{"embeddable":true,"href":"https:\/\/marsanakguclaw.com\/tr\/wp-json\/wp\/v2\/users\/1"}],"replies":[{"embeddable":true,"href":"https:\/\/marsanakguclaw.com\/tr\/wp-json\/wp\/v2\/comments?post=5166"}],"version-history":[{"count":11,"href":"https:\/\/marsanakguclaw.com\/tr\/wp-json\/wp\/v2\/pages\/5166\/revisions"}],"predecessor-version":[{"id":5681,"href":"https:\/\/marsanakguclaw.com\/tr\/wp-json\/wp\/v2\/pages\/5166\/revisions\/5681"}],"wp:featuredmedia":[{"embeddable":true,"href":"https:\/\/marsanakguclaw.com\/tr\/wp-json\/wp\/v2\/media\/5673"}],"wp:attachment":[{"href":"https:\/\/marsanakguclaw.com\/tr\/wp-json\/wp\/v2\/media?parent=5166"}],"curies":[{"name":"wp","href":"https:\/\/api.w.org\/{rel}","templated":true}]}}