{"id":5167,"date":"2025-08-20T13:43:40","date_gmt":"2025-08-20T10:43:40","guid":{"rendered":"https:\/\/marsanakguclaw.com\/tr\/?page_id=5167"},"modified":"2025-08-24T13:56:08","modified_gmt":"2025-08-24T10:56:08","slug":"h-2b-vizesi","status":"publish","type":"page","link":"https:\/\/marsanakguclaw.com\/tr\/h-2b-vizesi\/","title":{"rendered":"H-2B Vizesi"},"content":{"rendered":"\t\t<div data-elementor-type=\"wp-page\" data-elementor-id=\"5167\" class=\"elementor elementor-5167\" data-elementor-post-type=\"page\">\n\t\t\t\t\t\t<section class=\"elementor-section elementor-top-section elementor-element elementor-element-599c95f elementor-section-boxed elementor-section-height-default elementor-section-height-default\" data-id=\"599c95f\" data-element_type=\"section\" data-e-type=\"section\">\n\t\t\t\t\t\t<div class=\"elementor-container elementor-column-gap-default\">\n\t\t\t\t\t<div class=\"elementor-column elementor-col-100 elementor-top-column elementor-element elementor-element-9e05fcf\" data-id=\"9e05fcf\" data-element_type=\"column\" data-e-type=\"column\">\n\t\t\t<div class=\"elementor-widget-wrap elementor-element-populated\">\n\t\t\t\t\t\t<div class=\"elementor-element elementor-element-eef4018 elementor-widget elementor-widget-breadcrumbs\" data-id=\"eef4018\" data-element_type=\"widget\" data-e-type=\"widget\" data-widget_type=\"breadcrumbs.default\">\n\t\t\t\t<div class=\"elementor-widget-container\">\n\t\t\t\t\t<span><span class=\"last\">Anasayfa<\/span><\/span>\t\t\t\t<\/div>\n\t\t\t\t<\/div>\n\t\t\t\t\t<\/div>\n\t\t<\/div>\n\t\t\t\t\t<\/div>\n\t\t<\/section>\n\t\t\t\t<section class=\"elementor-section elementor-top-section elementor-element elementor-element-fea72c5 elementor-section-boxed elementor-section-height-default elementor-section-height-default\" data-id=\"fea72c5\" data-element_type=\"section\" data-e-type=\"section\">\n\t\t\t\t\t\t<div class=\"elementor-container elementor-column-gap-default\">\n\t\t\t\t\t<div class=\"elementor-column elementor-col-100 elementor-top-column elementor-element elementor-element-36a767e\" data-id=\"36a767e\" data-element_type=\"column\" data-e-type=\"column\">\n\t\t\t<div class=\"elementor-widget-wrap elementor-element-populated\">\n\t\t\t\t\t\t<div class=\"elementor-element elementor-element-41df5f0 elementor-nav-menu__align-start elementor-nav-menu--dropdown-none elementor-widget elementor-widget-nav-menu\" data-id=\"41df5f0\" data-element_type=\"widget\" data-e-type=\"widget\" data-settings=\"{&quot;layout&quot;:&quot;horizontal&quot;,&quot;submenu_icon&quot;:{&quot;value&quot;:&quot;&lt;svg aria-hidden=\\&quot;true\\&quot; class=\\&quot;e-font-icon-svg e-fas-caret-down\\&quot; viewBox=\\&quot;0 0 320 512\\&quot; xmlns=\\&quot;http:\\\/\\\/www.w3.org\\\/2000\\\/svg\\&quot;&gt;&lt;path d=\\&quot;M31.3 192h257.3c17.8 0 26.7 21.5 14.1 34.1L174.1 354.8c-7.8 7.8-20.5 7.8-28.3 0L17.2 226.1C4.6 213.5 13.5 192 31.3 192z\\&quot;&gt;&lt;\\\/path&gt;&lt;\\\/svg&gt;&quot;,&quot;library&quot;:&quot;fa-solid&quot;}}\" data-widget_type=\"nav-menu.default\">\n\t\t\t\t\t\t\t\t<nav aria-label=\"Men\u00fc\" class=\"elementor-nav-menu--main elementor-nav-menu__container elementor-nav-menu--layout-horizontal e--pointer-underline e--animation-fade\">\n\t\t\t\t<ul id=\"menu-1-41df5f0\" class=\"elementor-nav-menu\"><li class=\"menu-item menu-item-type-post_type menu-item-object-page menu-item-5193\"><a href=\"https:\/\/marsanakguclaw.com\/tr\/e-3-avustralya-calisan-vizesi\/\" class=\"elementor-item\">E-3 Vizesi<\/a><\/li>\n<li class=\"menu-item menu-item-type-post_type menu-item-object-page menu-item-5186\"><a href=\"https:\/\/marsanakguclaw.com\/tr\/r-1-din-gorevlisi-vizesi\/\" class=\"elementor-item\">R-1 Vizesi<\/a><\/li>\n<li class=\"menu-item menu-item-type-post_type menu-item-object-page menu-item-5187\"><a href=\"https:\/\/marsanakguclaw.com\/tr\/i-medya-temsilcisi-vizesi\/\" class=\"elementor-item\">I Medya Temsilcisi Vizesi<\/a><\/li>\n<li class=\"menu-item menu-item-type-post_type menu-item-object-page menu-item-5188\"><a href=\"https:\/\/marsanakguclaw.com\/tr\/l-1-sirket-ici-transfer-vizesi\/\" class=\"elementor-item\">L-1 Vizesi<\/a><\/li>\n<li class=\"menu-item menu-item-type-post_type menu-item-object-page menu-item-5189\"><a href=\"https:\/\/marsanakguclaw.com\/tr\/h-3-vizesi\/\" class=\"elementor-item\">H-3 Vizesi<\/a><\/li>\n<li class=\"menu-item menu-item-type-post_type menu-item-object-page menu-item-5190\"><a href=\"https:\/\/marsanakguclaw.com\/tr\/h-2b-vizesi\/\" class=\"elementor-item\">H-2B Vizesi<\/a><\/li>\n<li class=\"menu-item menu-item-type-post_type menu-item-object-page menu-item-5191\"><a href=\"https:\/\/marsanakguclaw.com\/tr\/h-1b1-vizesi\/\" class=\"elementor-item\">H-1B1 Vizesi<\/a><\/li>\n<li class=\"menu-item menu-item-type-post_type menu-item-object-page menu-item-5192\"><a href=\"https:\/\/marsanakguclaw.com\/tr\/h-1b-vizesi\/\" class=\"elementor-item\">H-1B Vizesi<\/a><\/li>\n<\/ul>\t\t\t<\/nav>\n\t\t\t\t\t\t<nav class=\"elementor-nav-menu--dropdown elementor-nav-menu__container\" aria-hidden=\"true\">\n\t\t\t\t<ul id=\"menu-2-41df5f0\" class=\"elementor-nav-menu\"><li class=\"menu-item menu-item-type-post_type menu-item-object-page menu-item-5193\"><a href=\"https:\/\/marsanakguclaw.com\/tr\/e-3-avustralya-calisan-vizesi\/\" class=\"elementor-item\" tabindex=\"-1\">E-3 Vizesi<\/a><\/li>\n<li class=\"menu-item menu-item-type-post_type menu-item-object-page menu-item-5186\"><a href=\"https:\/\/marsanakguclaw.com\/tr\/r-1-din-gorevlisi-vizesi\/\" class=\"elementor-item\" tabindex=\"-1\">R-1 Vizesi<\/a><\/li>\n<li class=\"menu-item menu-item-type-post_type menu-item-object-page menu-item-5187\"><a href=\"https:\/\/marsanakguclaw.com\/tr\/i-medya-temsilcisi-vizesi\/\" class=\"elementor-item\" tabindex=\"-1\">I Medya Temsilcisi Vizesi<\/a><\/li>\n<li class=\"menu-item menu-item-type-post_type menu-item-object-page menu-item-5188\"><a href=\"https:\/\/marsanakguclaw.com\/tr\/l-1-sirket-ici-transfer-vizesi\/\" class=\"elementor-item\" tabindex=\"-1\">L-1 Vizesi<\/a><\/li>\n<li class=\"menu-item menu-item-type-post_type menu-item-object-page menu-item-5189\"><a href=\"https:\/\/marsanakguclaw.com\/tr\/h-3-vizesi\/\" class=\"elementor-item\" tabindex=\"-1\">H-3 Vizesi<\/a><\/li>\n<li class=\"menu-item menu-item-type-post_type menu-item-object-page menu-item-5190\"><a href=\"https:\/\/marsanakguclaw.com\/tr\/h-2b-vizesi\/\" class=\"elementor-item\" tabindex=\"-1\">H-2B Vizesi<\/a><\/li>\n<li class=\"menu-item menu-item-type-post_type menu-item-object-page menu-item-5191\"><a href=\"https:\/\/marsanakguclaw.com\/tr\/h-1b1-vizesi\/\" class=\"elementor-item\" tabindex=\"-1\">H-1B1 Vizesi<\/a><\/li>\n<li class=\"menu-item menu-item-type-post_type menu-item-object-page menu-item-5192\"><a href=\"https:\/\/marsanakguclaw.com\/tr\/h-1b-vizesi\/\" class=\"elementor-item\" tabindex=\"-1\">H-1B Vizesi<\/a><\/li>\n<\/ul>\t\t\t<\/nav>\n\t\t\t\t\t\t<\/div>\n\t\t\t\t\t<\/div>\n\t\t<\/div>\n\t\t\t\t\t<\/div>\n\t\t<\/section>\n\t\t\t\t<section class=\"elementor-section elementor-top-section elementor-element elementor-element-7e36e69 elementor-section-boxed elementor-section-height-default elementor-section-height-default\" data-id=\"7e36e69\" data-element_type=\"section\" data-e-type=\"section\">\n\t\t\t\t\t\t<div class=\"elementor-container elementor-column-gap-default\">\n\t\t\t\t\t<div class=\"elementor-column elementor-col-100 elementor-top-column elementor-element elementor-element-ecf4fdc\" data-id=\"ecf4fdc\" data-element_type=\"column\" data-e-type=\"column\">\n\t\t\t<div class=\"elementor-widget-wrap elementor-element-populated\">\n\t\t\t\t\t\t<div class=\"elementor-element elementor-element-dc04b09 elementor-widget elementor-widget-text-editor\" data-id=\"dc04b09\" data-element_type=\"widget\" data-e-type=\"widget\" data-widget_type=\"text-editor.default\">\n\t\t\t\t\t\t\t\t\t<p>H-2B Vizesi, <strong>Amerika Birle\u015fik Devletleri&#8217;ndeki tar\u0131m d\u0131\u015f\u0131 ge\u00e7ici i\u015f pozisyonlar\u0131n\u0131 doldurmak i\u00e7in tasarlanm\u0131\u015f \u00f6zel bir istihdam vizesidir.<\/strong> H-2B Vizesi mevsimlik, yo\u011fun i\u015f y\u00fck\u00fc veya tek seferlik i\u015f ihtiya\u00e7lar\u0131n\u0131 kar\u015f\u0131lamak isteyen i\u015fverenler i\u00e7in ideal bir \u00e7\u00f6z\u00fcm sunar. Marsan Akg\u00fc\u00e7 Law Firm, H-2B Vizesi ba\u015fvurular\u0131n\u0131zda uzman rehberlik sa\u011flar.<\/p>\t\t\t\t\t\t\t\t<\/div>\n\t\t\t\t<div class=\"elementor-element elementor-element-f19cc27 elementor-widget elementor-widget-image\" data-id=\"f19cc27\" data-element_type=\"widget\" data-e-type=\"widget\" data-widget_type=\"image.default\">\n\t\t\t\t\t\t\t\t\t\t\t\t\t\t\t<img fetchpriority=\"high\" decoding=\"async\" width=\"1200\" height=\"350\" src=\"https:\/\/marsanakguclaw.com\/tr\/wp-content\/uploads\/2025\/08\/H-2B-Vizesi.jpg\" class=\"attachment-full size-full wp-image-5672\" alt=\"\" srcset=\"https:\/\/marsanakguclaw.com\/tr\/wp-content\/uploads\/2025\/08\/H-2B-Vizesi.jpg 1200w, https:\/\/marsanakguclaw.com\/tr\/wp-content\/uploads\/2025\/08\/H-2B-Vizesi-300x88.jpg 300w, https:\/\/marsanakguclaw.com\/tr\/wp-content\/uploads\/2025\/08\/H-2B-Vizesi-1024x299.jpg 1024w, https:\/\/marsanakguclaw.com\/tr\/wp-content\/uploads\/2025\/08\/H-2B-Vizesi-768x224.jpg 768w\" sizes=\"(max-width: 1200px) 100vw, 1200px\" \/>\t\t\t\t\t\t\t\t\t\t\t\t\t\t\t<\/div>\n\t\t\t\t<section class=\"elementor-section elementor-inner-section elementor-element elementor-element-e226479 elementor-section-boxed elementor-section-height-default elementor-section-height-default\" data-id=\"e226479\" data-element_type=\"section\" data-e-type=\"section\">\n\t\t\t\t\t\t<div class=\"elementor-container elementor-column-gap-default\">\n\t\t\t\t\t<div class=\"elementor-column elementor-col-100 elementor-inner-column elementor-element elementor-element-1fb1ae1\" data-id=\"1fb1ae1\" data-element_type=\"column\" data-e-type=\"column\" data-settings=\"{&quot;background_background&quot;:&quot;classic&quot;}\">\n\t\t\t<div class=\"elementor-widget-wrap elementor-element-populated\">\n\t\t\t\t\t\t<div class=\"elementor-element elementor-element-1e9631c elementor-widget elementor-widget-heading\" data-id=\"1e9631c\" data-element_type=\"widget\" data-e-type=\"widget\" data-widget_type=\"heading.default\">\n\t\t\t\t\t<h2 class=\"elementor-heading-title elementor-size-default\">H-2B Vizesi Nedir?<\/h2>\t\t\t\t<\/div>\n\t\t\t\t\t<\/div>\n\t\t<\/div>\n\t\t\t\t\t<\/div>\n\t\t<\/section>\n\t\t\t\t<div class=\"elementor-element elementor-element-4105fc8 elementor-widget elementor-widget-text-editor\" data-id=\"4105fc8\" data-element_type=\"widget\" data-e-type=\"widget\" data-widget_type=\"text-editor.default\">\n\t\t\t\t\t\t\t\t\t<p><strong>H-2B Vizesi<\/strong>\u00a0Amerika Birle\u015fik Devletleri&#8217;nde tar\u0131m d\u0131\u015f\u0131 ge\u00e7ici i\u015fler i\u00e7in yabanc\u0131 i\u015f\u00e7ilerin \u00e7al\u0131\u015fmas\u0131na olanak tan\u0131r. Otelcilik, in\u015faat, peyzaj, konaklama ve etkinlik y\u00f6netimi gibi sekt\u00f6rlerde s\u0131k\u00e7a tercih edilen <strong>H-2B Vizesi<\/strong>\u00a0i\u015fverenlerin yerel i\u015fg\u00fcc\u00fc yetersizli\u011fini telafi etmesine yard\u0131mc\u0131 olur.<\/p>\t\t\t\t\t\t\t\t<\/div>\n\t\t\t\t<section class=\"elementor-section elementor-inner-section elementor-element elementor-element-83bebfb elementor-section-boxed elementor-section-height-default elementor-section-height-default\" data-id=\"83bebfb\" data-element_type=\"section\" data-e-type=\"section\">\n\t\t\t\t\t\t<div class=\"elementor-container elementor-column-gap-default\">\n\t\t\t\t\t<div class=\"elementor-column elementor-col-100 elementor-inner-column elementor-element elementor-element-c7c49a0\" data-id=\"c7c49a0\" data-element_type=\"column\" data-e-type=\"column\" data-settings=\"{&quot;background_background&quot;:&quot;classic&quot;}\">\n\t\t\t<div class=\"elementor-widget-wrap elementor-element-populated\">\n\t\t\t\t\t\t<div class=\"elementor-element elementor-element-45015e0 elementor-widget elementor-widget-heading\" data-id=\"45015e0\" data-element_type=\"widget\" data-e-type=\"widget\" data-widget_type=\"heading.default\">\n\t\t\t\t\t<h2 class=\"elementor-heading-title elementor-size-default\">H-2B Vizesine Kimler Ba\u015fvurabilir?<\/h2>\t\t\t\t<\/div>\n\t\t\t\t\t<\/div>\n\t\t<\/div>\n\t\t\t\t\t<\/div>\n\t\t<\/section>\n\t\t\t\t<div class=\"elementor-element elementor-element-57d551a elementor-widget elementor-widget-text-editor\" data-id=\"57d551a\" data-element_type=\"widget\" data-e-type=\"widget\" data-widget_type=\"text-editor.default\">\n\t\t\t\t\t\t\t\t\t<p><strong>H-2B Vizesi<\/strong> ba\u015fvurusu yapabilmek i\u00e7in hem i\u015fverenin hem de i\u015f\u00e7inin belirli kriterleri kar\u015f\u0131lamas\u0131 gereklidir:<\/p><h4><strong>\u0130\u015fveren \u015eartlar\u0131<\/strong><\/h4><ul><li><strong>Ge\u00e7ici \u0130htiya\u00e7:<\/strong> \u0130\u015fverenin i\u015f pozisyonu, mevsimsel, aral\u0131kl\u0131, yo\u011fun i\u015f y\u00fck\u00fc veya tek seferlik bir i\u015f olarak tan\u0131mlanmal\u0131d\u0131r.<\/li><li><strong>Yerel \u0130\u015fg\u00fcc\u00fc Eksikli\u011fi:<\/strong> \u0130\u015fveren, pozisyon i\u00e7in nitelikli Amerikal\u0131 i\u015f\u00e7i bulunamad\u0131\u011f\u0131n\u0131 kan\u0131tlamal\u0131d\u0131r.<\/li><li><strong>Adil \u00c7al\u0131\u015fma \u015eartlar\u0131:<\/strong> \u0130\u015fveren, yabanc\u0131 i\u015f\u00e7ilere <strong>Amerikal\u0131 i\u015f\u00e7ilere sunulan e\u015fde\u011fer \u00fccret ve \u00e7al\u0131\u015fma ko\u015fullar\u0131n\u0131<\/strong> sa\u011flamal\u0131d\u0131r.<\/li><\/ul><h4><strong>\u0130\u015f\u00e7i \u015eartlar\u0131<\/strong><\/h4><ul><li><strong>Ge\u00e7erli \u0130\u015f Teklifi:<\/strong> \u0130\u015f\u00e7i, ABD&#8217;de bir i\u015fveren taraf\u0131ndan resmi i\u015f teklifi almal\u0131d\u0131r.<\/li><li><strong>Nitelik ve Deneyim:<\/strong> Pozisyonun gerektirdi\u011fi yeterliliklere sahip olunmal\u0131d\u0131r.<\/li><li><strong>Geri D\u00f6n\u00fc\u015f Niyeti:<\/strong> \u0130\u015f\u00e7i, vize s\u00fcresi dolduktan sonra kendi \u00fclkesine d\u00f6nece\u011fini taahh\u00fct etmelidir.<\/li><\/ul>\t\t\t\t\t\t\t\t<\/div>\n\t\t\t\t<section class=\"elementor-section elementor-inner-section elementor-element elementor-element-3147944 elementor-section-boxed elementor-section-height-default elementor-section-height-default\" data-id=\"3147944\" data-element_type=\"section\" data-e-type=\"section\">\n\t\t\t\t\t\t<div class=\"elementor-container elementor-column-gap-default\">\n\t\t\t\t\t<div class=\"elementor-column elementor-col-100 elementor-inner-column elementor-element elementor-element-53a7686\" data-id=\"53a7686\" data-element_type=\"column\" data-e-type=\"column\" data-settings=\"{&quot;background_background&quot;:&quot;classic&quot;}\">\n\t\t\t<div class=\"elementor-widget-wrap elementor-element-populated\">\n\t\t\t\t\t\t<div class=\"elementor-element elementor-element-51ebbe6 elementor-widget elementor-widget-heading\" data-id=\"51ebbe6\" data-element_type=\"widget\" data-e-type=\"widget\" data-widget_type=\"heading.default\">\n\t\t\t\t\t<h3 class=\"elementor-heading-title elementor-size-default\">Marsan Akg\u00fc\u00e7 Law Firm ile G\u00fcvendesiniz<\/h3>\t\t\t\t<\/div>\n\t\t\t\t\t<\/div>\n\t\t<\/div>\n\t\t\t\t\t<\/div>\n\t\t<\/section>\n\t\t\t\t<div class=\"elementor-element elementor-element-4047c28 elementor-widget elementor-widget-text-editor\" data-id=\"4047c28\" data-element_type=\"widget\" data-e-type=\"widget\" data-widget_type=\"text-editor.default\">\n\t\t\t\t\t\t\t\t\t<p>Marsan Akg\u00fc\u00e7 Law Firm, H-2B Vizesi ba\u015fvurular\u0131nda size kapsaml\u0131 destek sunar:<\/p><ul><li><strong>Uzman Rehberlik:<\/strong> Deneyimli ekibimiz, t\u00fcm s\u00fcre\u00e7 boyunca size rehberlik eder.<\/li><li><strong>Belgelerin Haz\u0131rlanmas\u0131:<\/strong> Do\u011fru ve eksiksiz bir ba\u015fvuru i\u00e7in gerekli t\u00fcm belgelerin haz\u0131rlanmas\u0131n\u0131 sa\u011flar.<\/li><li><strong>Y\u00fcksek Ba\u015far\u0131 Oran\u0131:<\/strong> H-2B Vizesi ba\u015fvurular\u0131nda y\u00fcksek ba\u015far\u0131 oran\u0131na sahibiz.<\/li><\/ul><p>ABD\u2019de ge\u00e7ici i\u015f f\u0131rsatlar\u0131n\u0131 de\u011ferlendirmek ve s\u00fcreci ba\u015far\u0131yla tamamlamak i\u00e7in bizimle ileti\u015fime ge\u00e7in!<\/p>\t\t\t\t\t\t\t\t<\/div>\n\t\t\t\t\t<\/div>\n\t\t<\/div>\n\t\t\t\t\t<\/div>\n\t\t<\/section>\n\t\t\t\t<\/div>\n\t\t","protected":false},"excerpt":{"rendered":"<p>Anasayfa H-2B Vizesi, Amerika Birle\u015fik Devletleri&#8217;ndeki tar\u0131m d\u0131\u015f\u0131 ge\u00e7ici i\u015f pozisyonlar\u0131n\u0131 doldurmak i\u00e7in tasarlanm\u0131\u015f \u00f6zel bir istihdam vizesidir. H-2B Vizesi mevsimlik, yo\u011fun i\u015f y\u00fck\u00fc veya tek seferlik i\u015f ihtiya\u00e7lar\u0131n\u0131 kar\u015f\u0131lamak isteyen i\u015fverenler i\u00e7in ideal bir \u00e7\u00f6z\u00fcm sunar. Marsan Akg\u00fc\u00e7 Law Firm, H-2B Vizesi ba\u015fvurular\u0131n\u0131zda uzman rehberlik sa\u011flar. H-2B Vizesi Nedir? H-2B Vizesi\u00a0Amerika Birle\u015fik Devletleri&#8217;nde tar\u0131m [&hellip;]<\/p>\n","protected":false},"author":1,"featured_media":5672,"parent":0,"menu_order":0,"comment_status":"closed","ping_status":"closed","template":"","meta":{"footnotes":""},"class_list":["post-5167","page","type-page","status-publish","has-post-thumbnail","hentry"],"_links":{"self":[{"href":"https:\/\/marsanakguclaw.com\/tr\/wp-json\/wp\/v2\/pages\/5167","targetHints":{"allow":["GET"]}}],"collection":[{"href":"https:\/\/marsanakguclaw.com\/tr\/wp-json\/wp\/v2\/pages"}],"about":[{"href":"https:\/\/marsanakguclaw.com\/tr\/wp-json\/wp\/v2\/types\/page"}],"author":[{"embeddable":true,"href":"https:\/\/marsanakguclaw.com\/tr\/wp-json\/wp\/v2\/users\/1"}],"replies":[{"embeddable":true,"href":"https:\/\/marsanakguclaw.com\/tr\/wp-json\/wp\/v2\/comments?post=5167"}],"version-history":[{"count":13,"href":"https:\/\/marsanakguclaw.com\/tr\/wp-json\/wp\/v2\/pages\/5167\/revisions"}],"predecessor-version":[{"id":5686,"href":"https:\/\/marsanakguclaw.com\/tr\/wp-json\/wp\/v2\/pages\/5167\/revisions\/5686"}],"wp:featuredmedia":[{"embeddable":true,"href":"https:\/\/marsanakguclaw.com\/tr\/wp-json\/wp\/v2\/media\/5672"}],"wp:attachment":[{"href":"https:\/\/marsanakguclaw.com\/tr\/wp-json\/wp\/v2\/media?parent=5167"}],"curies":[{"name":"wp","href":"https:\/\/api.w.org\/{rel}","templated":true}]}}