{"id":5168,"date":"2025-08-20T13:43:49","date_gmt":"2025-08-20T10:43:49","guid":{"rendered":"https:\/\/marsanakguclaw.com\/tr\/?page_id=5168"},"modified":"2025-08-24T13:56:30","modified_gmt":"2025-08-24T10:56:30","slug":"h-3-vizesi","status":"publish","type":"page","link":"https:\/\/marsanakguclaw.com\/tr\/h-3-vizesi\/","title":{"rendered":"H-3 Vizesi"},"content":{"rendered":"\t\t<div data-elementor-type=\"wp-page\" data-elementor-id=\"5168\" class=\"elementor elementor-5168\" data-elementor-post-type=\"page\">\n\t\t\t\t\t\t<section class=\"elementor-section elementor-top-section elementor-element elementor-element-089f8c1 elementor-section-boxed elementor-section-height-default elementor-section-height-default\" data-id=\"089f8c1\" data-element_type=\"section\" data-e-type=\"section\">\n\t\t\t\t\t\t<div class=\"elementor-container elementor-column-gap-default\">\n\t\t\t\t\t<div class=\"elementor-column elementor-col-100 elementor-top-column elementor-element elementor-element-073820e\" data-id=\"073820e\" data-element_type=\"column\" data-e-type=\"column\">\n\t\t\t<div class=\"elementor-widget-wrap elementor-element-populated\">\n\t\t\t\t\t\t<div class=\"elementor-element elementor-element-75250f3 elementor-widget elementor-widget-breadcrumbs\" data-id=\"75250f3\" data-element_type=\"widget\" data-e-type=\"widget\" data-widget_type=\"breadcrumbs.default\">\n\t\t\t\t<div class=\"elementor-widget-container\">\n\t\t\t\t\t<span><span class=\"last\">Anasayfa<\/span><\/span>\t\t\t\t<\/div>\n\t\t\t\t<\/div>\n\t\t\t\t\t<\/div>\n\t\t<\/div>\n\t\t\t\t\t<\/div>\n\t\t<\/section>\n\t\t\t\t<section class=\"elementor-section elementor-top-section elementor-element elementor-element-fa4983b elementor-section-boxed elementor-section-height-default elementor-section-height-default\" data-id=\"fa4983b\" data-element_type=\"section\" data-e-type=\"section\">\n\t\t\t\t\t\t<div class=\"elementor-container elementor-column-gap-default\">\n\t\t\t\t\t<div class=\"elementor-column elementor-col-100 elementor-top-column elementor-element elementor-element-759fffb\" data-id=\"759fffb\" data-element_type=\"column\" data-e-type=\"column\">\n\t\t\t<div class=\"elementor-widget-wrap elementor-element-populated\">\n\t\t\t\t\t\t<div class=\"elementor-element elementor-element-e5ccced elementor-widget elementor-widget-image\" data-id=\"e5ccced\" data-element_type=\"widget\" data-e-type=\"widget\" data-widget_type=\"image.default\">\n\t\t\t\t\t\t\t\t\t\t\t\t\t\t\t<img fetchpriority=\"high\" decoding=\"async\" width=\"1200\" height=\"350\" src=\"https:\/\/marsanakguclaw.com\/tr\/wp-content\/uploads\/2025\/08\/H-3-Vizesi.jpg\" class=\"attachment-full size-full wp-image-5671\" alt=\"\" srcset=\"https:\/\/marsanakguclaw.com\/tr\/wp-content\/uploads\/2025\/08\/H-3-Vizesi.jpg 1200w, https:\/\/marsanakguclaw.com\/tr\/wp-content\/uploads\/2025\/08\/H-3-Vizesi-300x88.jpg 300w, https:\/\/marsanakguclaw.com\/tr\/wp-content\/uploads\/2025\/08\/H-3-Vizesi-1024x299.jpg 1024w, https:\/\/marsanakguclaw.com\/tr\/wp-content\/uploads\/2025\/08\/H-3-Vizesi-768x224.jpg 768w\" sizes=\"(max-width: 1200px) 100vw, 1200px\" \/>\t\t\t\t\t\t\t\t\t\t\t\t\t\t\t<\/div>\n\t\t\t\t<div class=\"elementor-element elementor-element-7cb0c7d elementor-nav-menu__align-start elementor-nav-menu--dropdown-none elementor-widget elementor-widget-nav-menu\" data-id=\"7cb0c7d\" data-element_type=\"widget\" data-e-type=\"widget\" data-settings=\"{&quot;layout&quot;:&quot;horizontal&quot;,&quot;submenu_icon&quot;:{&quot;value&quot;:&quot;&lt;svg aria-hidden=\\&quot;true\\&quot; class=\\&quot;e-font-icon-svg e-fas-caret-down\\&quot; viewBox=\\&quot;0 0 320 512\\&quot; xmlns=\\&quot;http:\\\/\\\/www.w3.org\\\/2000\\\/svg\\&quot;&gt;&lt;path d=\\&quot;M31.3 192h257.3c17.8 0 26.7 21.5 14.1 34.1L174.1 354.8c-7.8 7.8-20.5 7.8-28.3 0L17.2 226.1C4.6 213.5 13.5 192 31.3 192z\\&quot;&gt;&lt;\\\/path&gt;&lt;\\\/svg&gt;&quot;,&quot;library&quot;:&quot;fa-solid&quot;}}\" data-widget_type=\"nav-menu.default\">\n\t\t\t\t\t\t\t\t<nav aria-label=\"Men\u00fc\" class=\"elementor-nav-menu--main elementor-nav-menu__container elementor-nav-menu--layout-horizontal e--pointer-underline e--animation-fade\">\n\t\t\t\t<ul id=\"menu-1-7cb0c7d\" class=\"elementor-nav-menu\"><li class=\"menu-item menu-item-type-post_type menu-item-object-page menu-item-5193\"><a href=\"https:\/\/marsanakguclaw.com\/tr\/e-3-avustralya-calisan-vizesi\/\" class=\"elementor-item\">E-3 Vizesi<\/a><\/li>\n<li class=\"menu-item menu-item-type-post_type menu-item-object-page menu-item-5186\"><a href=\"https:\/\/marsanakguclaw.com\/tr\/r-1-din-gorevlisi-vizesi\/\" class=\"elementor-item\">R-1 Vizesi<\/a><\/li>\n<li class=\"menu-item menu-item-type-post_type menu-item-object-page menu-item-5187\"><a href=\"https:\/\/marsanakguclaw.com\/tr\/i-medya-temsilcisi-vizesi\/\" class=\"elementor-item\">I Medya Temsilcisi Vizesi<\/a><\/li>\n<li class=\"menu-item menu-item-type-post_type menu-item-object-page menu-item-5188\"><a href=\"https:\/\/marsanakguclaw.com\/tr\/l-1-sirket-ici-transfer-vizesi\/\" class=\"elementor-item\">L-1 Vizesi<\/a><\/li>\n<li class=\"menu-item menu-item-type-post_type menu-item-object-page menu-item-5189\"><a href=\"https:\/\/marsanakguclaw.com\/tr\/h-3-vizesi\/\" class=\"elementor-item\">H-3 Vizesi<\/a><\/li>\n<li class=\"menu-item menu-item-type-post_type menu-item-object-page menu-item-5190\"><a href=\"https:\/\/marsanakguclaw.com\/tr\/h-2b-vizesi\/\" class=\"elementor-item\">H-2B Vizesi<\/a><\/li>\n<li class=\"menu-item menu-item-type-post_type menu-item-object-page menu-item-5191\"><a href=\"https:\/\/marsanakguclaw.com\/tr\/h-1b1-vizesi\/\" class=\"elementor-item\">H-1B1 Vizesi<\/a><\/li>\n<li class=\"menu-item menu-item-type-post_type menu-item-object-page menu-item-5192\"><a href=\"https:\/\/marsanakguclaw.com\/tr\/h-1b-vizesi\/\" class=\"elementor-item\">H-1B Vizesi<\/a><\/li>\n<\/ul>\t\t\t<\/nav>\n\t\t\t\t\t\t<nav class=\"elementor-nav-menu--dropdown elementor-nav-menu__container\" aria-hidden=\"true\">\n\t\t\t\t<ul id=\"menu-2-7cb0c7d\" class=\"elementor-nav-menu\"><li class=\"menu-item menu-item-type-post_type menu-item-object-page menu-item-5193\"><a href=\"https:\/\/marsanakguclaw.com\/tr\/e-3-avustralya-calisan-vizesi\/\" class=\"elementor-item\" tabindex=\"-1\">E-3 Vizesi<\/a><\/li>\n<li class=\"menu-item menu-item-type-post_type menu-item-object-page menu-item-5186\"><a href=\"https:\/\/marsanakguclaw.com\/tr\/r-1-din-gorevlisi-vizesi\/\" class=\"elementor-item\" tabindex=\"-1\">R-1 Vizesi<\/a><\/li>\n<li class=\"menu-item menu-item-type-post_type menu-item-object-page menu-item-5187\"><a href=\"https:\/\/marsanakguclaw.com\/tr\/i-medya-temsilcisi-vizesi\/\" class=\"elementor-item\" tabindex=\"-1\">I Medya Temsilcisi Vizesi<\/a><\/li>\n<li class=\"menu-item menu-item-type-post_type menu-item-object-page menu-item-5188\"><a href=\"https:\/\/marsanakguclaw.com\/tr\/l-1-sirket-ici-transfer-vizesi\/\" class=\"elementor-item\" tabindex=\"-1\">L-1 Vizesi<\/a><\/li>\n<li class=\"menu-item menu-item-type-post_type menu-item-object-page menu-item-5189\"><a href=\"https:\/\/marsanakguclaw.com\/tr\/h-3-vizesi\/\" class=\"elementor-item\" tabindex=\"-1\">H-3 Vizesi<\/a><\/li>\n<li class=\"menu-item menu-item-type-post_type menu-item-object-page menu-item-5190\"><a href=\"https:\/\/marsanakguclaw.com\/tr\/h-2b-vizesi\/\" class=\"elementor-item\" tabindex=\"-1\">H-2B Vizesi<\/a><\/li>\n<li class=\"menu-item menu-item-type-post_type menu-item-object-page menu-item-5191\"><a href=\"https:\/\/marsanakguclaw.com\/tr\/h-1b1-vizesi\/\" class=\"elementor-item\" tabindex=\"-1\">H-1B1 Vizesi<\/a><\/li>\n<li class=\"menu-item menu-item-type-post_type menu-item-object-page menu-item-5192\"><a href=\"https:\/\/marsanakguclaw.com\/tr\/h-1b-vizesi\/\" class=\"elementor-item\" tabindex=\"-1\">H-1B Vizesi<\/a><\/li>\n<\/ul>\t\t\t<\/nav>\n\t\t\t\t\t\t<\/div>\n\t\t\t\t\t<\/div>\n\t\t<\/div>\n\t\t\t\t\t<\/div>\n\t\t<\/section>\n\t\t\t\t<section class=\"elementor-section elementor-top-section elementor-element elementor-element-793626d elementor-section-boxed elementor-section-height-default elementor-section-height-default\" data-id=\"793626d\" data-element_type=\"section\" data-e-type=\"section\">\n\t\t\t\t\t\t<div class=\"elementor-container elementor-column-gap-default\">\n\t\t\t\t\t<div class=\"elementor-column elementor-col-100 elementor-top-column elementor-element elementor-element-86c8572\" data-id=\"86c8572\" data-element_type=\"column\" data-e-type=\"column\">\n\t\t\t<div class=\"elementor-widget-wrap elementor-element-populated\">\n\t\t\t\t\t\t<div class=\"elementor-element elementor-element-ca28dc6 elementor-widget elementor-widget-text-editor\" data-id=\"ca28dc6\" data-element_type=\"widget\" data-e-type=\"widget\" data-widget_type=\"text-editor.default\">\n\t\t\t\t\t\t\t\t\t<p>H-3 Vizesi, <strong>Amerika Birle\u015fik Devletleri\u2019nde gelecekteki meslekleri i\u00e7in e\u011fitim almak isteyen bireylere sunulan ge\u00e7ici bir g\u00f6\u00e7men olmayan vize t\u00fcr\u00fcd\u00fcr.<\/strong> Marsan Akg\u00fc\u00e7 Law Firm, H-3 Vizesi ba\u015fvurular\u0131n\u0131zda size rehberlik ederek e\u011fitim hedeflerinize ula\u015fman\u0131zda profesyonel destek sa\u011flar.<\/p>\t\t\t\t\t\t\t\t<\/div>\n\t\t\t\t<section class=\"elementor-section elementor-inner-section elementor-element elementor-element-fe6c770 elementor-section-boxed elementor-section-height-default elementor-section-height-default\" data-id=\"fe6c770\" data-element_type=\"section\" data-e-type=\"section\">\n\t\t\t\t\t\t<div class=\"elementor-container elementor-column-gap-default\">\n\t\t\t\t\t<div class=\"elementor-column elementor-col-100 elementor-inner-column elementor-element elementor-element-af04c5c\" data-id=\"af04c5c\" data-element_type=\"column\" data-e-type=\"column\" data-settings=\"{&quot;background_background&quot;:&quot;classic&quot;}\">\n\t\t\t<div class=\"elementor-widget-wrap elementor-element-populated\">\n\t\t\t\t\t\t<div class=\"elementor-element elementor-element-508e540 elementor-widget elementor-widget-heading\" data-id=\"508e540\" data-element_type=\"widget\" data-e-type=\"widget\" data-widget_type=\"heading.default\">\n\t\t\t\t\t<h2 class=\"elementor-heading-title elementor-size-default\">H-3 Vizesi Nedir?<\/h2>\t\t\t\t<\/div>\n\t\t\t\t\t<\/div>\n\t\t<\/div>\n\t\t\t\t\t<\/div>\n\t\t<\/section>\n\t\t\t\t<div class=\"elementor-element elementor-element-888e9ae elementor-widget elementor-widget-text-editor\" data-id=\"888e9ae\" data-element_type=\"widget\" data-e-type=\"widget\" data-widget_type=\"text-editor.default\">\n\t\t\t\t\t\t\t\t\t<p>H-3 Vizesi, iki kategori alt\u0131nda ba\u015fvuru yap\u0131labilen \u00f6zel bir e\u011fitim vizesidir:<\/p><ul><li><strong>Kursiyer (Trainee):<\/strong> Gelecekteki meslekleri i\u00e7in ABD\u2019de e\u011fitim almak isteyen bireyler.<\/li><li><strong>\u00d6zel E\u011fitim De\u011fi\u015fim Ziyaret\u00e7isi:<\/strong> Fiziksel, zihinsel veya duygusal engelli bireylerle \u00e7al\u0131\u015fmak \u00fczere \u00f6zel e\u011fitim almak isteyen bireyler.<\/li><\/ul>\t\t\t\t\t\t\t\t<\/div>\n\t\t\t\t<section class=\"elementor-section elementor-inner-section elementor-element elementor-element-b21c38d elementor-section-boxed elementor-section-height-default elementor-section-height-default\" data-id=\"b21c38d\" data-element_type=\"section\" data-e-type=\"section\">\n\t\t\t\t\t\t<div class=\"elementor-container elementor-column-gap-default\">\n\t\t\t\t\t<div class=\"elementor-column elementor-col-100 elementor-inner-column elementor-element elementor-element-9610c15\" data-id=\"9610c15\" data-element_type=\"column\" data-e-type=\"column\" data-settings=\"{&quot;background_background&quot;:&quot;classic&quot;}\">\n\t\t\t<div class=\"elementor-widget-wrap elementor-element-populated\">\n\t\t\t\t\t\t<div class=\"elementor-element elementor-element-31cefc2 elementor-widget elementor-widget-heading\" data-id=\"31cefc2\" data-element_type=\"widget\" data-e-type=\"widget\" data-widget_type=\"heading.default\">\n\t\t\t\t\t<h2 class=\"elementor-heading-title elementor-size-default\">H-3 Vizesi \u0130\u00e7in Kimler Ba\u015fvurabilir?<\/h2>\t\t\t\t<\/div>\n\t\t\t\t\t<\/div>\n\t\t<\/div>\n\t\t\t\t\t<\/div>\n\t\t<\/section>\n\t\t\t\t<div class=\"elementor-element elementor-element-d4d27ce elementor-widget elementor-widget-text-editor\" data-id=\"d4d27ce\" data-element_type=\"widget\" data-e-type=\"widget\" data-widget_type=\"text-editor.default\">\n\t\t\t\t\t\t\t\t\t<h4><strong>E\u011fitim Ama\u00e7l\u0131 Kat\u0131l\u0131mc\u0131lar (Trainees):<\/strong><\/h4><ul><li>E\u011fitim program\u0131n\u0131z\u0131n <strong>lisans\u00fcst\u00fc t\u0131p e\u011fitimi d\u0131\u015f\u0131nda<\/strong> bir mesleki alanda olmas\u0131 gerekmektedir.<\/li><li>E\u011fitim program\u0131n\u0131z\u0131n, anavatan\u0131n\u0131zda ayn\u0131 kalitede mevcut olmad\u0131\u011f\u0131n\u0131 g\u00f6stermeniz gereklidir.<\/li><\/ul><h4><strong>\u00d6zel E\u011fitim Kat\u0131l\u0131mc\u0131lar\u0131:<\/strong><\/h4><ul><li>E\u011fitim, fiziksel, zihinsel veya duygusal engelli bireylerle \u00e7al\u0131\u015fmay\u0131 ama\u00e7layan \u00f6zel bir program\u0131 kapsamal\u0131d\u0131r.<\/li><li>E\u011fitim ge\u00e7mi\u015finiz veya bu alandaki deneyimleriniz ba\u015fvurunun de\u011ferlendirilmesinde \u00f6nemli bir rol oynar.<\/li><\/ul>\t\t\t\t\t\t\t\t<\/div>\n\t\t\t\t<section class=\"elementor-section elementor-inner-section elementor-element elementor-element-336a65a elementor-section-boxed elementor-section-height-default elementor-section-height-default\" data-id=\"336a65a\" data-element_type=\"section\" data-e-type=\"section\">\n\t\t\t\t\t\t<div class=\"elementor-container elementor-column-gap-default\">\n\t\t\t\t\t<div class=\"elementor-column elementor-col-100 elementor-inner-column elementor-element elementor-element-65d0450\" data-id=\"65d0450\" data-element_type=\"column\" data-e-type=\"column\" data-settings=\"{&quot;background_background&quot;:&quot;classic&quot;}\">\n\t\t\t<div class=\"elementor-widget-wrap elementor-element-populated\">\n\t\t\t\t\t\t<div class=\"elementor-element elementor-element-5b38801 elementor-widget elementor-widget-heading\" data-id=\"5b38801\" data-element_type=\"widget\" data-e-type=\"widget\" data-widget_type=\"heading.default\">\n\t\t\t\t\t<h2 class=\"elementor-heading-title elementor-size-default\">H-3 Vize Kabul Ko\u015fullar\u0131<\/h2>\t\t\t\t<\/div>\n\t\t\t\t\t<\/div>\n\t\t<\/div>\n\t\t\t\t\t<\/div>\n\t\t<\/section>\n\t\t\t\t<div class=\"elementor-element elementor-element-9be8f14 elementor-widget elementor-widget-text-editor\" data-id=\"9be8f14\" data-element_type=\"widget\" data-e-type=\"widget\" data-widget_type=\"text-editor.default\">\n\t\t\t\t\t\t\t\t\t<h4><strong>\u0130\u015fveren Ko\u015fullar\u0131<\/strong><\/h4><ul><li>E\u011fitim program\u0131, i\u015fverenin ola\u011fan faaliyetlerini aksatmamal\u0131d\u0131r.<\/li><li>Kursiyere, yaln\u0131zca e\u011fitim kapsam\u0131nda gerekli faaliyetler sunulmal\u0131d\u0131r; \u00fcretken i\u015flerde \u00e7al\u0131\u015fmas\u0131na izin verilmez.<\/li><li>E\u011fitim, ba\u015fvuru sahibine ABD d\u0131\u015f\u0131nda da uygulanabilir bilgi ve beceriler kazand\u0131rmay\u0131 ama\u00e7lamal\u0131d\u0131r.<\/li><\/ul><h4><strong>Ba\u015fvuru Sahibinin Ko\u015fullar\u0131<\/strong><\/h4><ul><li>E\u011fitim veya meslek i\u00e7in gerekli niteliklere ve yeteneklere sahip olmak.<\/li><li>E\u011fitim s\u00fcresi sonunda anavatan\u0131na d\u00f6nme niyetini g\u00f6sterecek g\u00fc\u00e7l\u00fc ba\u011flara sahip olmak.<\/li><li>E\u011fitim masraflar\u0131n\u0131 kar\u015f\u0131layabilecek finansal g\u00fcc\u00fc kan\u0131tlamak.<\/li><\/ul>\t\t\t\t\t\t\t\t<\/div>\n\t\t\t\t<section class=\"elementor-section elementor-inner-section elementor-element elementor-element-ee99c8c elementor-section-boxed elementor-section-height-default elementor-section-height-default\" data-id=\"ee99c8c\" data-element_type=\"section\" data-e-type=\"section\">\n\t\t\t\t\t\t<div class=\"elementor-container elementor-column-gap-default\">\n\t\t\t\t\t<div class=\"elementor-column elementor-col-100 elementor-inner-column elementor-element elementor-element-50a5bbf\" data-id=\"50a5bbf\" data-element_type=\"column\" data-e-type=\"column\" data-settings=\"{&quot;background_background&quot;:&quot;classic&quot;}\">\n\t\t\t<div class=\"elementor-widget-wrap elementor-element-populated\">\n\t\t\t\t\t\t<div class=\"elementor-element elementor-element-13e4015 elementor-widget elementor-widget-heading\" data-id=\"13e4015\" data-element_type=\"widget\" data-e-type=\"widget\" data-widget_type=\"heading.default\">\n\t\t\t\t\t<h3 class=\"elementor-heading-title elementor-size-default\">Marsan Akg\u00fc\u00e7 Law Firm ile H-3 Vizesi Ba\u015fvurusu<\/h3>\t\t\t\t<\/div>\n\t\t\t\t\t<\/div>\n\t\t<\/div>\n\t\t\t\t\t<\/div>\n\t\t<\/section>\n\t\t\t\t<div class=\"elementor-element elementor-element-b832d32 elementor-widget elementor-widget-text-editor\" data-id=\"b832d32\" data-element_type=\"widget\" data-e-type=\"widget\" data-widget_type=\"text-editor.default\">\n\t\t\t\t\t\t\t\t\t<p>Marsan Akg\u00fc\u00e7 Law Firm, H-3 Vizesi ba\u015fvurular\u0131nda size eksiksiz bir hizmet sunar.<\/p><ul><li><strong>Ba\u015fvuru Belgelerinin Haz\u0131rlanmas\u0131:<\/strong> Evraklar\u0131n\u0131z\u0131n eksiksiz ve do\u011fru haz\u0131rlanmas\u0131n\u0131 sa\u011fl\u0131yoruz.<\/li><li><strong>E\u011fitim Program\u0131 Dan\u0131\u015fmanl\u0131\u011f\u0131:<\/strong> Hangi program\u0131n kariyer hedeflerinize uygun oldu\u011funu belirlemenizde yard\u0131mc\u0131 oluyoruz.<\/li><li><strong>M\u00fclakat Haz\u0131rl\u0131\u011f\u0131:<\/strong> ABD Konsoloslu\u011fu g\u00f6r\u00fc\u015fmelerine haz\u0131r olman\u0131z\u0131 sa\u011fl\u0131yoruz.<\/li><\/ul><p>Amerika\u2019da e\u011fitim almak ve kariyer hedeflerinize ula\u015fmak i\u00e7in bizimle ileti\u015fime ge\u00e7in!<\/p>\t\t\t\t\t\t\t\t<\/div>\n\t\t\t\t\t<\/div>\n\t\t<\/div>\n\t\t\t\t\t<\/div>\n\t\t<\/section>\n\t\t\t\t<\/div>\n\t\t","protected":false},"excerpt":{"rendered":"<p>Anasayfa H-3 Vizesi, Amerika Birle\u015fik Devletleri\u2019nde gelecekteki meslekleri i\u00e7in e\u011fitim almak isteyen bireylere sunulan ge\u00e7ici bir g\u00f6\u00e7men olmayan vize t\u00fcr\u00fcd\u00fcr. Marsan Akg\u00fc\u00e7 Law Firm, H-3 Vizesi ba\u015fvurular\u0131n\u0131zda size rehberlik ederek e\u011fitim hedeflerinize ula\u015fman\u0131zda profesyonel destek sa\u011flar. H-3 Vizesi Nedir? H-3 Vizesi, iki kategori alt\u0131nda ba\u015fvuru yap\u0131labilen \u00f6zel bir e\u011fitim vizesidir: Kursiyer (Trainee): Gelecekteki meslekleri i\u00e7in [&hellip;]<\/p>\n","protected":false},"author":1,"featured_media":5671,"parent":0,"menu_order":0,"comment_status":"closed","ping_status":"closed","template":"","meta":{"footnotes":""},"class_list":["post-5168","page","type-page","status-publish","has-post-thumbnail","hentry"],"_links":{"self":[{"href":"https:\/\/marsanakguclaw.com\/tr\/wp-json\/wp\/v2\/pages\/5168","targetHints":{"allow":["GET"]}}],"collection":[{"href":"https:\/\/marsanakguclaw.com\/tr\/wp-json\/wp\/v2\/pages"}],"about":[{"href":"https:\/\/marsanakguclaw.com\/tr\/wp-json\/wp\/v2\/types\/page"}],"author":[{"embeddable":true,"href":"https:\/\/marsanakguclaw.com\/tr\/wp-json\/wp\/v2\/users\/1"}],"replies":[{"embeddable":true,"href":"https:\/\/marsanakguclaw.com\/tr\/wp-json\/wp\/v2\/comments?post=5168"}],"version-history":[{"count":13,"href":"https:\/\/marsanakguclaw.com\/tr\/wp-json\/wp\/v2\/pages\/5168\/revisions"}],"predecessor-version":[{"id":5689,"href":"https:\/\/marsanakguclaw.com\/tr\/wp-json\/wp\/v2\/pages\/5168\/revisions\/5689"}],"wp:featuredmedia":[{"embeddable":true,"href":"https:\/\/marsanakguclaw.com\/tr\/wp-json\/wp\/v2\/media\/5671"}],"wp:attachment":[{"href":"https:\/\/marsanakguclaw.com\/tr\/wp-json\/wp\/v2\/media?parent=5168"}],"curies":[{"name":"wp","href":"https:\/\/api.w.org\/{rel}","templated":true}]}}