{"id":5270,"date":"2025-08-20T14:23:28","date_gmt":"2025-08-20T11:23:28","guid":{"rendered":"https:\/\/marsanakguclaw.com\/tr\/?page_id=5270"},"modified":"2025-08-22T12:37:39","modified_gmt":"2025-08-22T09:37:39","slug":"b-1-vizesi","status":"publish","type":"page","link":"https:\/\/marsanakguclaw.com\/tr\/b-1-vizesi\/","title":{"rendered":"B-1 Vizesi"},"content":{"rendered":"\t\t<div data-elementor-type=\"wp-page\" data-elementor-id=\"5270\" class=\"elementor elementor-5270\" data-elementor-post-type=\"page\">\n\t\t\t\t\t\t<section class=\"elementor-section elementor-top-section elementor-element elementor-element-c011236 elementor-section-boxed elementor-section-height-default elementor-section-height-default\" data-id=\"c011236\" data-element_type=\"section\" data-e-type=\"section\">\n\t\t\t\t\t\t<div class=\"elementor-container elementor-column-gap-default\">\n\t\t\t\t\t<div class=\"elementor-column elementor-col-100 elementor-top-column elementor-element elementor-element-1547855\" data-id=\"1547855\" data-element_type=\"column\" data-e-type=\"column\">\n\t\t\t<div class=\"elementor-widget-wrap elementor-element-populated\">\n\t\t\t\t\t\t<div class=\"elementor-element elementor-element-cb5865b elementor-widget elementor-widget-breadcrumbs\" data-id=\"cb5865b\" data-element_type=\"widget\" data-e-type=\"widget\" data-widget_type=\"breadcrumbs.default\">\n\t\t\t\t<div class=\"elementor-widget-container\">\n\t\t\t\t\t<span><span class=\"last\">Anasayfa<\/span><\/span>\t\t\t\t<\/div>\n\t\t\t\t<\/div>\n\t\t\t\t\t<\/div>\n\t\t<\/div>\n\t\t\t\t\t<\/div>\n\t\t<\/section>\n\t\t\t\t<section class=\"elementor-section elementor-top-section elementor-element elementor-element-e961919 elementor-section-boxed elementor-section-height-default elementor-section-height-default\" data-id=\"e961919\" data-element_type=\"section\" data-e-type=\"section\">\n\t\t\t\t\t\t<div class=\"elementor-container elementor-column-gap-default\">\n\t\t\t\t\t<div class=\"elementor-column elementor-col-100 elementor-top-column elementor-element elementor-element-12b89e2\" data-id=\"12b89e2\" data-element_type=\"column\" data-e-type=\"column\">\n\t\t\t<div class=\"elementor-widget-wrap elementor-element-populated\">\n\t\t\t\t\t\t<div class=\"elementor-element elementor-element-0d37dde elementor-widget elementor-widget-image\" data-id=\"0d37dde\" data-element_type=\"widget\" data-e-type=\"widget\" data-widget_type=\"image.default\">\n\t\t\t\t\t\t\t\t\t\t\t\t\t\t\t<img fetchpriority=\"high\" decoding=\"async\" width=\"1200\" height=\"350\" src=\"https:\/\/marsanakguclaw.com\/tr\/wp-content\/uploads\/2025\/08\/B-1-Vizesi.jpg\" class=\"attachment-full size-full wp-image-5539\" alt=\"\" srcset=\"https:\/\/marsanakguclaw.com\/tr\/wp-content\/uploads\/2025\/08\/B-1-Vizesi.jpg 1200w, https:\/\/marsanakguclaw.com\/tr\/wp-content\/uploads\/2025\/08\/B-1-Vizesi-300x88.jpg 300w, https:\/\/marsanakguclaw.com\/tr\/wp-content\/uploads\/2025\/08\/B-1-Vizesi-1024x299.jpg 1024w, https:\/\/marsanakguclaw.com\/tr\/wp-content\/uploads\/2025\/08\/B-1-Vizesi-768x224.jpg 768w\" sizes=\"(max-width: 1200px) 100vw, 1200px\" \/>\t\t\t\t\t\t\t\t\t\t\t\t\t\t\t<\/div>\n\t\t\t\t<div class=\"elementor-element elementor-element-739e68d elementor-nav-menu__align-start elementor-nav-menu--dropdown-none elementor-widget elementor-widget-nav-menu\" data-id=\"739e68d\" data-element_type=\"widget\" data-e-type=\"widget\" data-settings=\"{&quot;layout&quot;:&quot;horizontal&quot;,&quot;submenu_icon&quot;:{&quot;value&quot;:&quot;&lt;svg aria-hidden=\\&quot;true\\&quot; class=\\&quot;e-font-icon-svg e-fas-caret-down\\&quot; viewBox=\\&quot;0 0 320 512\\&quot; xmlns=\\&quot;http:\\\/\\\/www.w3.org\\\/2000\\\/svg\\&quot;&gt;&lt;path d=\\&quot;M31.3 192h257.3c17.8 0 26.7 21.5 14.1 34.1L174.1 354.8c-7.8 7.8-20.5 7.8-28.3 0L17.2 226.1C4.6 213.5 13.5 192 31.3 192z\\&quot;&gt;&lt;\\\/path&gt;&lt;\\\/svg&gt;&quot;,&quot;library&quot;:&quot;fa-solid&quot;}}\" data-widget_type=\"nav-menu.default\">\n\t\t\t\t\t\t\t\t<nav aria-label=\"Men\u00fc\" class=\"elementor-nav-menu--main elementor-nav-menu__container elementor-nav-menu--layout-horizontal e--pointer-underline e--animation-fade\">\n\t\t\t\t<ul id=\"menu-1-739e68d\" class=\"elementor-nav-menu\"><li class=\"menu-item menu-item-type-post_type menu-item-object-page menu-item-5279\"><a href=\"https:\/\/marsanakguclaw.com\/tr\/b-1-vizesi\/\" class=\"elementor-item\">B-1 \u0130\u015f Ama\u00e7l\u0131 Turistik Vize<\/a><\/li>\n<li class=\"menu-item menu-item-type-post_type menu-item-object-page menu-item-5278\"><a href=\"https:\/\/marsanakguclaw.com\/tr\/b-2-vizesi\/\" class=\"elementor-item\">B-2 Turistik Vize<\/a><\/li>\n<\/ul>\t\t\t<\/nav>\n\t\t\t\t\t\t<nav class=\"elementor-nav-menu--dropdown elementor-nav-menu__container\" aria-hidden=\"true\">\n\t\t\t\t<ul id=\"menu-2-739e68d\" class=\"elementor-nav-menu\"><li class=\"menu-item menu-item-type-post_type menu-item-object-page menu-item-5279\"><a href=\"https:\/\/marsanakguclaw.com\/tr\/b-1-vizesi\/\" class=\"elementor-item\" tabindex=\"-1\">B-1 \u0130\u015f Ama\u00e7l\u0131 Turistik Vize<\/a><\/li>\n<li class=\"menu-item menu-item-type-post_type menu-item-object-page menu-item-5278\"><a href=\"https:\/\/marsanakguclaw.com\/tr\/b-2-vizesi\/\" class=\"elementor-item\" tabindex=\"-1\">B-2 Turistik Vize<\/a><\/li>\n<\/ul>\t\t\t<\/nav>\n\t\t\t\t\t\t<\/div>\n\t\t\t\t\t<\/div>\n\t\t<\/div>\n\t\t\t\t\t<\/div>\n\t\t<\/section>\n\t\t\t\t<section class=\"elementor-section elementor-top-section elementor-element elementor-element-db892cd elementor-section-boxed elementor-section-height-default elementor-section-height-default\" data-id=\"db892cd\" data-element_type=\"section\" data-e-type=\"section\">\n\t\t\t\t\t\t<div class=\"elementor-container elementor-column-gap-default\">\n\t\t\t\t\t<div class=\"elementor-column elementor-col-100 elementor-top-column elementor-element elementor-element-309ee85\" data-id=\"309ee85\" data-element_type=\"column\" data-e-type=\"column\">\n\t\t\t<div class=\"elementor-widget-wrap elementor-element-populated\">\n\t\t\t\t\t\t<div class=\"elementor-element elementor-element-971578f elementor-widget elementor-widget-text-editor\" data-id=\"971578f\" data-element_type=\"widget\" data-e-type=\"widget\" data-widget_type=\"text-editor.default\">\n\t\t\t\t\t\t\t\t\t<p>B-1 Vizesi, <strong>Amerika Birle\u015fik Devletleri&#8217;ne i\u015f gezileri, toplant\u0131lar, konferanslar ve ticari faaliyetler gibi i\u015f ama\u00e7l\u0131 seyahatler i\u00e7in verilen g\u00f6\u00e7men olmayan bir vize t\u00fcr\u00fcd\u00fcr.<\/strong> K\u0131sa s\u00fcreli i\u015f seyahatlerini kapsayan bu vize, i\u015f profesyonelleri i\u00e7in ideal bir \u00e7\u00f6z\u00fcmd\u00fcr.<\/p>\t\t\t\t\t\t\t\t<\/div>\n\t\t\t\t<div class=\"elementor-element elementor-element-b6beac2 elementor-widget elementor-widget-video\" data-id=\"b6beac2\" data-element_type=\"widget\" data-e-type=\"widget\" data-settings=\"{&quot;youtube_url&quot;:&quot;https:\\\/\\\/www.youtube.com\\\/watch?v=DXXrCxx3twA&quot;,&quot;video_type&quot;:&quot;youtube&quot;,&quot;controls&quot;:&quot;yes&quot;}\" data-widget_type=\"video.default\">\n\t\t\t\t\t\t\t<div class=\"elementor-wrapper elementor-open-inline\">\n\t\t\t<div class=\"elementor-video\"><\/div>\t\t<\/div>\n\t\t\t\t\t\t<\/div>\n\t\t\t\t<section class=\"elementor-section elementor-inner-section elementor-element elementor-element-9c55d5a elementor-section-boxed elementor-section-height-default elementor-section-height-default\" data-id=\"9c55d5a\" data-element_type=\"section\" data-e-type=\"section\">\n\t\t\t\t\t\t<div class=\"elementor-container elementor-column-gap-default\">\n\t\t\t\t\t<div class=\"elementor-column elementor-col-100 elementor-inner-column elementor-element elementor-element-06c080c\" data-id=\"06c080c\" data-element_type=\"column\" data-e-type=\"column\" data-settings=\"{&quot;background_background&quot;:&quot;classic&quot;}\">\n\t\t\t<div class=\"elementor-widget-wrap elementor-element-populated\">\n\t\t\t\t\t\t<div class=\"elementor-element elementor-element-3d2d7b4 elementor-widget elementor-widget-heading\" data-id=\"3d2d7b4\" data-element_type=\"widget\" data-e-type=\"widget\" data-widget_type=\"heading.default\">\n\t\t\t\t\t<h2 class=\"elementor-heading-title elementor-size-default\">B-1 Vizesi Nedir?<\/h2>\t\t\t\t<\/div>\n\t\t\t\t\t<\/div>\n\t\t<\/div>\n\t\t\t\t\t<\/div>\n\t\t<\/section>\n\t\t\t\t<div class=\"elementor-element elementor-element-17d8ae5 elementor-widget elementor-widget-text-editor\" data-id=\"17d8ae5\" data-element_type=\"widget\" data-e-type=\"widget\" data-widget_type=\"text-editor.default\">\n\t\t\t\t\t\t\t\t\t<p>B-1 Vizesi\u00a0<strong>i\u015f gezisi amac\u0131yla ABD&#8217;ye seyahat etmek isteyen bireyler i\u00e7in tasarlanm\u0131\u015ft\u0131r.<\/strong> Bu vize t\u00fcr\u00fc, i\u015f toplant\u0131lar\u0131, konferans kat\u0131l\u0131mlar\u0131, e\u011fitim seminerleri veya ticari pazarlama gibi i\u015f odakl\u0131 faaliyetleri kapsar. B-1 vizesi ile ABD\u2019de bulunma s\u00fcresi boyunca sadece i\u015f ama\u00e7l\u0131 faaliyetlerde bulunabilirsiniz.<\/p><h4><strong>\u00d6zellikleri<\/strong><\/h4><ul><li><strong>K\u0131sa S\u00fcreli Kal\u0131\u015f:<\/strong>\u00a06 ay ge\u00e7erlidir ve gerekli durumlarda 1 y\u0131la kadar uzat\u0131labilir.<\/li><li><strong>S\u0131n\u0131rl\u0131 Ama\u00e7:<\/strong> Sadece i\u015f gezisi ama\u00e7lar\u0131n\u0131 kapsar; \u00e7al\u0131\u015fma veya k\u00e2r ama\u00e7l\u0131 faaliyetlere izin verilmez.<\/li><li><strong>Geri D\u00f6n\u00fc\u015f \u015eart\u0131:<\/strong> ABD&#8217;deki i\u015f gezisinin tamamlanmas\u0131n\u0131n ard\u0131ndan \u00fclkenize d\u00f6nmeniz gereklidir.<\/li><\/ul>\t\t\t\t\t\t\t\t<\/div>\n\t\t\t\t<section class=\"elementor-section elementor-inner-section elementor-element elementor-element-5e93e4e elementor-section-boxed elementor-section-height-default elementor-section-height-default\" data-id=\"5e93e4e\" data-element_type=\"section\" data-e-type=\"section\">\n\t\t\t\t\t\t<div class=\"elementor-container elementor-column-gap-default\">\n\t\t\t\t\t<div class=\"elementor-column elementor-col-100 elementor-inner-column elementor-element elementor-element-066efe9\" data-id=\"066efe9\" data-element_type=\"column\" data-e-type=\"column\" data-settings=\"{&quot;background_background&quot;:&quot;classic&quot;}\">\n\t\t\t<div class=\"elementor-widget-wrap elementor-element-populated\">\n\t\t\t\t\t\t<div class=\"elementor-element elementor-element-8b3f1fa elementor-widget elementor-widget-heading\" data-id=\"8b3f1fa\" data-element_type=\"widget\" data-e-type=\"widget\" data-widget_type=\"heading.default\">\n\t\t\t\t\t<h2 class=\"elementor-heading-title elementor-size-default\">B-1 Vizesi Ba\u015fvuru Ko\u015fullar\u0131<\/h2>\t\t\t\t<\/div>\n\t\t\t\t\t<\/div>\n\t\t<\/div>\n\t\t\t\t\t<\/div>\n\t\t<\/section>\n\t\t\t\t<div class=\"elementor-element elementor-element-4dd3118 elementor-widget elementor-widget-text-editor\" data-id=\"4dd3118\" data-element_type=\"widget\" data-e-type=\"widget\" data-widget_type=\"text-editor.default\">\n\t\t\t\t\t\t\t\t\t<h4><strong>\u0130\u015f Gezisi Amac\u0131<\/strong><\/h4><p>Ba\u015fvuru sahibinin, ABD\u2019ye i\u015f gezisi amac\u0131yla seyahat edece\u011fini kan\u0131tlamas\u0131 gerekmektedir. \u0130\u015f toplant\u0131lar\u0131, konferans kat\u0131l\u0131m\u0131 veya ticari pazarlama gibi ama\u00e7lar kabul edilir.<\/p><h4><strong>K\u0131sa S\u00fcreli Kal\u0131\u015f<\/strong><\/h4><p>B-1 vizesi, yaln\u0131zca ge\u00e7ici i\u015f gezileri i\u00e7in uygundur. Kal\u0131\u015f s\u00fcresi i\u015f gezisi s\u00fcresiyle s\u0131n\u0131rl\u0131d\u0131r.<\/p><h4><strong>Geri D\u00f6n\u00fc\u015f Niyeti<\/strong><\/h4><p>Ba\u015fvuru sahibinin \u00fclkesine geri d\u00f6nme niyeti olmal\u0131d\u0131r. \u0130\u015f, aile veya m\u00fclk sahipli\u011fi gibi g\u00fc\u00e7l\u00fc ba\u011flarla bu niyet kan\u0131tlanabilir.<\/p><h4><strong>Yeterli Finansal Kaynaklar<\/strong><\/h4><p>ABD&#8217;de bulundu\u011funuz s\u00fcre boyunca masraflar\u0131n\u0131z\u0131 kar\u015f\u0131layabilecek finansal kaynaklara sahip olmal\u0131s\u0131n\u0131z.<\/p>\t\t\t\t\t\t\t\t<\/div>\n\t\t\t\t<section class=\"elementor-section elementor-inner-section elementor-element elementor-element-4f37c88 elementor-section-boxed elementor-section-height-default elementor-section-height-default\" data-id=\"4f37c88\" data-element_type=\"section\" data-e-type=\"section\">\n\t\t\t\t\t\t<div class=\"elementor-container elementor-column-gap-default\">\n\t\t\t\t\t<div class=\"elementor-column elementor-col-100 elementor-inner-column elementor-element elementor-element-3203b5f\" data-id=\"3203b5f\" data-element_type=\"column\" data-e-type=\"column\" data-settings=\"{&quot;background_background&quot;:&quot;classic&quot;}\">\n\t\t\t<div class=\"elementor-widget-wrap elementor-element-populated\">\n\t\t\t\t\t\t<div class=\"elementor-element elementor-element-a695adb elementor-widget elementor-widget-heading\" data-id=\"a695adb\" data-element_type=\"widget\" data-e-type=\"widget\" data-widget_type=\"heading.default\">\n\t\t\t\t\t<h2 class=\"elementor-heading-title elementor-size-default\">S\u0131k\u00e7a Sorulan Sorular<\/h2>\t\t\t\t<\/div>\n\t\t\t\t\t<\/div>\n\t\t<\/div>\n\t\t\t\t\t<\/div>\n\t\t<\/section>\n\t\t\t\t<div class=\"elementor-element elementor-element-fd4f01e elementor-widget elementor-widget-text-editor\" data-id=\"fd4f01e\" data-element_type=\"widget\" data-e-type=\"widget\" data-widget_type=\"text-editor.default\">\n\t\t\t\t\t\t\t\t\t<p><strong>Marsan Akg\u00fc\u00e7 Law Firm<\/strong> olarak B-1 vizesi ba\u015fvurular\u0131n\u0131zda uzman ekibimizle size rehberlik etmekten memnuniyet duyar\u0131z. Ba\u015fvurular\u0131n\u0131z\u0131 sorunsuz ve h\u0131zl\u0131 bir \u015fekilde tamamlamak i\u00e7in bize ula\u015fabilirsiniz.<\/p>\t\t\t\t\t\t\t\t<\/div>\n\t\t\t\t<div class=\"elementor-element elementor-element-da20b61 elementor-widget elementor-widget-elementskit-accordion\" data-id=\"da20b61\" data-element_type=\"widget\" data-e-type=\"widget\" data-widget_type=\"elementskit-accordion.default\">\n\t\t\t\t\t<div class=\"ekit-wid-con\" >\n        <div class=\"elementskit-accordion accoedion-primary\" id=\"accordion-6a048d09ec6b4\">\n\n            \n                <div class=\"elementskit-card active\">\n                    <div class=\"elementskit-card-header\" id=\"primaryHeading-0-da20b61\">\n                        <a href=\"#collapse-29b002b6a048d09ec6b4\" class=\"ekit-accordion--toggler elementskit-btn-link collapsed\" data-ekit-toggle=\"collapse\" data-target=\"#Collapse-29b002b6a048d09ec6b4\" aria-expanded=\"true\" aria-controls=\"Collapse-29b002b6a048d09ec6b4\">\n                                                            <div class=\"ekit_accordion_icon_left_group\">\n                                    <div class=\"ekit_accordion_normal_icon\">\n                                        <!-- Normal Icon -->\n                                        <i class=\"icon icon-plus\"><\/i>                                    <\/div>\n\n                                    <div class=\"ekit_accordion_active_icon\">\n                                        <!-- Active Icon -->\n\t\t\t\t\t\t\t\t\t\t<i class=\"icon icon-minus\"><\/i>                                    <\/div>\n                                <\/div>\n\n                            \n                            <span class=\"ekit-accordion-title\">B-1 vizesi ile ABD&#039;de \u00e7al\u0131\u015fabilir miyim?<\/span>\n\n                            \n                                                    <\/a>\n                    <\/div>\n\n                    <div id=\"Collapse-29b002b6a048d09ec6b4\" class=\" show collapse\" aria-labelledby=\"primaryHeading-0-da20b61\" data-parent=\"#accordion-6a048d09ec6b4\">\n\n                        <div class=\"elementskit-card-body ekit-accordion--content\">\n                            <p>Hay\u0131r, B-1 vizesi yaln\u0131zca i\u015f gezileri i\u00e7in kullan\u0131l\u0131r ve \u00e7al\u0131\u015fma izni sa\u011flamaz.<\/p>                        <\/div>\n\n                    <\/div>\n\n                <\/div><!-- .elementskit-card END -->\n\n                \n                <div class=\"elementskit-card \">\n                    <div class=\"elementskit-card-header\" id=\"primaryHeading-1-da20b61\">\n                        <a href=\"#collapse-7b075116a048d09ec6b4\" class=\"ekit-accordion--toggler elementskit-btn-link collapsed\" data-ekit-toggle=\"collapse\" data-target=\"#Collapse-7b075116a048d09ec6b4\" aria-expanded=\"false\" aria-controls=\"Collapse-7b075116a048d09ec6b4\">\n                                                            <div class=\"ekit_accordion_icon_left_group\">\n                                    <div class=\"ekit_accordion_normal_icon\">\n                                        <!-- Normal Icon -->\n                                        <i class=\"icon icon-plus\"><\/i>                                    <\/div>\n\n                                    <div class=\"ekit_accordion_active_icon\">\n                                        <!-- Active Icon -->\n\t\t\t\t\t\t\t\t\t\t<i class=\"icon icon-minus\"><\/i>                                    <\/div>\n                                <\/div>\n\n                            \n                            <span class=\"ekit-accordion-title\">B-1 vizesi ne kadar s\u00fcre ile ge\u00e7erlidir?<\/span>\n\n                            \n                                                    <\/a>\n                    <\/div>\n\n                    <div id=\"Collapse-7b075116a048d09ec6b4\" class=\" collapse\" aria-labelledby=\"primaryHeading-1-da20b61\" data-parent=\"#accordion-6a048d09ec6b4\">\n\n                        <div class=\"elementskit-card-body ekit-accordion--content\">\n                            <p>Genellikle 6 ay s\u00fcreyle verilir ve gerekti\u011finde 1 y\u0131la kadar uzat\u0131labilir.<\/p>                        <\/div>\n\n                    <\/div>\n\n                <\/div><!-- .elementskit-card END -->\n\n                \n                <div class=\"elementskit-card \">\n                    <div class=\"elementskit-card-header\" id=\"primaryHeading-2-da20b61\">\n                        <a href=\"#collapse-14ab9ff6a048d09ec6b4\" class=\"ekit-accordion--toggler elementskit-btn-link collapsed\" data-ekit-toggle=\"collapse\" data-target=\"#Collapse-14ab9ff6a048d09ec6b4\" aria-expanded=\"false\" aria-controls=\"Collapse-14ab9ff6a048d09ec6b4\">\n                                                            <div class=\"ekit_accordion_icon_left_group\">\n                                    <div class=\"ekit_accordion_normal_icon\">\n                                        <!-- Normal Icon -->\n                                        <i class=\"icon icon-plus\"><\/i>                                    <\/div>\n\n                                    <div class=\"ekit_accordion_active_icon\">\n                                        <!-- Active Icon -->\n\t\t\t\t\t\t\t\t\t\t<i class=\"icon icon-minus\"><\/i>                                    <\/div>\n                                <\/div>\n\n                            \n                            <span class=\"ekit-accordion-title\">Aile \u00fcyelerim B-1 vizesi ile benimle ABD\u2019ye seyahat edebilir mi?<\/span>\n\n                            \n                                                    <\/a>\n                    <\/div>\n\n                    <div id=\"Collapse-14ab9ff6a048d09ec6b4\" class=\" collapse\" aria-labelledby=\"primaryHeading-2-da20b61\" data-parent=\"#accordion-6a048d09ec6b4\">\n\n                        <div class=\"elementskit-card-body ekit-accordion--content\">\n                            <p>Evet, e\u015finiz ve 21 ya\u015f alt\u0131ndaki \u00e7ocuklar\u0131n\u0131z B-2 Turist Vizesi alarak sizinle birlikte seyahat edebilir.<\/p>                        <\/div>\n\n                    <\/div>\n\n                <\/div><!-- .elementskit-card END -->\n\n                \n                <div class=\"elementskit-card \">\n                    <div class=\"elementskit-card-header\" id=\"primaryHeading-3-da20b61\">\n                        <a href=\"#collapse-d3ceb506a048d09ec6b4\" class=\"ekit-accordion--toggler elementskit-btn-link collapsed\" data-ekit-toggle=\"collapse\" data-target=\"#Collapse-d3ceb506a048d09ec6b4\" aria-expanded=\"false\" aria-controls=\"Collapse-d3ceb506a048d09ec6b4\">\n                                                            <div class=\"ekit_accordion_icon_left_group\">\n                                    <div class=\"ekit_accordion_normal_icon\">\n                                        <!-- Normal Icon -->\n                                        <i class=\"icon icon-plus\"><\/i>                                    <\/div>\n\n                                    <div class=\"ekit_accordion_active_icon\">\n                                        <!-- Active Icon -->\n\t\t\t\t\t\t\t\t\t\t<i class=\"icon icon-minus\"><\/i>                                    <\/div>\n                                <\/div>\n\n                            \n                            <span class=\"ekit-accordion-title\">Ba\u015fvurum reddedilirse ne yapabilirim?<\/span>\n\n                            \n                                                    <\/a>\n                    <\/div>\n\n                    <div id=\"Collapse-d3ceb506a048d09ec6b4\" class=\" collapse\" aria-labelledby=\"primaryHeading-3-da20b61\" data-parent=\"#accordion-6a048d09ec6b4\">\n\n                        <div class=\"elementskit-card-body ekit-accordion--content\">\n                            <p>Ba\u015fvurunuz reddedilirse, reddedilme nedenlerini \u00f6\u011frenip eksiklerinizi gidererek yeniden ba\u015fvurabilirsiniz.<\/p>                        <\/div>\n\n                    <\/div>\n\n                <\/div><!-- .elementskit-card END -->\n\n                \n                <div class=\"elementskit-card \">\n                    <div class=\"elementskit-card-header\" id=\"primaryHeading-4-da20b61\">\n                        <a href=\"#collapse-3488b066a048d09ec6b4\" class=\"ekit-accordion--toggler elementskit-btn-link collapsed\" data-ekit-toggle=\"collapse\" data-target=\"#Collapse-3488b066a048d09ec6b4\" aria-expanded=\"false\" aria-controls=\"Collapse-3488b066a048d09ec6b4\">\n                                                            <div class=\"ekit_accordion_icon_left_group\">\n                                    <div class=\"ekit_accordion_normal_icon\">\n                                        <!-- Normal Icon -->\n                                        <i class=\"icon icon-plus\"><\/i>                                    <\/div>\n\n                                    <div class=\"ekit_accordion_active_icon\">\n                                        <!-- Active Icon -->\n\t\t\t\t\t\t\t\t\t\t<i class=\"icon icon-minus\"><\/i>                                    <\/div>\n                                <\/div>\n\n                            \n                            <span class=\"ekit-accordion-title\">B-1 vizesi ile ba\u015fka bir vizeye ge\u00e7i\u015f yapabilir miyim?<\/span>\n\n                            \n                                                    <\/a>\n                    <\/div>\n\n                    <div id=\"Collapse-3488b066a048d09ec6b4\" class=\" collapse\" aria-labelledby=\"primaryHeading-4-da20b61\" data-parent=\"#accordion-6a048d09ec6b4\">\n\n                        <div class=\"elementskit-card-body ekit-accordion--content\">\n                            <p>Evet, ABD'de ikamet ederken ba\u015fka bir vize t\u00fcr\u00fcne ge\u00e7i\u015f yapabilirsiniz, ancak bu s\u00fcre\u00e7 uzman rehberli\u011fi gerektirir.<\/p>                        <\/div>\n\n                    <\/div>\n\n                <\/div><!-- .elementskit-card END -->\n\n                                                        <script type=\"application\/ld+json\">{\"@context\":\"https:\/\/schema.org\",\"@type\":\"FAQPage\",\"mainEntity\":[{\"@type\":\"Question\",\"name\":\"B-1 vizesi ile ABD&#039;de \u00e7al\u0131\u015fabilir miyim?\",\"acceptedAnswer\":{\"@type\":\"Answer\",\"text\":\"<p>Hay\u0131r, B-1 vizesi yaln\u0131zca i\u015f gezileri i\u00e7in kullan\u0131l\u0131r ve \u00e7al\u0131\u015fma izni sa\u011flamaz.<\/p>\"}},{\"@type\":\"Question\",\"name\":\"B-1 vizesi ne kadar s\u00fcre ile ge\u00e7erlidir?\",\"acceptedAnswer\":{\"@type\":\"Answer\",\"text\":\"<p>Genellikle 6 ay s\u00fcreyle verilir ve gerekti\u011finde 1 y\u0131la kadar uzat\u0131labilir.<\/p>\"}},{\"@type\":\"Question\",\"name\":\"Aile \u00fcyelerim B-1 vizesi ile benimle ABD\u2019ye seyahat edebilir mi?\",\"acceptedAnswer\":{\"@type\":\"Answer\",\"text\":\"<p>Evet, e\u015finiz ve 21 ya\u015f alt\u0131ndaki \u00e7ocuklar\u0131n\u0131z B-2 Turist Vizesi alarak sizinle birlikte seyahat edebilir.<\/p>\"}},{\"@type\":\"Question\",\"name\":\"Ba\u015fvurum reddedilirse ne yapabilirim?\",\"acceptedAnswer\":{\"@type\":\"Answer\",\"text\":\"<p>Ba\u015fvurunuz reddedilirse, reddedilme nedenlerini \u00f6\u011frenip eksiklerinizi gidererek yeniden ba\u015fvurabilirsiniz.<\/p>\"}},{\"@type\":\"Question\",\"name\":\"B-1 vizesi ile ba\u015fka bir vizeye ge\u00e7i\u015f yapabilir miyim?\",\"acceptedAnswer\":{\"@type\":\"Answer\",\"text\":\"<p>Evet, ABD'de ikamet ederken ba\u015fka bir vize t\u00fcr\u00fcne ge\u00e7i\u015f yapabilirsiniz, ancak bu s\u00fcre\u00e7 uzman rehberli\u011fi gerektirir.<\/p>\"}}]}<\/script>\n                                <\/div>\n    <\/div>\t\t\t\t<\/div>\n\t\t\t\t\t<\/div>\n\t\t<\/div>\n\t\t\t\t\t<\/div>\n\t\t<\/section>\n\t\t\t\t<\/div>\n\t\t","protected":false},"excerpt":{"rendered":"<p>Anasayfa B-1 Vizesi, Amerika Birle\u015fik Devletleri&#8217;ne i\u015f gezileri, toplant\u0131lar, konferanslar ve ticari faaliyetler gibi i\u015f ama\u00e7l\u0131 seyahatler i\u00e7in verilen g\u00f6\u00e7men olmayan bir vize t\u00fcr\u00fcd\u00fcr. K\u0131sa s\u00fcreli i\u015f seyahatlerini kapsayan bu vize, i\u015f profesyonelleri i\u00e7in ideal bir \u00e7\u00f6z\u00fcmd\u00fcr. https:\/\/www.youtube.com\/watch?v=DXXrCxx3twA B-1 Vizesi Nedir? B-1 Vizesi\u00a0i\u015f gezisi amac\u0131yla ABD&#8217;ye seyahat etmek isteyen bireyler i\u00e7in tasarlanm\u0131\u015ft\u0131r. Bu vize t\u00fcr\u00fc, [&hellip;]<\/p>\n","protected":false},"author":1,"featured_media":5539,"parent":0,"menu_order":0,"comment_status":"closed","ping_status":"closed","template":"","meta":{"footnotes":""},"class_list":["post-5270","page","type-page","status-publish","has-post-thumbnail","hentry"],"_links":{"self":[{"href":"https:\/\/marsanakguclaw.com\/tr\/wp-json\/wp\/v2\/pages\/5270","targetHints":{"allow":["GET"]}}],"collection":[{"href":"https:\/\/marsanakguclaw.com\/tr\/wp-json\/wp\/v2\/pages"}],"about":[{"href":"https:\/\/marsanakguclaw.com\/tr\/wp-json\/wp\/v2\/types\/page"}],"author":[{"embeddable":true,"href":"https:\/\/marsanakguclaw.com\/tr\/wp-json\/wp\/v2\/users\/1"}],"replies":[{"embeddable":true,"href":"https:\/\/marsanakguclaw.com\/tr\/wp-json\/wp\/v2\/comments?post=5270"}],"version-history":[{"count":7,"href":"https:\/\/marsanakguclaw.com\/tr\/wp-json\/wp\/v2\/pages\/5270\/revisions"}],"predecessor-version":[{"id":5545,"href":"https:\/\/marsanakguclaw.com\/tr\/wp-json\/wp\/v2\/pages\/5270\/revisions\/5545"}],"wp:featuredmedia":[{"embeddable":true,"href":"https:\/\/marsanakguclaw.com\/tr\/wp-json\/wp\/v2\/media\/5539"}],"wp:attachment":[{"href":"https:\/\/marsanakguclaw.com\/tr\/wp-json\/wp\/v2\/media?parent=5270"}],"curies":[{"name":"wp","href":"https:\/\/api.w.org\/{rel}","templated":true}]}}