{"id":5411,"date":"2025-08-21T21:29:17","date_gmt":"2025-08-21T18:29:17","guid":{"rendered":"https:\/\/marsanakguclaw.com\/tr\/?page_id=5411"},"modified":"2025-08-24T13:22:15","modified_gmt":"2025-08-24T10:22:15","slug":"suc-magduru-vizesi","status":"publish","type":"page","link":"https:\/\/marsanakguclaw.com\/tr\/suc-magduru-vizesi\/","title":{"rendered":"Su\u00e7 Ma\u011fduru Vizesi"},"content":{"rendered":"\t\t<div data-elementor-type=\"wp-page\" data-elementor-id=\"5411\" class=\"elementor elementor-5411\" data-elementor-post-type=\"page\">\n\t\t\t\t\t\t<section class=\"elementor-section elementor-top-section elementor-element elementor-element-c2776f2 elementor-section-boxed elementor-section-height-default elementor-section-height-default\" data-id=\"c2776f2\" data-element_type=\"section\" data-e-type=\"section\">\n\t\t\t\t\t\t<div class=\"elementor-container elementor-column-gap-default\">\n\t\t\t\t\t<div class=\"elementor-column elementor-col-100 elementor-top-column elementor-element elementor-element-a21a0ab\" data-id=\"a21a0ab\" data-element_type=\"column\" data-e-type=\"column\">\n\t\t\t<div class=\"elementor-widget-wrap elementor-element-populated\">\n\t\t\t\t\t\t<div class=\"elementor-element elementor-element-13e4063 elementor-widget elementor-widget-breadcrumbs\" data-id=\"13e4063\" data-element_type=\"widget\" data-e-type=\"widget\" data-widget_type=\"breadcrumbs.default\">\n\t\t\t\t<div class=\"elementor-widget-container\">\n\t\t\t\t\t<span><span class=\"last\">Anasayfa<\/span><\/span>\t\t\t\t<\/div>\n\t\t\t\t<\/div>\n\t\t\t\t\t<\/div>\n\t\t<\/div>\n\t\t\t\t\t<\/div>\n\t\t<\/section>\n\t\t\t\t<section class=\"elementor-section elementor-top-section elementor-element elementor-element-910010e elementor-section-boxed elementor-section-height-default elementor-section-height-default\" data-id=\"910010e\" data-element_type=\"section\" data-e-type=\"section\">\n\t\t\t\t\t\t<div class=\"elementor-container elementor-column-gap-default\">\n\t\t\t\t\t<div class=\"elementor-column elementor-col-100 elementor-top-column elementor-element elementor-element-fce9753\" data-id=\"fce9753\" data-element_type=\"column\" data-e-type=\"column\">\n\t\t\t<div class=\"elementor-widget-wrap elementor-element-populated\">\n\t\t\t\t\t\t<div class=\"elementor-element elementor-element-36e7cab elementor-widget elementor-widget-image\" data-id=\"36e7cab\" data-element_type=\"widget\" data-e-type=\"widget\" data-widget_type=\"image.default\">\n\t\t\t\t\t\t\t\t\t\t\t\t\t\t\t<img fetchpriority=\"high\" decoding=\"async\" width=\"1200\" height=\"350\" src=\"https:\/\/marsanakguclaw.com\/tr\/wp-content\/uploads\/2025\/08\/Suc-Magduru-Vizesi.jpg\" class=\"attachment-full size-full wp-image-5610\" alt=\"\" srcset=\"https:\/\/marsanakguclaw.com\/tr\/wp-content\/uploads\/2025\/08\/Suc-Magduru-Vizesi.jpg 1200w, https:\/\/marsanakguclaw.com\/tr\/wp-content\/uploads\/2025\/08\/Suc-Magduru-Vizesi-300x88.jpg 300w, https:\/\/marsanakguclaw.com\/tr\/wp-content\/uploads\/2025\/08\/Suc-Magduru-Vizesi-1024x299.jpg 1024w, https:\/\/marsanakguclaw.com\/tr\/wp-content\/uploads\/2025\/08\/Suc-Magduru-Vizesi-768x224.jpg 768w\" sizes=\"(max-width: 1200px) 100vw, 1200px\" \/>\t\t\t\t\t\t\t\t\t\t\t\t\t\t\t<\/div>\n\t\t\t\t<div class=\"elementor-element elementor-element-e4d6485 elementor-nav-menu__align-start elementor-nav-menu--dropdown-none elementor-widget elementor-widget-nav-menu\" data-id=\"e4d6485\" data-element_type=\"widget\" data-e-type=\"widget\" data-settings=\"{&quot;layout&quot;:&quot;horizontal&quot;,&quot;submenu_icon&quot;:{&quot;value&quot;:&quot;&lt;svg aria-hidden=\\&quot;true\\&quot; class=\\&quot;e-font-icon-svg e-fas-caret-down\\&quot; viewBox=\\&quot;0 0 320 512\\&quot; xmlns=\\&quot;http:\\\/\\\/www.w3.org\\\/2000\\\/svg\\&quot;&gt;&lt;path d=\\&quot;M31.3 192h257.3c17.8 0 26.7 21.5 14.1 34.1L174.1 354.8c-7.8 7.8-20.5 7.8-28.3 0L17.2 226.1C4.6 213.5 13.5 192 31.3 192z\\&quot;&gt;&lt;\\\/path&gt;&lt;\\\/svg&gt;&quot;,&quot;library&quot;:&quot;fa-solid&quot;}}\" data-widget_type=\"nav-menu.default\">\n\t\t\t\t\t\t\t\t<nav aria-label=\"Men\u00fc\" class=\"elementor-nav-menu--main elementor-nav-menu__container elementor-nav-menu--layout-horizontal e--pointer-underline e--animation-fade\">\n\t\t\t\t<ul id=\"menu-1-e4d6485\" class=\"elementor-nav-menu\"><li class=\"menu-item menu-item-type-post_type menu-item-object-page menu-item-5424\"><a href=\"https:\/\/marsanakguclaw.com\/tr\/suc-magduru-vizesi\/\" class=\"elementor-item\">Su\u00e7 Ma\u011fduru Vizesi<\/a><\/li>\n<li class=\"menu-item menu-item-type-post_type menu-item-object-page menu-item-5423\"><a href=\"https:\/\/marsanakguclaw.com\/tr\/u-suc-magduru-vizesi\/\" class=\"elementor-item\">U Su\u00e7 Ma\u011fduru Vizesi<\/a><\/li>\n<\/ul>\t\t\t<\/nav>\n\t\t\t\t\t\t<nav class=\"elementor-nav-menu--dropdown elementor-nav-menu__container\" aria-hidden=\"true\">\n\t\t\t\t<ul id=\"menu-2-e4d6485\" class=\"elementor-nav-menu\"><li class=\"menu-item menu-item-type-post_type menu-item-object-page menu-item-5424\"><a href=\"https:\/\/marsanakguclaw.com\/tr\/suc-magduru-vizesi\/\" class=\"elementor-item\" tabindex=\"-1\">Su\u00e7 Ma\u011fduru Vizesi<\/a><\/li>\n<li class=\"menu-item menu-item-type-post_type menu-item-object-page menu-item-5423\"><a href=\"https:\/\/marsanakguclaw.com\/tr\/u-suc-magduru-vizesi\/\" class=\"elementor-item\" tabindex=\"-1\">U Su\u00e7 Ma\u011fduru Vizesi<\/a><\/li>\n<\/ul>\t\t\t<\/nav>\n\t\t\t\t\t\t<\/div>\n\t\t\t\t\t<\/div>\n\t\t<\/div>\n\t\t\t\t\t<\/div>\n\t\t<\/section>\n\t\t\t\t<section class=\"elementor-section elementor-top-section elementor-element elementor-element-a785860 elementor-section-boxed elementor-section-height-default elementor-section-height-default\" data-id=\"a785860\" data-element_type=\"section\" data-e-type=\"section\">\n\t\t\t\t\t\t<div class=\"elementor-container elementor-column-gap-default\">\n\t\t\t\t\t<div class=\"elementor-column elementor-col-100 elementor-top-column elementor-element elementor-element-4079254\" data-id=\"4079254\" data-element_type=\"column\" data-e-type=\"column\">\n\t\t\t<div class=\"elementor-widget-wrap elementor-element-populated\">\n\t\t\t\t\t\t<section class=\"elementor-section elementor-inner-section elementor-element elementor-element-73664ce elementor-section-boxed elementor-section-height-default elementor-section-height-default\" data-id=\"73664ce\" data-element_type=\"section\" data-e-type=\"section\">\n\t\t\t\t\t\t<div class=\"elementor-container elementor-column-gap-default\">\n\t\t\t\t\t<div class=\"elementor-column elementor-col-100 elementor-inner-column elementor-element elementor-element-43719ee\" data-id=\"43719ee\" data-element_type=\"column\" data-e-type=\"column\" data-settings=\"{&quot;background_background&quot;:&quot;classic&quot;}\">\n\t\t\t<div class=\"elementor-widget-wrap elementor-element-populated\">\n\t\t\t\t\t\t<div class=\"elementor-element elementor-element-67771ca elementor-widget elementor-widget-heading\" data-id=\"67771ca\" data-element_type=\"widget\" data-e-type=\"widget\" data-widget_type=\"heading.default\">\n\t\t\t\t\t<h2 class=\"elementor-heading-title elementor-size-default\">Su\u00e7 Ma\u011fduru Vizesi Nedir?<\/h2>\t\t\t\t<\/div>\n\t\t\t\t\t<\/div>\n\t\t<\/div>\n\t\t\t\t\t<\/div>\n\t\t<\/section>\n\t\t\t\t<div class=\"elementor-element elementor-element-61546a8 elementor-widget elementor-widget-text-editor\" data-id=\"61546a8\" data-element_type=\"widget\" data-e-type=\"widget\" data-widget_type=\"text-editor.default\">\n\t\t\t\t\t\t\t\t\t<p>Su\u00e7 Ma\u011fduru Vizesi, <strong>ABD\u2019de belirli su\u00e7lardan ma\u011fdur olmu\u015f bireylerin g\u00f6\u00e7men olmayan stat\u00fcde ABD\u2019de kalmalar\u0131n\u0131 ve su\u00e7un soru\u015fturulmas\u0131na yard\u0131mc\u0131 olmalar\u0131n\u0131 sa\u011flamak amac\u0131yla verilen \u00f6zel bir vize t\u00fcr\u00fcd\u00fcr.<\/strong>\u00a0Su\u00e7 Ma\u011fduru Vizesi\u00a0ma\u011fdurlara s\u0131n\u0131r d\u0131\u015f\u0131 edilme korkusu olmadan su\u00e7u bildirme ve adaleti sa\u011flama s\u00fcrecine katk\u0131da bulunma imkan\u0131 tan\u0131r.<\/p>\t\t\t\t\t\t\t\t<\/div>\n\t\t\t\t<div class=\"elementor-element elementor-element-b8f31f7 elementor-widget elementor-widget-video\" data-id=\"b8f31f7\" data-element_type=\"widget\" data-e-type=\"widget\" data-settings=\"{&quot;youtube_url&quot;:&quot;https:\\\/\\\/www.youtube.com\\\/watch?v=7ZF8lKRm5Zk&quot;,&quot;video_type&quot;:&quot;youtube&quot;,&quot;controls&quot;:&quot;yes&quot;}\" data-widget_type=\"video.default\">\n\t\t\t\t\t\t\t<div class=\"elementor-wrapper elementor-open-inline\">\n\t\t\t<div class=\"elementor-video\"><\/div>\t\t<\/div>\n\t\t\t\t\t\t<\/div>\n\t\t\t\t<section class=\"elementor-section elementor-inner-section elementor-element elementor-element-bdafe8c elementor-section-boxed elementor-section-height-default elementor-section-height-default\" data-id=\"bdafe8c\" data-element_type=\"section\" data-e-type=\"section\">\n\t\t\t\t\t\t<div class=\"elementor-container elementor-column-gap-default\">\n\t\t\t\t\t<div class=\"elementor-column elementor-col-100 elementor-inner-column elementor-element elementor-element-4ec0de9\" data-id=\"4ec0de9\" data-element_type=\"column\" data-e-type=\"column\" data-settings=\"{&quot;background_background&quot;:&quot;classic&quot;}\">\n\t\t\t<div class=\"elementor-widget-wrap elementor-element-populated\">\n\t\t\t\t\t\t<div class=\"elementor-element elementor-element-b0d2708 elementor-widget elementor-widget-heading\" data-id=\"b0d2708\" data-element_type=\"widget\" data-e-type=\"widget\" data-widget_type=\"heading.default\">\n\t\t\t\t\t<h2 class=\"elementor-heading-title elementor-size-default\">Su\u00e7 Ma\u011fduru Vizesi \u015eartlar\u0131<\/h2>\t\t\t\t<\/div>\n\t\t\t\t\t<\/div>\n\t\t<\/div>\n\t\t\t\t\t<\/div>\n\t\t<\/section>\n\t\t\t\t<div class=\"elementor-element elementor-element-a0c186b elementor-widget elementor-widget-text-editor\" data-id=\"a0c186b\" data-element_type=\"widget\" data-e-type=\"widget\" data-widget_type=\"text-editor.default\">\n\t\t\t\t\t\t\t\t\t<ul><li><strong>Belirli Bir Su\u00e7tan Ma\u011fdur Olmak<\/strong>: Ba\u015fvuru sahibi, ABD\u2019de i\u015flenmi\u015f belirli bir su\u00e7un ma\u011fduru olmal\u0131d\u0131r.<\/li><li><strong>Fiziksel veya Ruhsal Zarar<\/strong>: Ma\u011fduriyet nedeniyle \u00f6nemli fiziksel veya psikolojik zarar g\u00f6rm\u00fc\u015f olmal\u0131d\u0131r.<\/li><li><strong>Yetkililerle \u0130\u015f Birli\u011fi<\/strong>: Kolluk kuvvetleri ve adalet sistemine su\u00e7un soru\u015fturulmas\u0131 veya kovu\u015fturulmas\u0131nda yard\u0131mc\u0131 olmu\u015f veya olmaya istekli olmal\u0131d\u0131r.<\/li><\/ul>\t\t\t\t\t\t\t\t<\/div>\n\t\t\t\t<section class=\"elementor-section elementor-inner-section elementor-element elementor-element-6e49a0f elementor-section-boxed elementor-section-height-default elementor-section-height-default\" data-id=\"6e49a0f\" data-element_type=\"section\" data-e-type=\"section\">\n\t\t\t\t\t\t<div class=\"elementor-container elementor-column-gap-default\">\n\t\t\t\t\t<div class=\"elementor-column elementor-col-100 elementor-inner-column elementor-element elementor-element-2d823bc\" data-id=\"2d823bc\" data-element_type=\"column\" data-e-type=\"column\" data-settings=\"{&quot;background_background&quot;:&quot;classic&quot;}\">\n\t\t\t<div class=\"elementor-widget-wrap elementor-element-populated\">\n\t\t\t\t\t\t<div class=\"elementor-element elementor-element-c637e8e elementor-widget elementor-widget-heading\" data-id=\"c637e8e\" data-element_type=\"widget\" data-e-type=\"widget\" data-widget_type=\"heading.default\">\n\t\t\t\t\t<h2 class=\"elementor-heading-title elementor-size-default\">Su\u00e7 Ma\u011fduru Vizesi Ba\u015fvuru S\u00fcreci<\/h2>\t\t\t\t<\/div>\n\t\t\t\t\t<\/div>\n\t\t<\/div>\n\t\t\t\t\t<\/div>\n\t\t<\/section>\n\t\t\t\t<div class=\"elementor-element elementor-element-f99d202 elementor-widget elementor-widget-text-editor\" data-id=\"f99d202\" data-element_type=\"widget\" data-e-type=\"widget\" data-widget_type=\"text-editor.default\">\n\t\t\t\t\t\t\t\t\t<h4><strong>Uygunluk Belirleme<\/strong><\/h4><p>Ba\u015fvuru sahibi, kolluk kuvvetlerinden veya yetkili kamu kurulu\u015flar\u0131ndan su\u00e7un ma\u011fduru oldu\u011funa dair\u00a0<em>I-918 Supplement B<\/em>\u00a0formunu almal\u0131d\u0131r. Bu belge, yetkililerle i\u015f birli\u011fi yapt\u0131\u011f\u0131n\u0131 veya yapaca\u011f\u0131n\u0131 g\u00f6sterir.<\/p><h4><strong>Ba\u015fvuru Belgelerinin Haz\u0131rlanmas\u0131<\/strong><\/h4><p>Ba\u015fvuru i\u00e7in\u00a0<em>I-918<\/em>\u00a0formu doldurulmal\u0131 ve destekleyici belgeler toplanmal\u0131d\u0131r. Bu belgeler aras\u0131nda:<\/p><ul><li>Su\u00e7un ma\u011fduru oldu\u011funuzu kan\u0131tlayan belgeler (polis raporlar\u0131, mahkeme kararlar\u0131 vb.).<\/li><li>Fiziksel veya psikolojik zarar g\u00f6rd\u00fc\u011f\u00fcn\u00fcz\u00fc kan\u0131tlayan belgeler.<\/li><li>Ki\u015fisel beyan\u0131n\u0131z.<\/li><\/ul><h4><strong>Ba\u015fvuru ve \u00c7al\u0131\u015fma \u0130zni<\/strong><\/h4><p>Ba\u015fvuru s\u0131ras\u0131nda \u00e7al\u0131\u015fma izni i\u00e7in\u00a0<em>I-765<\/em>\u00a0formu da sunulabilir. B\u00f6ylece ba\u015fvuru s\u00fcrecinde \u00e7al\u0131\u015fma hakk\u0131 elde edebilirsiniz.<\/p><h4><strong>Sonu\u00e7 Bekleme ve Onay<\/strong><\/h4><p><strong>Su\u00e7 Ma\u011fduru Vizesi<\/strong>\u00a0y\u0131ll\u0131k 10.000 ki\u015fiyle s\u0131n\u0131rl\u0131d\u0131r. Onayland\u0131\u011f\u0131nda vize sahibi, d\u00f6rt y\u0131l boyunca ABD\u2019de kalabilir ve \u00e7al\u0131\u015fabilir. \u00dc\u00e7 y\u0131l\u0131n ard\u0131ndan ye\u015fil karta (Green Card) ba\u015fvurma hakk\u0131 kazan\u0131r.<\/p><h4><strong>Su\u00e7 Ma\u011fduru Vizesi ile Green Card Alma<\/strong><\/h4><p>Su\u00e7 Ma\u011fduru Vizesi sahibi ABD\u2019de \u00fc\u00e7 y\u0131l kald\u0131ktan sonra ye\u015fil kart i\u00e7in ba\u015fvurabilir. Bunun i\u00e7in:<\/p><ul><li>ABD\u2019de s\u00fcrekli olarak \u00fc\u00e7 y\u0131l ikamet etmi\u015f olmal\u0131.<\/li><li>G\u00f6\u00e7menlik stat\u00fcs\u00fcn\u00fcn sona ermesinin, a\u015f\u0131r\u0131 bir s\u0131k\u0131nt\u0131ya neden olaca\u011f\u0131n\u0131 kan\u0131tlamal\u0131.<\/li><\/ul>\t\t\t\t\t\t\t\t<\/div>\n\t\t\t\t\t<\/div>\n\t\t<\/div>\n\t\t\t\t\t<\/div>\n\t\t<\/section>\n\t\t\t\t<\/div>\n\t\t","protected":false},"excerpt":{"rendered":"<p>Anasayfa Su\u00e7 Ma\u011fduru Vizesi Nedir? Su\u00e7 Ma\u011fduru Vizesi, ABD\u2019de belirli su\u00e7lardan ma\u011fdur olmu\u015f bireylerin g\u00f6\u00e7men olmayan stat\u00fcde ABD\u2019de kalmalar\u0131n\u0131 ve su\u00e7un soru\u015fturulmas\u0131na yard\u0131mc\u0131 olmalar\u0131n\u0131 sa\u011flamak amac\u0131yla verilen \u00f6zel bir vize t\u00fcr\u00fcd\u00fcr.\u00a0Su\u00e7 Ma\u011fduru Vizesi\u00a0ma\u011fdurlara s\u0131n\u0131r d\u0131\u015f\u0131 edilme korkusu olmadan su\u00e7u bildirme ve adaleti sa\u011flama s\u00fcrecine katk\u0131da bulunma imkan\u0131 tan\u0131r. https:\/\/www.youtube.com\/watch?v=7ZF8lKRm5Zk Su\u00e7 Ma\u011fduru Vizesi \u015eartlar\u0131 Belirli Bir [&hellip;]<\/p>\n","protected":false},"author":1,"featured_media":5610,"parent":0,"menu_order":0,"comment_status":"closed","ping_status":"closed","template":"","meta":{"footnotes":""},"class_list":["post-5411","page","type-page","status-publish","has-post-thumbnail","hentry"],"_links":{"self":[{"href":"https:\/\/marsanakguclaw.com\/tr\/wp-json\/wp\/v2\/pages\/5411","targetHints":{"allow":["GET"]}}],"collection":[{"href":"https:\/\/marsanakguclaw.com\/tr\/wp-json\/wp\/v2\/pages"}],"about":[{"href":"https:\/\/marsanakguclaw.com\/tr\/wp-json\/wp\/v2\/types\/page"}],"author":[{"embeddable":true,"href":"https:\/\/marsanakguclaw.com\/tr\/wp-json\/wp\/v2\/users\/1"}],"replies":[{"embeddable":true,"href":"https:\/\/marsanakguclaw.com\/tr\/wp-json\/wp\/v2\/comments?post=5411"}],"version-history":[{"count":10,"href":"https:\/\/marsanakguclaw.com\/tr\/wp-json\/wp\/v2\/pages\/5411\/revisions"}],"predecessor-version":[{"id":5617,"href":"https:\/\/marsanakguclaw.com\/tr\/wp-json\/wp\/v2\/pages\/5411\/revisions\/5617"}],"wp:featuredmedia":[{"embeddable":true,"href":"https:\/\/marsanakguclaw.com\/tr\/wp-json\/wp\/v2\/media\/5610"}],"wp:attachment":[{"href":"https:\/\/marsanakguclaw.com\/tr\/wp-json\/wp\/v2\/media?parent=5411"}],"curies":[{"name":"wp","href":"https:\/\/api.w.org\/{rel}","templated":true}]}}